{"id":600,"date":"2020-11-02T15:44:44","date_gmt":"2020-11-02T14:44:44","guid":{"rendered":"https:\/\/rali.fr\/blog-fr\/?post_type=product&#038;p=600"},"modified":"2025-05-22T16:00:10","modified_gmt":"2025-05-22T14:00:10","slug":"ciseaux-bois-rali-shark-case","status":"publish","type":"product","link":"https:\/\/rali.fr\/blog-fr\/produit\/ciseaux-bois-rali-shark-case\/","title":{"rendered":"RALI Shark Case"},"content":{"rendered":"<p>Valise avec 3 ciseaux \u00e0 bois multifonctions \u00e0 lames interchangeables, \u00e0 utiliser comme un ciseau \u00e0 bois traditionnel. 9 largeurs de coupe: 10, 12, 14, 18, 20, 22, 25, 30 et 40mm avec 3 outils. Economie de place et de poids dans la caisse \u00e0 outils: 3 porte-outil au lieu de 9 ciseaux. Et de plus, un outil toujours parfaitement aiguis\u00e9. Le changement de couteau s&rsquo;effectue en quelques secondes. Les couteaux amovibles sont r\u00e9affutables. Le RALI Shark L sert de racloir \u00e0 l&rsquo;aide de son adaptateur pour couteaux TERSA(r). Gr\u00e2ce \u00e0 ses 3 adaptateurs pour lames de scie standard (forme T) il remplace la scie sauteuse, que ce soit pour le bois, les mati\u00e8res plastiques, l&rsquo;aluminium ou l&rsquo;acier. La valise permet de stocker toutes les lames de mani\u00e8re tr\u00e8s pratique.<\/p>\n","protected":false},"excerpt":{"rendered":"<p>La totale en version large, fourni avec L&rsquo;ensemble des ciseaux RALI Shark dans un coffret unique livr\u00e9 avec 14 accessoires.<\/p>\n","protected":false},"featured_media":602,"comment_status":"open","ping_status":"closed","template":"","meta":[],"product_brand":[],"product_cat":[26],"product_tag":[],"class_list":{"0":"post-600","1":"product","2":"type-product","3":"status-publish","4":"has-post-thumbnail","6":"product_cat-ciseaux","8":"first","9":"instock","10":"taxable","11":"shipping-taxable","12":"purchasable","13":"product-type-simple"},"yoast_head":"<!-- This site is optimized with the Yoast SEO plugin v25.3 - https:\/\/yoast.com\/wordpress\/plugins\/seo\/ -->\n<title>Coffret ciseaux \u00e0 bois multifonctions RALI Shark Case<\/title>\n<meta name=\"description\" content=\"Coffret complet de ciseaux \u00e0 bois multifonctions. Pour couper, racler, scier. Gr\u00e2ce au syst\u00e8me de lames interchangeables RALI, vous aurez 13 outils en 1.\" \/>\n<meta name=\"robots\" content=\"index, follow, max-snippet:-1, max-image-preview:large, max-video-preview:-1\" \/>\n<link rel=\"canonical\" href=\"https:\/\/rali.fr\/blog-fr\/produit\/ciseaux-bois-rali-shark-case\/\" \/>\n<meta property=\"og:locale\" content=\"fr_FR\" \/>\n<meta property=\"og:type\" content=\"article\" \/>\n<meta property=\"og:title\" content=\"Coffret ciseaux \u00e0 bois multifonctions RALI Shark Case\" \/>\n<meta property=\"og:description\" content=\"Coffret complet de ciseaux \u00e0 bois multifonctions. Pour couper, racler, scier. Gr\u00e2ce au syst\u00e8me de lames interchangeables RALI, vous aurez 13 outils en 1.\" \/>\n<meta property=\"og:url\" content=\"https:\/\/rali.fr\/blog-fr\/produit\/ciseaux-bois-rali-shark-case\/\" \/>\n<meta property=\"og:site_name\" content=\"RALI outils bois pour les pros\" \/>\n<meta property=\"article:publisher\" content=\"https:\/\/www.facebook.com\/raliswiss\" \/>\n<meta property=\"article:modified_time\" content=\"2025-05-22T14:00:10+00:00\" \/>\n<meta property=\"og:image\" content=\"https:\/\/rali.fr\/blog-fr\/wp-content\/uploads\/2020\/11\/valise_shark_1.jpg\" \/>\n\t<meta property=\"og:image:width\" content=\"460\" \/>\n\t<meta property=\"og:image:height\" content=\"322\" \/>\n\t<meta property=\"og:image:type\" content=\"image\/jpeg\" \/>\n<meta name=\"twitter:card\" content=\"summary_large_image\" \/>\n<meta name=\"twitter:label1\" content=\"Dur\u00e9e de lecture estim\u00e9e\" \/>\n\t<meta name=\"twitter:data1\" content=\"1 minute\" \/>\n<script type=\"application\/ld+json\" class=\"yoast-schema-graph\">{\"@context\":\"https:\/\/schema.org\",\"@graph\":[{\"@type\":\"WebPage\",\"@id\":\"https:\/\/rali.fr\/blog-fr\/produit\/ciseaux-bois-rali-shark-case\/\",\"url\":\"https:\/\/rali.fr\/blog-fr\/produit\/ciseaux-bois-rali-shark-case\/\",\"name\":\"Coffret ciseaux \u00e0 bois multifonctions RALI Shark Case\",\"isPartOf\":{\"@id\":\"https:\/\/rali.fr\/blog-fr\/#website\"},\"primaryImageOfPage\":{\"@id\":\"https:\/\/rali.fr\/blog-fr\/produit\/ciseaux-bois-rali-shark-case\/#primaryimage\"},\"image\":{\"@id\":\"https:\/\/rali.fr\/blog-fr\/produit\/ciseaux-bois-rali-shark-case\/#primaryimage\"},\"thumbnailUrl\":\"https:\/\/rali.fr\/blog-fr\/wp-content\/uploads\/2020\/11\/valise_shark_1.jpg\",\"datePublished\":\"2020-11-02T14:44:44+00:00\",\"dateModified\":\"2025-05-22T14:00:10+00:00\",\"description\":\"Coffret complet de ciseaux \u00e0 bois multifonctions. Pour couper, racler, scier. Gr\u00e2ce au syst\u00e8me de lames interchangeables RALI, vous aurez 13 outils en 1.\",\"breadcrumb\":{\"@id\":\"https:\/\/rali.fr\/blog-fr\/produit\/ciseaux-bois-rali-shark-case\/#breadcrumb\"},\"inLanguage\":\"fr-FR\",\"potentialAction\":[{\"@type\":\"ReadAction\",\"target\":[\"https:\/\/rali.fr\/blog-fr\/produit\/ciseaux-bois-rali-shark-case\/\"]}]},{\"@type\":\"ImageObject\",\"inLanguage\":\"fr-FR\",\"@id\":\"https:\/\/rali.fr\/blog-fr\/produit\/ciseaux-bois-rali-shark-case\/#primaryimage\",\"url\":\"https:\/\/rali.fr\/blog-fr\/wp-content\/uploads\/2020\/11\/valise_shark_1.jpg\",\"contentUrl\":\"https:\/\/rali.fr\/blog-fr\/wp-content\/uploads\/2020\/11\/valise_shark_1.jpg\",\"width\":460,\"height\":322},{\"@type\":\"BreadcrumbList\",\"@id\":\"https:\/\/rali.fr\/blog-fr\/produit\/ciseaux-bois-rali-shark-case\/#breadcrumb\",\"itemListElement\":[{\"@type\":\"ListItem\",\"position\":1,\"name\":\"Shop -copie\",\"item\":\"https:\/\/rali.fr\/blog-fr\/shop-2\/\"},{\"@type\":\"ListItem\",\"position\":2,\"name\":\"RALI Shark Case\"}]},{\"@type\":\"WebSite\",\"@id\":\"https:\/\/rali.fr\/blog-fr\/#website\",\"url\":\"https:\/\/rali.fr\/blog-fr\/\",\"name\":\"RALI outils bois pour les pros\",\"description\":\"Les outils bois pour les passionn\u00e9s\",\"publisher\":{\"@id\":\"https:\/\/rali.fr\/blog-fr\/#organization\"},\"potentialAction\":[{\"@type\":\"SearchAction\",\"target\":{\"@type\":\"EntryPoint\",\"urlTemplate\":\"https:\/\/rali.fr\/blog-fr\/?s={search_term_string}\"},\"query-input\":{\"@type\":\"PropertyValueSpecification\",\"valueRequired\":true,\"valueName\":\"search_term_string\"}}],\"inLanguage\":\"fr-FR\"},{\"@type\":\"Organization\",\"@id\":\"https:\/\/rali.fr\/blog-fr\/#organization\",\"name\":\"RALI\",\"url\":\"https:\/\/rali.fr\/blog-fr\/\",\"logo\":{\"@type\":\"ImageObject\",\"inLanguage\":\"fr-FR\",\"@id\":\"https:\/\/rali.fr\/blog-fr\/#\/schema\/logo\/image\/\",\"url\":\"https:\/\/rali.fr\/blog-fr\/wp-content\/uploads\/2026\/04\/rali_logo_color_FR.gif\",\"contentUrl\":\"https:\/\/rali.fr\/blog-fr\/wp-content\/uploads\/2026\/04\/rali_logo_color_FR.gif\",\"width\":1000,\"height\":470,\"caption\":\"RALI\"},\"image\":{\"@id\":\"https:\/\/rali.fr\/blog-fr\/#\/schema\/logo\/image\/\"},\"sameAs\":[\"https:\/\/www.facebook.com\/raliswiss\"]}]}<\/script>\n<!-- \/ Yoast SEO plugin. -->","yoast_head_json":{"title":"Coffret ciseaux \u00e0 bois multifonctions RALI Shark Case","description":"Coffret complet de ciseaux \u00e0 bois multifonctions. Pour couper, racler, scier. Gr\u00e2ce au syst\u00e8me de lames interchangeables RALI, vous aurez 13 outils en 1.","robots":{"index":"index","follow":"follow","max-snippet":"max-snippet:-1","max-image-preview":"max-image-preview:large","max-video-preview":"max-video-preview:-1"},"canonical":"https:\/\/rali.fr\/blog-fr\/produit\/ciseaux-bois-rali-shark-case\/","og_locale":"fr_FR","og_type":"article","og_title":"Coffret ciseaux \u00e0 bois multifonctions RALI Shark Case","og_description":"Coffret complet de ciseaux \u00e0 bois multifonctions. Pour couper, racler, scier. Gr\u00e2ce au syst\u00e8me de lames interchangeables RALI, vous aurez 13 outils en 1.","og_url":"https:\/\/rali.fr\/blog-fr\/produit\/ciseaux-bois-rali-shark-case\/","og_site_name":"RALI outils bois pour les pros","article_publisher":"https:\/\/www.facebook.com\/raliswiss","article_modified_time":"2025-05-22T14:00:10+00:00","og_image":[{"width":460,"height":322,"url":"https:\/\/rali.fr\/blog-fr\/wp-content\/uploads\/2020\/11\/valise_shark_1.jpg","type":"image\/jpeg"}],"twitter_card":"summary_large_image","twitter_misc":{"Dur\u00e9e de lecture estim\u00e9e":"1 minute"},"schema":{"@context":"https:\/\/schema.org","@graph":[{"@type":"WebPage","@id":"https:\/\/rali.fr\/blog-fr\/produit\/ciseaux-bois-rali-shark-case\/","url":"https:\/\/rali.fr\/blog-fr\/produit\/ciseaux-bois-rali-shark-case\/","name":"Coffret ciseaux \u00e0 bois multifonctions RALI Shark Case","isPartOf":{"@id":"https:\/\/rali.fr\/blog-fr\/#website"},"primaryImageOfPage":{"@id":"https:\/\/rali.fr\/blog-fr\/produit\/ciseaux-bois-rali-shark-case\/#primaryimage"},"image":{"@id":"https:\/\/rali.fr\/blog-fr\/produit\/ciseaux-bois-rali-shark-case\/#primaryimage"},"thumbnailUrl":"https:\/\/rali.fr\/blog-fr\/wp-content\/uploads\/2020\/11\/valise_shark_1.jpg","datePublished":"2020-11-02T14:44:44+00:00","dateModified":"2025-05-22T14:00:10+00:00","description":"Coffret complet de ciseaux \u00e0 bois multifonctions. Pour couper, racler, scier. Gr\u00e2ce au syst\u00e8me de lames interchangeables RALI, vous aurez 13 outils en 1.","breadcrumb":{"@id":"https:\/\/rali.fr\/blog-fr\/produit\/ciseaux-bois-rali-shark-case\/#breadcrumb"},"inLanguage":"fr-FR","potentialAction":[{"@type":"ReadAction","target":["https:\/\/rali.fr\/blog-fr\/produit\/ciseaux-bois-rali-shark-case\/"]}]},{"@type":"ImageObject","inLanguage":"fr-FR","@id":"https:\/\/rali.fr\/blog-fr\/produit\/ciseaux-bois-rali-shark-case\/#primaryimage","url":"https:\/\/rali.fr\/blog-fr\/wp-content\/uploads\/2020\/11\/valise_shark_1.jpg","contentUrl":"https:\/\/rali.fr\/blog-fr\/wp-content\/uploads\/2020\/11\/valise_shark_1.jpg","width":460,"height":322},{"@type":"BreadcrumbList","@id":"https:\/\/rali.fr\/blog-fr\/produit\/ciseaux-bois-rali-shark-case\/#breadcrumb","itemListElement":[{"@type":"ListItem","position":1,"name":"Shop -copie","item":"https:\/\/rali.fr\/blog-fr\/shop-2\/"},{"@type":"ListItem","position":2,"name":"RALI Shark Case"}]},{"@type":"WebSite","@id":"https:\/\/rali.fr\/blog-fr\/#website","url":"https:\/\/rali.fr\/blog-fr\/","name":"RALI outils bois pour les pros","description":"Les outils bois pour les passionn\u00e9s","publisher":{"@id":"https:\/\/rali.fr\/blog-fr\/#organization"},"potentialAction":[{"@type":"SearchAction","target":{"@type":"EntryPoint","urlTemplate":"https:\/\/rali.fr\/blog-fr\/?s={search_term_string}"},"query-input":{"@type":"PropertyValueSpecification","valueRequired":true,"valueName":"search_term_string"}}],"inLanguage":"fr-FR"},{"@type":"Organization","@id":"https:\/\/rali.fr\/blog-fr\/#organization","name":"RALI","url":"https:\/\/rali.fr\/blog-fr\/","logo":{"@type":"ImageObject","inLanguage":"fr-FR","@id":"https:\/\/rali.fr\/blog-fr\/#\/schema\/logo\/image\/","url":"https:\/\/rali.fr\/blog-fr\/wp-content\/uploads\/2026\/04\/rali_logo_color_FR.gif","contentUrl":"https:\/\/rali.fr\/blog-fr\/wp-content\/uploads\/2026\/04\/rali_logo_color_FR.gif","width":1000,"height":470,"caption":"RALI"},"image":{"@id":"https:\/\/rali.fr\/blog-fr\/#\/schema\/logo\/image\/"},"sameAs":["https:\/\/www.facebook.com\/raliswiss"]}]}},"_links":{"self":[{"href":"https:\/\/rali.fr\/blog-fr\/wp-json\/wp\/v2\/product\/600","targetHints":{"allow":["GET"]}}],"collection":[{"href":"https:\/\/rali.fr\/blog-fr\/wp-json\/wp\/v2\/product"}],"about":[{"href":"https:\/\/rali.fr\/blog-fr\/wp-json\/wp\/v2\/types\/product"}],"replies":[{"embeddable":true,"href":"https:\/\/rali.fr\/blog-fr\/wp-json\/wp\/v2\/comments?post=600"}],"wp:featuredmedia":[{"embeddable":true,"href":"https:\/\/rali.fr\/blog-fr\/wp-json\/wp\/v2\/media\/602"}],"wp:attachment":[{"href":"https:\/\/rali.fr\/blog-fr\/wp-json\/wp\/v2\/media?parent=600"}],"wp:term":[{"taxonomy":"product_brand","embeddable":true,"href":"https:\/\/rali.fr\/blog-fr\/wp-json\/wp\/v2\/product_brand?post=600"},{"taxonomy":"product_cat","embeddable":true,"href":"https:\/\/rali.fr\/blog-fr\/wp-json\/wp\/v2\/product_cat?post=600"},{"taxonomy":"product_tag","embeddable":true,"href":"https:\/\/rali.fr\/blog-fr\/wp-json\/wp\/v2\/product_tag?post=600"}],"curies":[{"name":"wp","href":"https:\/\/api.w.org\/{rel}","templated":true}]}}