{"id":569,"date":"2020-10-28T17:38:51","date_gmt":"2020-10-28T16:38:51","guid":{"rendered":"https:\/\/rali.fr\/blog-fr\/?post_type=product&#038;p=569"},"modified":"2025-05-22T16:00:10","modified_gmt":"2025-05-22T14:00:10","slug":"rali-shark-exclusive","status":"publish","type":"product","link":"https:\/\/rali.fr\/blog-fr\/produit\/rali-shark-exclusive\/","title":{"rendered":"Rali Shark Exclusive"},"content":{"rendered":"<p>Economie de place et de poids dans la caisse \u00e0 outils: un porte-outil au lieu de 3 ciseaux ! De plus, ils sont toujours parfaitement aiguis\u00e9s\/op\u00e9rationnels. Le changement de couteau s&rsquo;effectue en quelques secondes. Les couteaux amovibles sont r\u00e9aff\u00fbtables.<br \/>\nDes adaptateurs sont fournis dans ce coffret exclusif afin de pouvoir rajouter deux fonctions suppl\u00e9mentaires : Racler et Couper.<br \/>\nCette mallette int\u00e8gre encore plus d&rsquo;accessoires (par rapport \u00e0 la mallette Shark Case standard) dont 1 racloir, 3 adaptateurs pour lames de scies standards ainsi qu&rsquo;en suppl\u00e9ment 2 couteaux pour chaque largeur, 3 lames de scie sauteuse Bosch professionnelles (bois, alu et acier) et une lame m\u00e9tal dur 50mm pour le racloir viennent compl\u00e9ter ce coffret.<br \/>\nVos outils et accessoires sont ainsi bien rang\u00e9s, bien prot\u00e9ger dans une petite mallette facilement transportable.<br \/>\nVersion Exclusive avec design noir r\u00e9serv\u00e9es pour les professionnels et amateurs exigeants.<\/p>\n","protected":false},"excerpt":{"rendered":"<p>Efficacit\u00e9 maximale, encombrement minimal, nouveau design, fourni avec 36 accessoires. 25% d&rsquo;\u00e9conomies sur les lames suppl\u00e9mentaires<\/p>\n","protected":false},"featured_media":553,"comment_status":"open","ping_status":"closed","template":"","meta":[],"product_brand":[],"product_cat":[26],"product_tag":[],"class_list":{"0":"post-569","1":"product","2":"type-product","3":"status-publish","4":"has-post-thumbnail","6":"product_cat-ciseaux","8":"first","9":"instock","10":"sale","11":"taxable","12":"shipping-taxable","13":"purchasable","14":"product-type-simple"},"yoast_head":"<!-- This site is optimized with the Yoast SEO plugin v25.3 - https:\/\/yoast.com\/wordpress\/plugins\/seo\/ -->\n<title>Coffret ciseaux \u00e0 bois multifonctions RALI Shark Exclusive<\/title>\n<meta name=\"description\" content=\"Coffret complet de ciseaux \u00e0 bois multifonctions. Pour couper, racler, scier. Gr\u00e2ce au syst\u00e8me de lames interchangeables RALI, vous aurez 13 outils en 1.\" \/>\n<meta name=\"robots\" content=\"index, follow, max-snippet:-1, max-image-preview:large, max-video-preview:-1\" \/>\n<link rel=\"canonical\" href=\"https:\/\/rali.fr\/blog-fr\/produit\/rali-shark-exclusive\/\" \/>\n<meta property=\"og:locale\" content=\"fr_FR\" \/>\n<meta property=\"og:type\" content=\"article\" \/>\n<meta property=\"og:title\" content=\"Coffret ciseaux \u00e0 bois multifonctions RALI Shark Exclusive\" \/>\n<meta property=\"og:description\" content=\"Coffret complet de ciseaux \u00e0 bois multifonctions. Pour couper, racler, scier. Gr\u00e2ce au syst\u00e8me de lames interchangeables RALI, vous aurez 13 outils en 1.\" \/>\n<meta property=\"og:url\" content=\"https:\/\/rali.fr\/blog-fr\/produit\/rali-shark-exclusive\/\" \/>\n<meta property=\"og:site_name\" content=\"RALI outils bois pour les pros\" \/>\n<meta property=\"article:publisher\" content=\"https:\/\/www.facebook.com\/raliswiss\" \/>\n<meta property=\"article:modified_time\" content=\"2025-05-22T14:00:10+00:00\" \/>\n<meta property=\"og:image\" content=\"https:\/\/rali.fr\/blog-fr\/wp-content\/uploads\/2020\/10\/RALI_shark_case_02-scaled.jpg\" \/>\n\t<meta property=\"og:image:width\" content=\"2560\" \/>\n\t<meta property=\"og:image:height\" content=\"2560\" \/>\n\t<meta property=\"og:image:type\" content=\"image\/jpeg\" \/>\n<meta name=\"twitter:card\" content=\"summary_large_image\" \/>\n<meta name=\"twitter:label1\" content=\"Dur\u00e9e de lecture estim\u00e9e\" \/>\n\t<meta name=\"twitter:data1\" content=\"1 minute\" \/>\n<script type=\"application\/ld+json\" class=\"yoast-schema-graph\">{\"@context\":\"https:\/\/schema.org\",\"@graph\":[{\"@type\":\"WebPage\",\"@id\":\"https:\/\/rali.fr\/blog-fr\/produit\/rali-shark-exclusive\/\",\"url\":\"https:\/\/rali.fr\/blog-fr\/produit\/rali-shark-exclusive\/\",\"name\":\"Coffret ciseaux \u00e0 bois multifonctions RALI Shark Exclusive\",\"isPartOf\":{\"@id\":\"https:\/\/rali.fr\/blog-fr\/#website\"},\"primaryImageOfPage\":{\"@id\":\"https:\/\/rali.fr\/blog-fr\/produit\/rali-shark-exclusive\/#primaryimage\"},\"image\":{\"@id\":\"https:\/\/rali.fr\/blog-fr\/produit\/rali-shark-exclusive\/#primaryimage\"},\"thumbnailUrl\":\"https:\/\/rali.fr\/blog-fr\/wp-content\/uploads\/2020\/10\/RALI_shark_case_02-scaled.jpg\",\"datePublished\":\"2020-10-28T16:38:51+00:00\",\"dateModified\":\"2025-05-22T14:00:10+00:00\",\"description\":\"Coffret complet de ciseaux \u00e0 bois multifonctions. Pour couper, racler, scier. Gr\u00e2ce au syst\u00e8me de lames interchangeables RALI, vous aurez 13 outils en 1.\",\"breadcrumb\":{\"@id\":\"https:\/\/rali.fr\/blog-fr\/produit\/rali-shark-exclusive\/#breadcrumb\"},\"inLanguage\":\"fr-FR\",\"potentialAction\":[{\"@type\":\"ReadAction\",\"target\":[\"https:\/\/rali.fr\/blog-fr\/produit\/rali-shark-exclusive\/\"]}]},{\"@type\":\"ImageObject\",\"inLanguage\":\"fr-FR\",\"@id\":\"https:\/\/rali.fr\/blog-fr\/produit\/rali-shark-exclusive\/#primaryimage\",\"url\":\"https:\/\/rali.fr\/blog-fr\/wp-content\/uploads\/2020\/10\/RALI_shark_case_02-scaled.jpg\",\"contentUrl\":\"https:\/\/rali.fr\/blog-fr\/wp-content\/uploads\/2020\/10\/RALI_shark_case_02-scaled.jpg\",\"width\":2560,\"height\":2560},{\"@type\":\"BreadcrumbList\",\"@id\":\"https:\/\/rali.fr\/blog-fr\/produit\/rali-shark-exclusive\/#breadcrumb\",\"itemListElement\":[{\"@type\":\"ListItem\",\"position\":1,\"name\":\"Shop -copie\",\"item\":\"https:\/\/rali.fr\/blog-fr\/shop-2\/\"},{\"@type\":\"ListItem\",\"position\":2,\"name\":\"Rali Shark Exclusive\"}]},{\"@type\":\"WebSite\",\"@id\":\"https:\/\/rali.fr\/blog-fr\/#website\",\"url\":\"https:\/\/rali.fr\/blog-fr\/\",\"name\":\"RALI outils bois pour les pros\",\"description\":\"Les outils bois pour les passionn\u00e9s\",\"publisher\":{\"@id\":\"https:\/\/rali.fr\/blog-fr\/#organization\"},\"potentialAction\":[{\"@type\":\"SearchAction\",\"target\":{\"@type\":\"EntryPoint\",\"urlTemplate\":\"https:\/\/rali.fr\/blog-fr\/?s={search_term_string}\"},\"query-input\":{\"@type\":\"PropertyValueSpecification\",\"valueRequired\":true,\"valueName\":\"search_term_string\"}}],\"inLanguage\":\"fr-FR\"},{\"@type\":\"Organization\",\"@id\":\"https:\/\/rali.fr\/blog-fr\/#organization\",\"name\":\"RALI\",\"url\":\"https:\/\/rali.fr\/blog-fr\/\",\"logo\":{\"@type\":\"ImageObject\",\"inLanguage\":\"fr-FR\",\"@id\":\"https:\/\/rali.fr\/blog-fr\/#\/schema\/logo\/image\/\",\"url\":\"https:\/\/rali.fr\/blog-fr\/wp-content\/uploads\/2026\/04\/rali_logo_color_FR.gif\",\"contentUrl\":\"https:\/\/rali.fr\/blog-fr\/wp-content\/uploads\/2026\/04\/rali_logo_color_FR.gif\",\"width\":1000,\"height\":470,\"caption\":\"RALI\"},\"image\":{\"@id\":\"https:\/\/rali.fr\/blog-fr\/#\/schema\/logo\/image\/\"},\"sameAs\":[\"https:\/\/www.facebook.com\/raliswiss\"]}]}<\/script>\n<!-- \/ Yoast SEO plugin. -->","yoast_head_json":{"title":"Coffret ciseaux \u00e0 bois multifonctions RALI Shark Exclusive","description":"Coffret complet de ciseaux \u00e0 bois multifonctions. Pour couper, racler, scier. Gr\u00e2ce au syst\u00e8me de lames interchangeables RALI, vous aurez 13 outils en 1.","robots":{"index":"index","follow":"follow","max-snippet":"max-snippet:-1","max-image-preview":"max-image-preview:large","max-video-preview":"max-video-preview:-1"},"canonical":"https:\/\/rali.fr\/blog-fr\/produit\/rali-shark-exclusive\/","og_locale":"fr_FR","og_type":"article","og_title":"Coffret ciseaux \u00e0 bois multifonctions RALI Shark Exclusive","og_description":"Coffret complet de ciseaux \u00e0 bois multifonctions. Pour couper, racler, scier. Gr\u00e2ce au syst\u00e8me de lames interchangeables RALI, vous aurez 13 outils en 1.","og_url":"https:\/\/rali.fr\/blog-fr\/produit\/rali-shark-exclusive\/","og_site_name":"RALI outils bois pour les pros","article_publisher":"https:\/\/www.facebook.com\/raliswiss","article_modified_time":"2025-05-22T14:00:10+00:00","og_image":[{"width":2560,"height":2560,"url":"https:\/\/rali.fr\/blog-fr\/wp-content\/uploads\/2020\/10\/RALI_shark_case_02-scaled.jpg","type":"image\/jpeg"}],"twitter_card":"summary_large_image","twitter_misc":{"Dur\u00e9e de lecture estim\u00e9e":"1 minute"},"schema":{"@context":"https:\/\/schema.org","@graph":[{"@type":"WebPage","@id":"https:\/\/rali.fr\/blog-fr\/produit\/rali-shark-exclusive\/","url":"https:\/\/rali.fr\/blog-fr\/produit\/rali-shark-exclusive\/","name":"Coffret ciseaux \u00e0 bois multifonctions RALI Shark Exclusive","isPartOf":{"@id":"https:\/\/rali.fr\/blog-fr\/#website"},"primaryImageOfPage":{"@id":"https:\/\/rali.fr\/blog-fr\/produit\/rali-shark-exclusive\/#primaryimage"},"image":{"@id":"https:\/\/rali.fr\/blog-fr\/produit\/rali-shark-exclusive\/#primaryimage"},"thumbnailUrl":"https:\/\/rali.fr\/blog-fr\/wp-content\/uploads\/2020\/10\/RALI_shark_case_02-scaled.jpg","datePublished":"2020-10-28T16:38:51+00:00","dateModified":"2025-05-22T14:00:10+00:00","description":"Coffret complet de ciseaux \u00e0 bois multifonctions. Pour couper, racler, scier. Gr\u00e2ce au syst\u00e8me de lames interchangeables RALI, vous aurez 13 outils en 1.","breadcrumb":{"@id":"https:\/\/rali.fr\/blog-fr\/produit\/rali-shark-exclusive\/#breadcrumb"},"inLanguage":"fr-FR","potentialAction":[{"@type":"ReadAction","target":["https:\/\/rali.fr\/blog-fr\/produit\/rali-shark-exclusive\/"]}]},{"@type":"ImageObject","inLanguage":"fr-FR","@id":"https:\/\/rali.fr\/blog-fr\/produit\/rali-shark-exclusive\/#primaryimage","url":"https:\/\/rali.fr\/blog-fr\/wp-content\/uploads\/2020\/10\/RALI_shark_case_02-scaled.jpg","contentUrl":"https:\/\/rali.fr\/blog-fr\/wp-content\/uploads\/2020\/10\/RALI_shark_case_02-scaled.jpg","width":2560,"height":2560},{"@type":"BreadcrumbList","@id":"https:\/\/rali.fr\/blog-fr\/produit\/rali-shark-exclusive\/#breadcrumb","itemListElement":[{"@type":"ListItem","position":1,"name":"Shop -copie","item":"https:\/\/rali.fr\/blog-fr\/shop-2\/"},{"@type":"ListItem","position":2,"name":"Rali Shark Exclusive"}]},{"@type":"WebSite","@id":"https:\/\/rali.fr\/blog-fr\/#website","url":"https:\/\/rali.fr\/blog-fr\/","name":"RALI outils bois pour les pros","description":"Les outils bois pour les passionn\u00e9s","publisher":{"@id":"https:\/\/rali.fr\/blog-fr\/#organization"},"potentialAction":[{"@type":"SearchAction","target":{"@type":"EntryPoint","urlTemplate":"https:\/\/rali.fr\/blog-fr\/?s={search_term_string}"},"query-input":{"@type":"PropertyValueSpecification","valueRequired":true,"valueName":"search_term_string"}}],"inLanguage":"fr-FR"},{"@type":"Organization","@id":"https:\/\/rali.fr\/blog-fr\/#organization","name":"RALI","url":"https:\/\/rali.fr\/blog-fr\/","logo":{"@type":"ImageObject","inLanguage":"fr-FR","@id":"https:\/\/rali.fr\/blog-fr\/#\/schema\/logo\/image\/","url":"https:\/\/rali.fr\/blog-fr\/wp-content\/uploads\/2026\/04\/rali_logo_color_FR.gif","contentUrl":"https:\/\/rali.fr\/blog-fr\/wp-content\/uploads\/2026\/04\/rali_logo_color_FR.gif","width":1000,"height":470,"caption":"RALI"},"image":{"@id":"https:\/\/rali.fr\/blog-fr\/#\/schema\/logo\/image\/"},"sameAs":["https:\/\/www.facebook.com\/raliswiss"]}]}},"_links":{"self":[{"href":"https:\/\/rali.fr\/blog-fr\/wp-json\/wp\/v2\/product\/569","targetHints":{"allow":["GET"]}}],"collection":[{"href":"https:\/\/rali.fr\/blog-fr\/wp-json\/wp\/v2\/product"}],"about":[{"href":"https:\/\/rali.fr\/blog-fr\/wp-json\/wp\/v2\/types\/product"}],"replies":[{"embeddable":true,"href":"https:\/\/rali.fr\/blog-fr\/wp-json\/wp\/v2\/comments?post=569"}],"wp:featuredmedia":[{"embeddable":true,"href":"https:\/\/rali.fr\/blog-fr\/wp-json\/wp\/v2\/media\/553"}],"wp:attachment":[{"href":"https:\/\/rali.fr\/blog-fr\/wp-json\/wp\/v2\/media?parent=569"}],"wp:term":[{"taxonomy":"product_brand","embeddable":true,"href":"https:\/\/rali.fr\/blog-fr\/wp-json\/wp\/v2\/product_brand?post=569"},{"taxonomy":"product_cat","embeddable":true,"href":"https:\/\/rali.fr\/blog-fr\/wp-json\/wp\/v2\/product_cat?post=569"},{"taxonomy":"product_tag","embeddable":true,"href":"https:\/\/rali.fr\/blog-fr\/wp-json\/wp\/v2\/product_tag?post=569"}],"curies":[{"name":"wp","href":"https:\/\/api.w.org\/{rel}","templated":true}]}}