{"id":1315,"date":"2021-01-27T17:04:57","date_gmt":"2021-01-27T16:04:57","guid":{"rendered":"https:\/\/rali.fr\/blog-fr\/?post_type=product&#038;p=1315"},"modified":"2021-01-28T15:22:47","modified_gmt":"2021-01-28T14:22:47","slug":"systainer-260-exclusive","status":"publish","type":"product","link":"https:\/\/rali.fr\/blog-fr\/produit\/systainer-260-exclusive\/","title":{"rendered":"Systainer 260 Exclusive +"},"content":{"rendered":"<p>Toute la gamme Evolution et ses ciseaux dans une nouvelle mallette systainer clipsable pour un transport optimis\u00e9. Cette derni\u00e8re vous permet d&#8217;emmener partout l&rsquo;ensemble de vos outils sur les chantiers. Toujours rang\u00e9s, toujours pr\u00eats, toujours op\u00e9rationnels avec les lames interchangeables. Cette mallette intelligente est compos\u00e9e d&rsquo;un rabot 260 evolution N, d&rsquo;un 105 Evolution N, d&rsquo;un guillaume G03 N et son guide, d&rsquo;un racloir, avec 18 couteaux 48 mm et 11 couteaux 30 mm ainsi que de toute la gamme de\u00a0<a title=\"ciseaux \u00e0 bois RALI Shark Exclusive\" href=\"https:\/\/rali.fr\/rali-shark-exclusive.html\" target=\"_blank\" rel=\"noopener noreferrer\"><u>ciseaux \u00e0 bois RALI Shark Exclusive<\/u><\/a> avec ses 36 accessoires.<\/p>\n","protected":false},"excerpt":{"rendered":"<p>L&rsquo;\u00e9quipement essentiel haut de gamme avec le dernier rabot 260 Evo N<\/p>\n","protected":false},"featured_media":1421,"comment_status":"closed","ping_status":"closed","template":"","meta":[],"product_brand":[],"product_cat":[32],"product_tag":[],"class_list":{"0":"post-1315","1":"product","2":"type-product","3":"status-publish","4":"has-post-thumbnail","6":"product_cat-malette","8":"first","9":"instock","10":"taxable","11":"shipping-taxable","12":"purchasable","13":"product-type-simple"},"yoast_head":"<!-- This site is optimized with the Yoast SEO plugin v25.3 - https:\/\/yoast.com\/wordpress\/plugins\/seo\/ -->\n<title>Systainer 260 Exclusive + - RALI outils bois pour les pros<\/title>\n<meta name=\"robots\" content=\"index, follow, max-snippet:-1, max-image-preview:large, max-video-preview:-1\" \/>\n<link rel=\"canonical\" href=\"https:\/\/rali.fr\/blog-fr\/produit\/systainer-260-exclusive\/\" \/>\n<meta property=\"og:locale\" content=\"fr_FR\" \/>\n<meta property=\"og:type\" content=\"article\" \/>\n<meta property=\"og:title\" content=\"Systainer 260 Exclusive + - RALI outils bois pour les pros\" \/>\n<meta property=\"og:description\" content=\"L&#039;\u00e9quipement essentiel haut de gamme avec le dernier rabot 260 Evo N\" \/>\n<meta property=\"og:url\" content=\"https:\/\/rali.fr\/blog-fr\/produit\/systainer-260-exclusive\/\" \/>\n<meta property=\"og:site_name\" content=\"RALI outils bois pour les pros\" \/>\n<meta property=\"article:publisher\" content=\"https:\/\/www.facebook.com\/raliswiss\" \/>\n<meta property=\"article:modified_time\" content=\"2021-01-28T14:22:47+00:00\" \/>\n<meta property=\"og:image\" content=\"https:\/\/rali.fr\/blog-fr\/wp-content\/uploads\/2021\/01\/rali-systainer-exclusive_260-ouverte-dessous-1200x840-p-1.jpg\" \/>\n\t<meta property=\"og:image:width\" content=\"800\" \/>\n\t<meta property=\"og:image:height\" content=\"560\" \/>\n\t<meta property=\"og:image:type\" content=\"image\/jpeg\" \/>\n<meta name=\"twitter:card\" content=\"summary_large_image\" \/>\n<script type=\"application\/ld+json\" class=\"yoast-schema-graph\">{\"@context\":\"https:\/\/schema.org\",\"@graph\":[{\"@type\":\"WebPage\",\"@id\":\"https:\/\/rali.fr\/blog-fr\/produit\/systainer-260-exclusive\/\",\"url\":\"https:\/\/rali.fr\/blog-fr\/produit\/systainer-260-exclusive\/\",\"name\":\"Systainer 260 Exclusive + - RALI outils bois pour les pros\",\"isPartOf\":{\"@id\":\"https:\/\/rali.fr\/blog-fr\/#website\"},\"primaryImageOfPage\":{\"@id\":\"https:\/\/rali.fr\/blog-fr\/produit\/systainer-260-exclusive\/#primaryimage\"},\"image\":{\"@id\":\"https:\/\/rali.fr\/blog-fr\/produit\/systainer-260-exclusive\/#primaryimage\"},\"thumbnailUrl\":\"https:\/\/rali.fr\/blog-fr\/wp-content\/uploads\/2021\/01\/rali-systainer-exclusive_260-ouverte-dessous-1200x840-p-1.jpg\",\"datePublished\":\"2021-01-27T16:04:57+00:00\",\"dateModified\":\"2021-01-28T14:22:47+00:00\",\"breadcrumb\":{\"@id\":\"https:\/\/rali.fr\/blog-fr\/produit\/systainer-260-exclusive\/#breadcrumb\"},\"inLanguage\":\"fr-FR\",\"potentialAction\":[{\"@type\":\"ReadAction\",\"target\":[\"https:\/\/rali.fr\/blog-fr\/produit\/systainer-260-exclusive\/\"]}]},{\"@type\":\"ImageObject\",\"inLanguage\":\"fr-FR\",\"@id\":\"https:\/\/rali.fr\/blog-fr\/produit\/systainer-260-exclusive\/#primaryimage\",\"url\":\"https:\/\/rali.fr\/blog-fr\/wp-content\/uploads\/2021\/01\/rali-systainer-exclusive_260-ouverte-dessous-1200x840-p-1.jpg\",\"contentUrl\":\"https:\/\/rali.fr\/blog-fr\/wp-content\/uploads\/2021\/01\/rali-systainer-exclusive_260-ouverte-dessous-1200x840-p-1.jpg\",\"width\":800,\"height\":560},{\"@type\":\"BreadcrumbList\",\"@id\":\"https:\/\/rali.fr\/blog-fr\/produit\/systainer-260-exclusive\/#breadcrumb\",\"itemListElement\":[{\"@type\":\"ListItem\",\"position\":1,\"name\":\"Shop -copie\",\"item\":\"https:\/\/rali.fr\/blog-fr\/shop-2\/\"},{\"@type\":\"ListItem\",\"position\":2,\"name\":\"Systainer 260 Exclusive +\"}]},{\"@type\":\"WebSite\",\"@id\":\"https:\/\/rali.fr\/blog-fr\/#website\",\"url\":\"https:\/\/rali.fr\/blog-fr\/\",\"name\":\"RALI outils bois pour les pros\",\"description\":\"Les outils bois pour les passionn\u00e9s\",\"publisher\":{\"@id\":\"https:\/\/rali.fr\/blog-fr\/#organization\"},\"potentialAction\":[{\"@type\":\"SearchAction\",\"target\":{\"@type\":\"EntryPoint\",\"urlTemplate\":\"https:\/\/rali.fr\/blog-fr\/?s={search_term_string}\"},\"query-input\":{\"@type\":\"PropertyValueSpecification\",\"valueRequired\":true,\"valueName\":\"search_term_string\"}}],\"inLanguage\":\"fr-FR\"},{\"@type\":\"Organization\",\"@id\":\"https:\/\/rali.fr\/blog-fr\/#organization\",\"name\":\"RALI\",\"url\":\"https:\/\/rali.fr\/blog-fr\/\",\"logo\":{\"@type\":\"ImageObject\",\"inLanguage\":\"fr-FR\",\"@id\":\"https:\/\/rali.fr\/blog-fr\/#\/schema\/logo\/image\/\",\"url\":\"https:\/\/rali.fr\/blog-fr\/wp-content\/uploads\/2026\/04\/rali_logo_color_FR.gif\",\"contentUrl\":\"https:\/\/rali.fr\/blog-fr\/wp-content\/uploads\/2026\/04\/rali_logo_color_FR.gif\",\"width\":1000,\"height\":470,\"caption\":\"RALI\"},\"image\":{\"@id\":\"https:\/\/rali.fr\/blog-fr\/#\/schema\/logo\/image\/\"},\"sameAs\":[\"https:\/\/www.facebook.com\/raliswiss\"]}]}<\/script>\n<!-- \/ Yoast SEO plugin. -->","yoast_head_json":{"title":"Systainer 260 Exclusive + - RALI outils bois pour les pros","robots":{"index":"index","follow":"follow","max-snippet":"max-snippet:-1","max-image-preview":"max-image-preview:large","max-video-preview":"max-video-preview:-1"},"canonical":"https:\/\/rali.fr\/blog-fr\/produit\/systainer-260-exclusive\/","og_locale":"fr_FR","og_type":"article","og_title":"Systainer 260 Exclusive + - RALI outils bois pour les pros","og_description":"L'\u00e9quipement essentiel haut de gamme avec le dernier rabot 260 Evo N","og_url":"https:\/\/rali.fr\/blog-fr\/produit\/systainer-260-exclusive\/","og_site_name":"RALI outils bois pour les pros","article_publisher":"https:\/\/www.facebook.com\/raliswiss","article_modified_time":"2021-01-28T14:22:47+00:00","og_image":[{"width":800,"height":560,"url":"https:\/\/rali.fr\/blog-fr\/wp-content\/uploads\/2021\/01\/rali-systainer-exclusive_260-ouverte-dessous-1200x840-p-1.jpg","type":"image\/jpeg"}],"twitter_card":"summary_large_image","schema":{"@context":"https:\/\/schema.org","@graph":[{"@type":"WebPage","@id":"https:\/\/rali.fr\/blog-fr\/produit\/systainer-260-exclusive\/","url":"https:\/\/rali.fr\/blog-fr\/produit\/systainer-260-exclusive\/","name":"Systainer 260 Exclusive + - RALI outils bois pour les pros","isPartOf":{"@id":"https:\/\/rali.fr\/blog-fr\/#website"},"primaryImageOfPage":{"@id":"https:\/\/rali.fr\/blog-fr\/produit\/systainer-260-exclusive\/#primaryimage"},"image":{"@id":"https:\/\/rali.fr\/blog-fr\/produit\/systainer-260-exclusive\/#primaryimage"},"thumbnailUrl":"https:\/\/rali.fr\/blog-fr\/wp-content\/uploads\/2021\/01\/rali-systainer-exclusive_260-ouverte-dessous-1200x840-p-1.jpg","datePublished":"2021-01-27T16:04:57+00:00","dateModified":"2021-01-28T14:22:47+00:00","breadcrumb":{"@id":"https:\/\/rali.fr\/blog-fr\/produit\/systainer-260-exclusive\/#breadcrumb"},"inLanguage":"fr-FR","potentialAction":[{"@type":"ReadAction","target":["https:\/\/rali.fr\/blog-fr\/produit\/systainer-260-exclusive\/"]}]},{"@type":"ImageObject","inLanguage":"fr-FR","@id":"https:\/\/rali.fr\/blog-fr\/produit\/systainer-260-exclusive\/#primaryimage","url":"https:\/\/rali.fr\/blog-fr\/wp-content\/uploads\/2021\/01\/rali-systainer-exclusive_260-ouverte-dessous-1200x840-p-1.jpg","contentUrl":"https:\/\/rali.fr\/blog-fr\/wp-content\/uploads\/2021\/01\/rali-systainer-exclusive_260-ouverte-dessous-1200x840-p-1.jpg","width":800,"height":560},{"@type":"BreadcrumbList","@id":"https:\/\/rali.fr\/blog-fr\/produit\/systainer-260-exclusive\/#breadcrumb","itemListElement":[{"@type":"ListItem","position":1,"name":"Shop -copie","item":"https:\/\/rali.fr\/blog-fr\/shop-2\/"},{"@type":"ListItem","position":2,"name":"Systainer 260 Exclusive +"}]},{"@type":"WebSite","@id":"https:\/\/rali.fr\/blog-fr\/#website","url":"https:\/\/rali.fr\/blog-fr\/","name":"RALI outils bois pour les pros","description":"Les outils bois pour les passionn\u00e9s","publisher":{"@id":"https:\/\/rali.fr\/blog-fr\/#organization"},"potentialAction":[{"@type":"SearchAction","target":{"@type":"EntryPoint","urlTemplate":"https:\/\/rali.fr\/blog-fr\/?s={search_term_string}"},"query-input":{"@type":"PropertyValueSpecification","valueRequired":true,"valueName":"search_term_string"}}],"inLanguage":"fr-FR"},{"@type":"Organization","@id":"https:\/\/rali.fr\/blog-fr\/#organization","name":"RALI","url":"https:\/\/rali.fr\/blog-fr\/","logo":{"@type":"ImageObject","inLanguage":"fr-FR","@id":"https:\/\/rali.fr\/blog-fr\/#\/schema\/logo\/image\/","url":"https:\/\/rali.fr\/blog-fr\/wp-content\/uploads\/2026\/04\/rali_logo_color_FR.gif","contentUrl":"https:\/\/rali.fr\/blog-fr\/wp-content\/uploads\/2026\/04\/rali_logo_color_FR.gif","width":1000,"height":470,"caption":"RALI"},"image":{"@id":"https:\/\/rali.fr\/blog-fr\/#\/schema\/logo\/image\/"},"sameAs":["https:\/\/www.facebook.com\/raliswiss"]}]}},"_links":{"self":[{"href":"https:\/\/rali.fr\/blog-fr\/wp-json\/wp\/v2\/product\/1315","targetHints":{"allow":["GET"]}}],"collection":[{"href":"https:\/\/rali.fr\/blog-fr\/wp-json\/wp\/v2\/product"}],"about":[{"href":"https:\/\/rali.fr\/blog-fr\/wp-json\/wp\/v2\/types\/product"}],"replies":[{"embeddable":true,"href":"https:\/\/rali.fr\/blog-fr\/wp-json\/wp\/v2\/comments?post=1315"}],"wp:featuredmedia":[{"embeddable":true,"href":"https:\/\/rali.fr\/blog-fr\/wp-json\/wp\/v2\/media\/1421"}],"wp:attachment":[{"href":"https:\/\/rali.fr\/blog-fr\/wp-json\/wp\/v2\/media?parent=1315"}],"wp:term":[{"taxonomy":"product_brand","embeddable":true,"href":"https:\/\/rali.fr\/blog-fr\/wp-json\/wp\/v2\/product_brand?post=1315"},{"taxonomy":"product_cat","embeddable":true,"href":"https:\/\/rali.fr\/blog-fr\/wp-json\/wp\/v2\/product_cat?post=1315"},{"taxonomy":"product_tag","embeddable":true,"href":"https:\/\/rali.fr\/blog-fr\/wp-json\/wp\/v2\/product_tag?post=1315"}],"curies":[{"name":"wp","href":"https:\/\/api.w.org\/{rel}","templated":true}]}}