{"id":1250,"date":"2021-01-27T15:38:09","date_gmt":"2021-01-27T14:38:09","guid":{"rendered":"https:\/\/rali.fr\/blog-fr\/?post_type=product&#038;p=1250"},"modified":"2021-01-28T16:43:31","modified_gmt":"2021-01-28T15:43:31","slug":"rali-220-c","status":"publish","type":"product","link":"https:\/\/rali.fr\/blog-fr\/produit\/rali-220-c\/","title":{"rendered":"RALI 220 C"},"content":{"rendered":"<p>Rabot \u00e0 chanfreiner, d\u00e9velopper sp\u00e9cialement pour les travaux de charpente. Le guide central permet de guider l&rsquo;ar\u00eate et permet de faire un chanfrein cons\u00e9quent en un seul passage. La prise de bois est de 1.5 mm au maximum, soit environ le triple d&rsquo;un rabot traditionnel.<\/p>\n","protected":false},"excerpt":{"rendered":"<p>Il n&rsquo;existe rien de mieux pour chanfreiner<\/p>\n","protected":false},"featured_media":1253,"comment_status":"closed","ping_status":"closed","template":"","meta":[],"product_brand":[],"product_cat":[28],"product_tag":[],"class_list":{"0":"post-1250","1":"product","2":"type-product","3":"status-publish","4":"has-post-thumbnail","6":"product_cat-rabots-manuel-rali","8":"first","9":"instock","10":"taxable","11":"shipping-taxable","12":"purchasable","13":"product-type-simple"},"yoast_head":"<!-- This site is optimized with the Yoast SEO plugin v25.3 - https:\/\/yoast.com\/wordpress\/plugins\/seo\/ -->\n<title>RALI 220 C - RALI outils bois pour les pros<\/title>\n<meta name=\"robots\" content=\"index, follow, max-snippet:-1, max-image-preview:large, max-video-preview:-1\" \/>\n<link rel=\"canonical\" href=\"https:\/\/rali.fr\/blog-fr\/produit\/rali-220-c\/\" \/>\n<meta property=\"og:locale\" content=\"fr_FR\" \/>\n<meta property=\"og:type\" content=\"article\" \/>\n<meta property=\"og:title\" content=\"RALI 220 C - RALI outils bois pour les pros\" \/>\n<meta property=\"og:description\" content=\"Il n&#039;existe rien de mieux pour chanfreiner\" \/>\n<meta property=\"og:url\" content=\"https:\/\/rali.fr\/blog-fr\/produit\/rali-220-c\/\" \/>\n<meta property=\"og:site_name\" content=\"RALI outils bois pour les pros\" \/>\n<meta property=\"article:publisher\" content=\"https:\/\/www.facebook.com\/raliswiss\" \/>\n<meta property=\"article:modified_time\" content=\"2021-01-28T15:43:31+00:00\" \/>\n<meta property=\"og:image\" content=\"https:\/\/rali.fr\/blog-fr\/wp-content\/uploads\/2021\/01\/220c_1.jpg\" \/>\n\t<meta property=\"og:image:width\" content=\"460\" \/>\n\t<meta property=\"og:image:height\" content=\"322\" \/>\n\t<meta property=\"og:image:type\" content=\"image\/jpeg\" \/>\n<meta name=\"twitter:card\" content=\"summary_large_image\" \/>\n<script type=\"application\/ld+json\" class=\"yoast-schema-graph\">{\"@context\":\"https:\/\/schema.org\",\"@graph\":[{\"@type\":\"WebPage\",\"@id\":\"https:\/\/rali.fr\/blog-fr\/produit\/rali-220-c\/\",\"url\":\"https:\/\/rali.fr\/blog-fr\/produit\/rali-220-c\/\",\"name\":\"RALI 220 C - RALI outils bois pour les pros\",\"isPartOf\":{\"@id\":\"https:\/\/rali.fr\/blog-fr\/#website\"},\"primaryImageOfPage\":{\"@id\":\"https:\/\/rali.fr\/blog-fr\/produit\/rali-220-c\/#primaryimage\"},\"image\":{\"@id\":\"https:\/\/rali.fr\/blog-fr\/produit\/rali-220-c\/#primaryimage\"},\"thumbnailUrl\":\"https:\/\/rali.fr\/blog-fr\/wp-content\/uploads\/2021\/01\/220c_1.jpg\",\"datePublished\":\"2021-01-27T14:38:09+00:00\",\"dateModified\":\"2021-01-28T15:43:31+00:00\",\"breadcrumb\":{\"@id\":\"https:\/\/rali.fr\/blog-fr\/produit\/rali-220-c\/#breadcrumb\"},\"inLanguage\":\"fr-FR\",\"potentialAction\":[{\"@type\":\"ReadAction\",\"target\":[\"https:\/\/rali.fr\/blog-fr\/produit\/rali-220-c\/\"]}]},{\"@type\":\"ImageObject\",\"inLanguage\":\"fr-FR\",\"@id\":\"https:\/\/rali.fr\/blog-fr\/produit\/rali-220-c\/#primaryimage\",\"url\":\"https:\/\/rali.fr\/blog-fr\/wp-content\/uploads\/2021\/01\/220c_1.jpg\",\"contentUrl\":\"https:\/\/rali.fr\/blog-fr\/wp-content\/uploads\/2021\/01\/220c_1.jpg\",\"width\":460,\"height\":322},{\"@type\":\"BreadcrumbList\",\"@id\":\"https:\/\/rali.fr\/blog-fr\/produit\/rali-220-c\/#breadcrumb\",\"itemListElement\":[{\"@type\":\"ListItem\",\"position\":1,\"name\":\"Shop -copie\",\"item\":\"https:\/\/rali.fr\/blog-fr\/shop-2\/\"},{\"@type\":\"ListItem\",\"position\":2,\"name\":\"RALI 220 C\"}]},{\"@type\":\"WebSite\",\"@id\":\"https:\/\/rali.fr\/blog-fr\/#website\",\"url\":\"https:\/\/rali.fr\/blog-fr\/\",\"name\":\"RALI outils bois pour les pros\",\"description\":\"Les outils bois pour les passionn\u00e9s\",\"publisher\":{\"@id\":\"https:\/\/rali.fr\/blog-fr\/#organization\"},\"potentialAction\":[{\"@type\":\"SearchAction\",\"target\":{\"@type\":\"EntryPoint\",\"urlTemplate\":\"https:\/\/rali.fr\/blog-fr\/?s={search_term_string}\"},\"query-input\":{\"@type\":\"PropertyValueSpecification\",\"valueRequired\":true,\"valueName\":\"search_term_string\"}}],\"inLanguage\":\"fr-FR\"},{\"@type\":\"Organization\",\"@id\":\"https:\/\/rali.fr\/blog-fr\/#organization\",\"name\":\"RALI\",\"url\":\"https:\/\/rali.fr\/blog-fr\/\",\"logo\":{\"@type\":\"ImageObject\",\"inLanguage\":\"fr-FR\",\"@id\":\"https:\/\/rali.fr\/blog-fr\/#\/schema\/logo\/image\/\",\"url\":\"https:\/\/rali.fr\/blog-fr\/wp-content\/uploads\/2026\/04\/rali_logo_color_FR.gif\",\"contentUrl\":\"https:\/\/rali.fr\/blog-fr\/wp-content\/uploads\/2026\/04\/rali_logo_color_FR.gif\",\"width\":1000,\"height\":470,\"caption\":\"RALI\"},\"image\":{\"@id\":\"https:\/\/rali.fr\/blog-fr\/#\/schema\/logo\/image\/\"},\"sameAs\":[\"https:\/\/www.facebook.com\/raliswiss\"]}]}<\/script>\n<!-- \/ Yoast SEO plugin. -->","yoast_head_json":{"title":"RALI 220 C - RALI outils bois pour les pros","robots":{"index":"index","follow":"follow","max-snippet":"max-snippet:-1","max-image-preview":"max-image-preview:large","max-video-preview":"max-video-preview:-1"},"canonical":"https:\/\/rali.fr\/blog-fr\/produit\/rali-220-c\/","og_locale":"fr_FR","og_type":"article","og_title":"RALI 220 C - RALI outils bois pour les pros","og_description":"Il n'existe rien de mieux pour chanfreiner","og_url":"https:\/\/rali.fr\/blog-fr\/produit\/rali-220-c\/","og_site_name":"RALI outils bois pour les pros","article_publisher":"https:\/\/www.facebook.com\/raliswiss","article_modified_time":"2021-01-28T15:43:31+00:00","og_image":[{"width":460,"height":322,"url":"https:\/\/rali.fr\/blog-fr\/wp-content\/uploads\/2021\/01\/220c_1.jpg","type":"image\/jpeg"}],"twitter_card":"summary_large_image","schema":{"@context":"https:\/\/schema.org","@graph":[{"@type":"WebPage","@id":"https:\/\/rali.fr\/blog-fr\/produit\/rali-220-c\/","url":"https:\/\/rali.fr\/blog-fr\/produit\/rali-220-c\/","name":"RALI 220 C - RALI outils bois pour les pros","isPartOf":{"@id":"https:\/\/rali.fr\/blog-fr\/#website"},"primaryImageOfPage":{"@id":"https:\/\/rali.fr\/blog-fr\/produit\/rali-220-c\/#primaryimage"},"image":{"@id":"https:\/\/rali.fr\/blog-fr\/produit\/rali-220-c\/#primaryimage"},"thumbnailUrl":"https:\/\/rali.fr\/blog-fr\/wp-content\/uploads\/2021\/01\/220c_1.jpg","datePublished":"2021-01-27T14:38:09+00:00","dateModified":"2021-01-28T15:43:31+00:00","breadcrumb":{"@id":"https:\/\/rali.fr\/blog-fr\/produit\/rali-220-c\/#breadcrumb"},"inLanguage":"fr-FR","potentialAction":[{"@type":"ReadAction","target":["https:\/\/rali.fr\/blog-fr\/produit\/rali-220-c\/"]}]},{"@type":"ImageObject","inLanguage":"fr-FR","@id":"https:\/\/rali.fr\/blog-fr\/produit\/rali-220-c\/#primaryimage","url":"https:\/\/rali.fr\/blog-fr\/wp-content\/uploads\/2021\/01\/220c_1.jpg","contentUrl":"https:\/\/rali.fr\/blog-fr\/wp-content\/uploads\/2021\/01\/220c_1.jpg","width":460,"height":322},{"@type":"BreadcrumbList","@id":"https:\/\/rali.fr\/blog-fr\/produit\/rali-220-c\/#breadcrumb","itemListElement":[{"@type":"ListItem","position":1,"name":"Shop -copie","item":"https:\/\/rali.fr\/blog-fr\/shop-2\/"},{"@type":"ListItem","position":2,"name":"RALI 220 C"}]},{"@type":"WebSite","@id":"https:\/\/rali.fr\/blog-fr\/#website","url":"https:\/\/rali.fr\/blog-fr\/","name":"RALI outils bois pour les pros","description":"Les outils bois pour les passionn\u00e9s","publisher":{"@id":"https:\/\/rali.fr\/blog-fr\/#organization"},"potentialAction":[{"@type":"SearchAction","target":{"@type":"EntryPoint","urlTemplate":"https:\/\/rali.fr\/blog-fr\/?s={search_term_string}"},"query-input":{"@type":"PropertyValueSpecification","valueRequired":true,"valueName":"search_term_string"}}],"inLanguage":"fr-FR"},{"@type":"Organization","@id":"https:\/\/rali.fr\/blog-fr\/#organization","name":"RALI","url":"https:\/\/rali.fr\/blog-fr\/","logo":{"@type":"ImageObject","inLanguage":"fr-FR","@id":"https:\/\/rali.fr\/blog-fr\/#\/schema\/logo\/image\/","url":"https:\/\/rali.fr\/blog-fr\/wp-content\/uploads\/2026\/04\/rali_logo_color_FR.gif","contentUrl":"https:\/\/rali.fr\/blog-fr\/wp-content\/uploads\/2026\/04\/rali_logo_color_FR.gif","width":1000,"height":470,"caption":"RALI"},"image":{"@id":"https:\/\/rali.fr\/blog-fr\/#\/schema\/logo\/image\/"},"sameAs":["https:\/\/www.facebook.com\/raliswiss"]}]}},"_links":{"self":[{"href":"https:\/\/rali.fr\/blog-fr\/wp-json\/wp\/v2\/product\/1250","targetHints":{"allow":["GET"]}}],"collection":[{"href":"https:\/\/rali.fr\/blog-fr\/wp-json\/wp\/v2\/product"}],"about":[{"href":"https:\/\/rali.fr\/blog-fr\/wp-json\/wp\/v2\/types\/product"}],"replies":[{"embeddable":true,"href":"https:\/\/rali.fr\/blog-fr\/wp-json\/wp\/v2\/comments?post=1250"}],"wp:featuredmedia":[{"embeddable":true,"href":"https:\/\/rali.fr\/blog-fr\/wp-json\/wp\/v2\/media\/1253"}],"wp:attachment":[{"href":"https:\/\/rali.fr\/blog-fr\/wp-json\/wp\/v2\/media?parent=1250"}],"wp:term":[{"taxonomy":"product_brand","embeddable":true,"href":"https:\/\/rali.fr\/blog-fr\/wp-json\/wp\/v2\/product_brand?post=1250"},{"taxonomy":"product_cat","embeddable":true,"href":"https:\/\/rali.fr\/blog-fr\/wp-json\/wp\/v2\/product_cat?post=1250"},{"taxonomy":"product_tag","embeddable":true,"href":"https:\/\/rali.fr\/blog-fr\/wp-json\/wp\/v2\/product_tag?post=1250"}],"curies":[{"name":"wp","href":"https:\/\/api.w.org\/{rel}","templated":true}]}}