{"id":1228,"date":"2021-01-27T15:18:16","date_gmt":"2021-01-27T14:18:16","guid":{"rendered":"https:\/\/rali.fr\/blog-fr\/?post_type=product&#038;p=1228"},"modified":"2025-05-22T16:00:10","modified_gmt":"2025-05-22T14:00:10","slug":"rali-g30-evolution-n","status":"publish","type":"product","link":"https:\/\/rali.fr\/blog-fr\/produit\/rali-g30-evolution-n\/","title":{"rendered":"RALI G30 Evolution N"},"content":{"rendered":"<p>Rabot guillaume par excellence, \u00e0 utiliser \u00e0 deux mains, pour une utilisation professionnelle et pour les amateurs \u00e9clair\u00e9s. Sa lame r\u00e9glable lat\u00e9ralement permet un rabotage d&rsquo;angle parfaitement ajust\u00e9. Le guide fourni avec le G30 sera une aide inestimable pour les battues et feuillures. Sa semelle lourde lui conf\u00e8re une bonne inertie. La lumi\u00e8re est r\u00e9glable, de sorte \u00e0 pouvoir raboter les bois qui ont tendance \u00e0 bourrer ainsi que les bois verts<\/p>\n","protected":false},"excerpt":{"rendered":"<p>Le guillaume par excellence, livr\u00e9 avec un guide pour feuillures<\/p>\n","protected":false},"featured_media":1233,"comment_status":"closed","ping_status":"closed","template":"","meta":[],"product_brand":[],"product_cat":[28],"product_tag":[],"class_list":{"0":"post-1228","1":"product","2":"type-product","3":"status-publish","4":"has-post-thumbnail","6":"product_cat-rabots-manuel-rali","8":"first","9":"instock","10":"taxable","11":"shipping-taxable","12":"purchasable","13":"product-type-simple"},"yoast_head":"<!-- This site is optimized with the Yoast SEO plugin v25.3 - https:\/\/yoast.com\/wordpress\/plugins\/seo\/ -->\n<title>RALI G30 Evolution N - RALI outils bois pour les pros<\/title>\n<meta name=\"robots\" content=\"index, follow, max-snippet:-1, max-image-preview:large, max-video-preview:-1\" \/>\n<link rel=\"canonical\" href=\"https:\/\/rali.fr\/blog-fr\/produit\/rali-g30-evolution-n\/\" \/>\n<meta property=\"og:locale\" content=\"fr_FR\" \/>\n<meta property=\"og:type\" content=\"article\" \/>\n<meta property=\"og:title\" content=\"RALI G30 Evolution N - RALI outils bois pour les pros\" \/>\n<meta property=\"og:description\" content=\"Le guillaume par excellence, livr\u00e9 avec un guide pour feuillures\" \/>\n<meta property=\"og:url\" content=\"https:\/\/rali.fr\/blog-fr\/produit\/rali-g30-evolution-n\/\" \/>\n<meta property=\"og:site_name\" content=\"RALI outils bois pour les pros\" \/>\n<meta property=\"article:publisher\" content=\"https:\/\/www.facebook.com\/raliswiss\" \/>\n<meta property=\"article:modified_time\" content=\"2025-05-22T14:00:10+00:00\" \/>\n<meta property=\"og:image\" content=\"https:\/\/rali.fr\/blog-fr\/wp-content\/uploads\/2021\/01\/g30_guide2.jpg\" \/>\n\t<meta property=\"og:image:width\" content=\"460\" \/>\n\t<meta property=\"og:image:height\" content=\"322\" \/>\n\t<meta property=\"og:image:type\" content=\"image\/jpeg\" \/>\n<meta name=\"twitter:card\" content=\"summary_large_image\" \/>\n<script type=\"application\/ld+json\" class=\"yoast-schema-graph\">{\"@context\":\"https:\/\/schema.org\",\"@graph\":[{\"@type\":\"WebPage\",\"@id\":\"https:\/\/rali.fr\/blog-fr\/produit\/rali-g30-evolution-n\/\",\"url\":\"https:\/\/rali.fr\/blog-fr\/produit\/rali-g30-evolution-n\/\",\"name\":\"RALI G30 Evolution N - RALI outils bois pour les pros\",\"isPartOf\":{\"@id\":\"https:\/\/rali.fr\/blog-fr\/#website\"},\"primaryImageOfPage\":{\"@id\":\"https:\/\/rali.fr\/blog-fr\/produit\/rali-g30-evolution-n\/#primaryimage\"},\"image\":{\"@id\":\"https:\/\/rali.fr\/blog-fr\/produit\/rali-g30-evolution-n\/#primaryimage\"},\"thumbnailUrl\":\"https:\/\/rali.fr\/blog-fr\/wp-content\/uploads\/2021\/01\/g30_guide2.jpg\",\"datePublished\":\"2021-01-27T14:18:16+00:00\",\"dateModified\":\"2025-05-22T14:00:10+00:00\",\"breadcrumb\":{\"@id\":\"https:\/\/rali.fr\/blog-fr\/produit\/rali-g30-evolution-n\/#breadcrumb\"},\"inLanguage\":\"fr-FR\",\"potentialAction\":[{\"@type\":\"ReadAction\",\"target\":[\"https:\/\/rali.fr\/blog-fr\/produit\/rali-g30-evolution-n\/\"]}]},{\"@type\":\"ImageObject\",\"inLanguage\":\"fr-FR\",\"@id\":\"https:\/\/rali.fr\/blog-fr\/produit\/rali-g30-evolution-n\/#primaryimage\",\"url\":\"https:\/\/rali.fr\/blog-fr\/wp-content\/uploads\/2021\/01\/g30_guide2.jpg\",\"contentUrl\":\"https:\/\/rali.fr\/blog-fr\/wp-content\/uploads\/2021\/01\/g30_guide2.jpg\",\"width\":460,\"height\":322},{\"@type\":\"BreadcrumbList\",\"@id\":\"https:\/\/rali.fr\/blog-fr\/produit\/rali-g30-evolution-n\/#breadcrumb\",\"itemListElement\":[{\"@type\":\"ListItem\",\"position\":1,\"name\":\"Shop -copie\",\"item\":\"https:\/\/rali.fr\/blog-fr\/shop-2\/\"},{\"@type\":\"ListItem\",\"position\":2,\"name\":\"RALI G30 Evolution N\"}]},{\"@type\":\"WebSite\",\"@id\":\"https:\/\/rali.fr\/blog-fr\/#website\",\"url\":\"https:\/\/rali.fr\/blog-fr\/\",\"name\":\"RALI outils bois pour les pros\",\"description\":\"Les outils bois pour les passionn\u00e9s\",\"publisher\":{\"@id\":\"https:\/\/rali.fr\/blog-fr\/#organization\"},\"potentialAction\":[{\"@type\":\"SearchAction\",\"target\":{\"@type\":\"EntryPoint\",\"urlTemplate\":\"https:\/\/rali.fr\/blog-fr\/?s={search_term_string}\"},\"query-input\":{\"@type\":\"PropertyValueSpecification\",\"valueRequired\":true,\"valueName\":\"search_term_string\"}}],\"inLanguage\":\"fr-FR\"},{\"@type\":\"Organization\",\"@id\":\"https:\/\/rali.fr\/blog-fr\/#organization\",\"name\":\"RALI\",\"url\":\"https:\/\/rali.fr\/blog-fr\/\",\"logo\":{\"@type\":\"ImageObject\",\"inLanguage\":\"fr-FR\",\"@id\":\"https:\/\/rali.fr\/blog-fr\/#\/schema\/logo\/image\/\",\"url\":\"https:\/\/rali.fr\/blog-fr\/wp-content\/uploads\/2026\/04\/rali_logo_color_FR.gif\",\"contentUrl\":\"https:\/\/rali.fr\/blog-fr\/wp-content\/uploads\/2026\/04\/rali_logo_color_FR.gif\",\"width\":1000,\"height\":470,\"caption\":\"RALI\"},\"image\":{\"@id\":\"https:\/\/rali.fr\/blog-fr\/#\/schema\/logo\/image\/\"},\"sameAs\":[\"https:\/\/www.facebook.com\/raliswiss\"]}]}<\/script>\n<!-- \/ Yoast SEO plugin. -->","yoast_head_json":{"title":"RALI G30 Evolution N - RALI outils bois pour les pros","robots":{"index":"index","follow":"follow","max-snippet":"max-snippet:-1","max-image-preview":"max-image-preview:large","max-video-preview":"max-video-preview:-1"},"canonical":"https:\/\/rali.fr\/blog-fr\/produit\/rali-g30-evolution-n\/","og_locale":"fr_FR","og_type":"article","og_title":"RALI G30 Evolution N - RALI outils bois pour les pros","og_description":"Le guillaume par excellence, livr\u00e9 avec un guide pour feuillures","og_url":"https:\/\/rali.fr\/blog-fr\/produit\/rali-g30-evolution-n\/","og_site_name":"RALI outils bois pour les pros","article_publisher":"https:\/\/www.facebook.com\/raliswiss","article_modified_time":"2025-05-22T14:00:10+00:00","og_image":[{"width":460,"height":322,"url":"https:\/\/rali.fr\/blog-fr\/wp-content\/uploads\/2021\/01\/g30_guide2.jpg","type":"image\/jpeg"}],"twitter_card":"summary_large_image","schema":{"@context":"https:\/\/schema.org","@graph":[{"@type":"WebPage","@id":"https:\/\/rali.fr\/blog-fr\/produit\/rali-g30-evolution-n\/","url":"https:\/\/rali.fr\/blog-fr\/produit\/rali-g30-evolution-n\/","name":"RALI G30 Evolution N - RALI outils bois pour les pros","isPartOf":{"@id":"https:\/\/rali.fr\/blog-fr\/#website"},"primaryImageOfPage":{"@id":"https:\/\/rali.fr\/blog-fr\/produit\/rali-g30-evolution-n\/#primaryimage"},"image":{"@id":"https:\/\/rali.fr\/blog-fr\/produit\/rali-g30-evolution-n\/#primaryimage"},"thumbnailUrl":"https:\/\/rali.fr\/blog-fr\/wp-content\/uploads\/2021\/01\/g30_guide2.jpg","datePublished":"2021-01-27T14:18:16+00:00","dateModified":"2025-05-22T14:00:10+00:00","breadcrumb":{"@id":"https:\/\/rali.fr\/blog-fr\/produit\/rali-g30-evolution-n\/#breadcrumb"},"inLanguage":"fr-FR","potentialAction":[{"@type":"ReadAction","target":["https:\/\/rali.fr\/blog-fr\/produit\/rali-g30-evolution-n\/"]}]},{"@type":"ImageObject","inLanguage":"fr-FR","@id":"https:\/\/rali.fr\/blog-fr\/produit\/rali-g30-evolution-n\/#primaryimage","url":"https:\/\/rali.fr\/blog-fr\/wp-content\/uploads\/2021\/01\/g30_guide2.jpg","contentUrl":"https:\/\/rali.fr\/blog-fr\/wp-content\/uploads\/2021\/01\/g30_guide2.jpg","width":460,"height":322},{"@type":"BreadcrumbList","@id":"https:\/\/rali.fr\/blog-fr\/produit\/rali-g30-evolution-n\/#breadcrumb","itemListElement":[{"@type":"ListItem","position":1,"name":"Shop -copie","item":"https:\/\/rali.fr\/blog-fr\/shop-2\/"},{"@type":"ListItem","position":2,"name":"RALI G30 Evolution N"}]},{"@type":"WebSite","@id":"https:\/\/rali.fr\/blog-fr\/#website","url":"https:\/\/rali.fr\/blog-fr\/","name":"RALI outils bois pour les pros","description":"Les outils bois pour les passionn\u00e9s","publisher":{"@id":"https:\/\/rali.fr\/blog-fr\/#organization"},"potentialAction":[{"@type":"SearchAction","target":{"@type":"EntryPoint","urlTemplate":"https:\/\/rali.fr\/blog-fr\/?s={search_term_string}"},"query-input":{"@type":"PropertyValueSpecification","valueRequired":true,"valueName":"search_term_string"}}],"inLanguage":"fr-FR"},{"@type":"Organization","@id":"https:\/\/rali.fr\/blog-fr\/#organization","name":"RALI","url":"https:\/\/rali.fr\/blog-fr\/","logo":{"@type":"ImageObject","inLanguage":"fr-FR","@id":"https:\/\/rali.fr\/blog-fr\/#\/schema\/logo\/image\/","url":"https:\/\/rali.fr\/blog-fr\/wp-content\/uploads\/2026\/04\/rali_logo_color_FR.gif","contentUrl":"https:\/\/rali.fr\/blog-fr\/wp-content\/uploads\/2026\/04\/rali_logo_color_FR.gif","width":1000,"height":470,"caption":"RALI"},"image":{"@id":"https:\/\/rali.fr\/blog-fr\/#\/schema\/logo\/image\/"},"sameAs":["https:\/\/www.facebook.com\/raliswiss"]}]}},"_links":{"self":[{"href":"https:\/\/rali.fr\/blog-fr\/wp-json\/wp\/v2\/product\/1228","targetHints":{"allow":["GET"]}}],"collection":[{"href":"https:\/\/rali.fr\/blog-fr\/wp-json\/wp\/v2\/product"}],"about":[{"href":"https:\/\/rali.fr\/blog-fr\/wp-json\/wp\/v2\/types\/product"}],"replies":[{"embeddable":true,"href":"https:\/\/rali.fr\/blog-fr\/wp-json\/wp\/v2\/comments?post=1228"}],"wp:featuredmedia":[{"embeddable":true,"href":"https:\/\/rali.fr\/blog-fr\/wp-json\/wp\/v2\/media\/1233"}],"wp:attachment":[{"href":"https:\/\/rali.fr\/blog-fr\/wp-json\/wp\/v2\/media?parent=1228"}],"wp:term":[{"taxonomy":"product_brand","embeddable":true,"href":"https:\/\/rali.fr\/blog-fr\/wp-json\/wp\/v2\/product_brand?post=1228"},{"taxonomy":"product_cat","embeddable":true,"href":"https:\/\/rali.fr\/blog-fr\/wp-json\/wp\/v2\/product_cat?post=1228"},{"taxonomy":"product_tag","embeddable":true,"href":"https:\/\/rali.fr\/blog-fr\/wp-json\/wp\/v2\/product_tag?post=1228"}],"curies":[{"name":"wp","href":"https:\/\/api.w.org\/{rel}","templated":true}]}}