{"id":1174,"date":"2021-01-27T17:36:07","date_gmt":"2021-01-27T16:36:07","guid":{"rendered":"https:\/\/rali.fr\/blog-fr\/?post_type=product&#038;p=1174"},"modified":"2025-05-22T16:00:10","modified_gmt":"2025-05-22T14:00:10","slug":"rali-260-evolution-n","status":"publish","type":"product","link":"https:\/\/rali.fr\/blog-fr\/produit\/rali-260-evolution-n\/","title":{"rendered":"RALI 260 Evolution N"},"content":{"rendered":"<p>C&rsquo;est le rabot \u00e0 planer de forme anglo-saxonne, \u00e0 utiliser \u00e0 deux mains, pour les pros et amateurs \u00e9clair\u00e9s. Le mouvement Evolution permet un changement de fer instantan\u00e9. Ses flancs nickel\u00e9s lui donnent un design exclusif. Sa semelle lourde lui conf\u00e8re une bonne inertie pour toutes sortes de bois. Le r\u00e9glage du contrefer permet un rabotage parfait, quelles que soient les essences, en \u00e9bauche comme en finition. Le r\u00e9glage de la lumi\u00e8re permet le rabotage de bois encore humides en r\u00e9duisant les bourrages. Sa forme rallong\u00e9e en arri\u00e8re du couteau et son centre de gravit\u00e9 tr\u00e8s bas donne une excellente assise \u00e0 cet outil.<\/p>\n","protected":false},"excerpt":{"rendered":"<p>Le rabot des pros au look british et exclusif<\/p>\n","protected":false},"featured_media":1336,"comment_status":"closed","ping_status":"closed","template":"","meta":[],"product_brand":[],"product_cat":[28],"product_tag":[],"class_list":{"0":"post-1174","1":"product","2":"type-product","3":"status-publish","4":"has-post-thumbnail","6":"product_cat-rabots-manuel-rali","8":"first","9":"instock","10":"taxable","11":"shipping-taxable","12":"purchasable","13":"product-type-simple"},"yoast_head":"<!-- This site is optimized with the Yoast SEO plugin v25.3 - https:\/\/yoast.com\/wordpress\/plugins\/seo\/ -->\n<title>RALI 260 Evolution N - RALI outils bois pour les pros<\/title>\n<meta name=\"robots\" content=\"index, follow, max-snippet:-1, max-image-preview:large, max-video-preview:-1\" \/>\n<link rel=\"canonical\" href=\"https:\/\/rali.fr\/blog-fr\/produit\/rali-260-evolution-n\/\" \/>\n<meta property=\"og:locale\" content=\"fr_FR\" \/>\n<meta property=\"og:type\" content=\"article\" \/>\n<meta property=\"og:title\" content=\"RALI 260 Evolution N - RALI outils bois pour les pros\" \/>\n<meta property=\"og:description\" content=\"Le rabot des pros au look british et exclusif\" \/>\n<meta property=\"og:url\" content=\"https:\/\/rali.fr\/blog-fr\/produit\/rali-260-evolution-n\/\" \/>\n<meta property=\"og:site_name\" content=\"RALI outils bois pour les pros\" \/>\n<meta property=\"article:publisher\" content=\"https:\/\/www.facebook.com\/raliswiss\" \/>\n<meta property=\"article:modified_time\" content=\"2025-05-22T14:00:10+00:00\" \/>\n<meta property=\"og:image\" content=\"https:\/\/rali.fr\/blog-fr\/wp-content\/uploads\/2021\/01\/260n-entete2.jpg\" \/>\n\t<meta property=\"og:image:width\" content=\"988\" \/>\n\t<meta property=\"og:image:height\" content=\"664\" \/>\n\t<meta property=\"og:image:type\" content=\"image\/jpeg\" \/>\n<meta name=\"twitter:card\" content=\"summary_large_image\" \/>\n<meta name=\"twitter:label1\" content=\"Dur\u00e9e de lecture estim\u00e9e\" \/>\n\t<meta name=\"twitter:data1\" content=\"1 minute\" \/>\n<script type=\"application\/ld+json\" class=\"yoast-schema-graph\">{\"@context\":\"https:\/\/schema.org\",\"@graph\":[{\"@type\":\"WebPage\",\"@id\":\"https:\/\/rali.fr\/blog-fr\/produit\/rali-260-evolution-n\/\",\"url\":\"https:\/\/rali.fr\/blog-fr\/produit\/rali-260-evolution-n\/\",\"name\":\"RALI 260 Evolution N - RALI outils bois pour les pros\",\"isPartOf\":{\"@id\":\"https:\/\/rali.fr\/blog-fr\/#website\"},\"primaryImageOfPage\":{\"@id\":\"https:\/\/rali.fr\/blog-fr\/produit\/rali-260-evolution-n\/#primaryimage\"},\"image\":{\"@id\":\"https:\/\/rali.fr\/blog-fr\/produit\/rali-260-evolution-n\/#primaryimage\"},\"thumbnailUrl\":\"https:\/\/rali.fr\/blog-fr\/wp-content\/uploads\/2021\/01\/260n-entete2.jpg\",\"datePublished\":\"2021-01-27T16:36:07+00:00\",\"dateModified\":\"2025-05-22T14:00:10+00:00\",\"breadcrumb\":{\"@id\":\"https:\/\/rali.fr\/blog-fr\/produit\/rali-260-evolution-n\/#breadcrumb\"},\"inLanguage\":\"fr-FR\",\"potentialAction\":[{\"@type\":\"ReadAction\",\"target\":[\"https:\/\/rali.fr\/blog-fr\/produit\/rali-260-evolution-n\/\"]}]},{\"@type\":\"ImageObject\",\"inLanguage\":\"fr-FR\",\"@id\":\"https:\/\/rali.fr\/blog-fr\/produit\/rali-260-evolution-n\/#primaryimage\",\"url\":\"https:\/\/rali.fr\/blog-fr\/wp-content\/uploads\/2021\/01\/260n-entete2.jpg\",\"contentUrl\":\"https:\/\/rali.fr\/blog-fr\/wp-content\/uploads\/2021\/01\/260n-entete2.jpg\",\"width\":988,\"height\":664},{\"@type\":\"BreadcrumbList\",\"@id\":\"https:\/\/rali.fr\/blog-fr\/produit\/rali-260-evolution-n\/#breadcrumb\",\"itemListElement\":[{\"@type\":\"ListItem\",\"position\":1,\"name\":\"Shop -copie\",\"item\":\"https:\/\/rali.fr\/blog-fr\/shop-2\/\"},{\"@type\":\"ListItem\",\"position\":2,\"name\":\"RALI 260 Evolution N\"}]},{\"@type\":\"WebSite\",\"@id\":\"https:\/\/rali.fr\/blog-fr\/#website\",\"url\":\"https:\/\/rali.fr\/blog-fr\/\",\"name\":\"RALI outils bois pour les pros\",\"description\":\"Les outils bois pour les passionn\u00e9s\",\"publisher\":{\"@id\":\"https:\/\/rali.fr\/blog-fr\/#organization\"},\"potentialAction\":[{\"@type\":\"SearchAction\",\"target\":{\"@type\":\"EntryPoint\",\"urlTemplate\":\"https:\/\/rali.fr\/blog-fr\/?s={search_term_string}\"},\"query-input\":{\"@type\":\"PropertyValueSpecification\",\"valueRequired\":true,\"valueName\":\"search_term_string\"}}],\"inLanguage\":\"fr-FR\"},{\"@type\":\"Organization\",\"@id\":\"https:\/\/rali.fr\/blog-fr\/#organization\",\"name\":\"RALI\",\"url\":\"https:\/\/rali.fr\/blog-fr\/\",\"logo\":{\"@type\":\"ImageObject\",\"inLanguage\":\"fr-FR\",\"@id\":\"https:\/\/rali.fr\/blog-fr\/#\/schema\/logo\/image\/\",\"url\":\"https:\/\/rali.fr\/blog-fr\/wp-content\/uploads\/2026\/04\/rali_logo_color_FR.gif\",\"contentUrl\":\"https:\/\/rali.fr\/blog-fr\/wp-content\/uploads\/2026\/04\/rali_logo_color_FR.gif\",\"width\":1000,\"height\":470,\"caption\":\"RALI\"},\"image\":{\"@id\":\"https:\/\/rali.fr\/blog-fr\/#\/schema\/logo\/image\/\"},\"sameAs\":[\"https:\/\/www.facebook.com\/raliswiss\"]}]}<\/script>\n<!-- \/ Yoast SEO plugin. -->","yoast_head_json":{"title":"RALI 260 Evolution N - RALI outils bois pour les pros","robots":{"index":"index","follow":"follow","max-snippet":"max-snippet:-1","max-image-preview":"max-image-preview:large","max-video-preview":"max-video-preview:-1"},"canonical":"https:\/\/rali.fr\/blog-fr\/produit\/rali-260-evolution-n\/","og_locale":"fr_FR","og_type":"article","og_title":"RALI 260 Evolution N - RALI outils bois pour les pros","og_description":"Le rabot des pros au look british et exclusif","og_url":"https:\/\/rali.fr\/blog-fr\/produit\/rali-260-evolution-n\/","og_site_name":"RALI outils bois pour les pros","article_publisher":"https:\/\/www.facebook.com\/raliswiss","article_modified_time":"2025-05-22T14:00:10+00:00","og_image":[{"width":988,"height":664,"url":"https:\/\/rali.fr\/blog-fr\/wp-content\/uploads\/2021\/01\/260n-entete2.jpg","type":"image\/jpeg"}],"twitter_card":"summary_large_image","twitter_misc":{"Dur\u00e9e de lecture estim\u00e9e":"1 minute"},"schema":{"@context":"https:\/\/schema.org","@graph":[{"@type":"WebPage","@id":"https:\/\/rali.fr\/blog-fr\/produit\/rali-260-evolution-n\/","url":"https:\/\/rali.fr\/blog-fr\/produit\/rali-260-evolution-n\/","name":"RALI 260 Evolution N - RALI outils bois pour les pros","isPartOf":{"@id":"https:\/\/rali.fr\/blog-fr\/#website"},"primaryImageOfPage":{"@id":"https:\/\/rali.fr\/blog-fr\/produit\/rali-260-evolution-n\/#primaryimage"},"image":{"@id":"https:\/\/rali.fr\/blog-fr\/produit\/rali-260-evolution-n\/#primaryimage"},"thumbnailUrl":"https:\/\/rali.fr\/blog-fr\/wp-content\/uploads\/2021\/01\/260n-entete2.jpg","datePublished":"2021-01-27T16:36:07+00:00","dateModified":"2025-05-22T14:00:10+00:00","breadcrumb":{"@id":"https:\/\/rali.fr\/blog-fr\/produit\/rali-260-evolution-n\/#breadcrumb"},"inLanguage":"fr-FR","potentialAction":[{"@type":"ReadAction","target":["https:\/\/rali.fr\/blog-fr\/produit\/rali-260-evolution-n\/"]}]},{"@type":"ImageObject","inLanguage":"fr-FR","@id":"https:\/\/rali.fr\/blog-fr\/produit\/rali-260-evolution-n\/#primaryimage","url":"https:\/\/rali.fr\/blog-fr\/wp-content\/uploads\/2021\/01\/260n-entete2.jpg","contentUrl":"https:\/\/rali.fr\/blog-fr\/wp-content\/uploads\/2021\/01\/260n-entete2.jpg","width":988,"height":664},{"@type":"BreadcrumbList","@id":"https:\/\/rali.fr\/blog-fr\/produit\/rali-260-evolution-n\/#breadcrumb","itemListElement":[{"@type":"ListItem","position":1,"name":"Shop -copie","item":"https:\/\/rali.fr\/blog-fr\/shop-2\/"},{"@type":"ListItem","position":2,"name":"RALI 260 Evolution N"}]},{"@type":"WebSite","@id":"https:\/\/rali.fr\/blog-fr\/#website","url":"https:\/\/rali.fr\/blog-fr\/","name":"RALI outils bois pour les pros","description":"Les outils bois pour les passionn\u00e9s","publisher":{"@id":"https:\/\/rali.fr\/blog-fr\/#organization"},"potentialAction":[{"@type":"SearchAction","target":{"@type":"EntryPoint","urlTemplate":"https:\/\/rali.fr\/blog-fr\/?s={search_term_string}"},"query-input":{"@type":"PropertyValueSpecification","valueRequired":true,"valueName":"search_term_string"}}],"inLanguage":"fr-FR"},{"@type":"Organization","@id":"https:\/\/rali.fr\/blog-fr\/#organization","name":"RALI","url":"https:\/\/rali.fr\/blog-fr\/","logo":{"@type":"ImageObject","inLanguage":"fr-FR","@id":"https:\/\/rali.fr\/blog-fr\/#\/schema\/logo\/image\/","url":"https:\/\/rali.fr\/blog-fr\/wp-content\/uploads\/2026\/04\/rali_logo_color_FR.gif","contentUrl":"https:\/\/rali.fr\/blog-fr\/wp-content\/uploads\/2026\/04\/rali_logo_color_FR.gif","width":1000,"height":470,"caption":"RALI"},"image":{"@id":"https:\/\/rali.fr\/blog-fr\/#\/schema\/logo\/image\/"},"sameAs":["https:\/\/www.facebook.com\/raliswiss"]}]}},"_links":{"self":[{"href":"https:\/\/rali.fr\/blog-fr\/wp-json\/wp\/v2\/product\/1174","targetHints":{"allow":["GET"]}}],"collection":[{"href":"https:\/\/rali.fr\/blog-fr\/wp-json\/wp\/v2\/product"}],"about":[{"href":"https:\/\/rali.fr\/blog-fr\/wp-json\/wp\/v2\/types\/product"}],"replies":[{"embeddable":true,"href":"https:\/\/rali.fr\/blog-fr\/wp-json\/wp\/v2\/comments?post=1174"}],"wp:featuredmedia":[{"embeddable":true,"href":"https:\/\/rali.fr\/blog-fr\/wp-json\/wp\/v2\/media\/1336"}],"wp:attachment":[{"href":"https:\/\/rali.fr\/blog-fr\/wp-json\/wp\/v2\/media?parent=1174"}],"wp:term":[{"taxonomy":"product_brand","embeddable":true,"href":"https:\/\/rali.fr\/blog-fr\/wp-json\/wp\/v2\/product_brand?post=1174"},{"taxonomy":"product_cat","embeddable":true,"href":"https:\/\/rali.fr\/blog-fr\/wp-json\/wp\/v2\/product_cat?post=1174"},{"taxonomy":"product_tag","embeddable":true,"href":"https:\/\/rali.fr\/blog-fr\/wp-json\/wp\/v2\/product_tag?post=1174"}],"curies":[{"name":"wp","href":"https:\/\/api.w.org\/{rel}","templated":true}]}}