{"id":8197,"date":"2023-11-30T11:37:58","date_gmt":"2023-11-30T10:37:58","guid":{"rendered":"https:\/\/rali.fr\/blog-fr\/?page_id=8197"},"modified":"2025-12-04T20:37:12","modified_gmt":"2025-12-04T19:37:12","slug":"boutique-noel-menuisier-ebeniste","status":"publish","type":"page","link":"https:\/\/rali.fr\/blog-fr\/boutique-noel-menuisier-ebeniste\/","title":{"rendered":"Boutique de No\u00ebl"},"content":{"rendered":"\n\n  <div class=\"banner has-hover\" id=\"banner-176595332\">\n          <div class=\"banner-inner fill\">\n        <div class=\"banner-bg fill\" >\n            <img decoding=\"async\" width=\"1020\" height=\"166\" src=\"https:\/\/rali.fr\/blog-fr\/wp-content\/uploads\/2022\/12\/AdobeStock_181655990-e1671130915991-1400x228.jpg\" class=\"bg attachment-large size-large\" alt=\"\" \/>                                    \n                    <\/div>\n\t\t\n        <div class=\"banner-layers container\">\n            <div class=\"fill banner-link\"><\/div>            \n\n   <div id=\"text-box-1478044176\" class=\"text-box banner-layer x50 md-x100 lg-x50 y95 md-y20 lg-y85 res-text\">\n                                <div class=\"text-box-content text dark\">\n              \n              <div class=\"text-inner text-center\">\n                  \n\n<h1 style=\"text-align: center;\" data-padding=\"20px\"><span style=\"font-size: 75%;\"><strong><span style=\"color: #ed1c24;\">La boutique de No\u00ebl RALI<\/span><\/strong><\/span><\/h1>\n<h3 style=\"text-align: center;\" data-padding=\"20px\"><span style=\"font-size: 75%;\"><strong><span style=\"color: #005440;\">Exp\u00e9dition J+1<\/span><\/strong><\/span><\/h3>\n\n              <\/div>\n           <\/div>\n                            \n<style>\n#text-box-1478044176 {\n  width: 100%;\n}\n#text-box-1478044176 .text-box-content {\n  font-size: 100%;\n}\n@media (min-width:550px) {\n  #text-box-1478044176 {\n    width: 78%;\n  }\n}\n<\/style>\n    <\/div>\n \n\n        <\/div>\n      <\/div>\n\n            \n<style>\n#banner-176595332 {\n  padding-top: 80%;\n}\n#banner-176595332 .banner-bg img {\n  object-position: 52% 100%;\n}\n@media (min-width:550px) {\n  #banner-176595332 {\n    padding-top: 36%;\n  }\n}\n<\/style>\n  <\/div>\n\n\n<div class=\"container section-title-container\" ><h3 class=\"section-title section-title-center\"><b><\/b><span class=\"section-title-main\" >Offre 1<\/span><b><\/b><\/h3><\/div>\n\n\n\t<section class=\"section\" id=\"section_1211227375\">\n\t\t<div class=\"section-bg fill\" >\n\t\t\t\t\t\t\t\t\t<div class=\"section-bg-overlay absolute fill\"><\/div>\n\t\t\t\n\n\t\t<\/div>\n\n\t\t\n\n\t\t<div class=\"section-content relative\">\n\t\t\t\n\n<div class=\"row row-large align-middle\"  id=\"row-698716410\">\n\n\n\t<div id=\"col-986023954\" class=\"col medium-6 small-12 large-6\"  >\n\t\t\t\t<div class=\"col-inner\"  >\n\t\t\t\n\t\t\t\n\n\t<div class=\"img has-hover x md-x lg-x y md-y lg-y\" id=\"image_794315853\">\n\t\t\t\t\t\t\t\t<div class=\"img-inner image-cover dark\" style=\"padding-top:56.25%;\">\n\t\t\t<img decoding=\"async\" width=\"1020\" height=\"680\" src=\"https:\/\/rali.fr\/blog-fr\/wp-content\/uploads\/2022\/02\/Rali-Black-Friday-24-scaled-e1645722579332-1200x800.jpg\" class=\"attachment-large size-large\" alt=\"RABOT GAMME PRO\" srcset=\"https:\/\/rali.fr\/blog-fr\/wp-content\/uploads\/2022\/02\/Rali-Black-Friday-24-scaled-e1645722579332-1200x800.jpg 1200w, https:\/\/rali.fr\/blog-fr\/wp-content\/uploads\/2022\/02\/Rali-Black-Friday-24-scaled-e1645722579332-600x400.jpg 600w, https:\/\/rali.fr\/blog-fr\/wp-content\/uploads\/2022\/02\/Rali-Black-Friday-24-scaled-e1645722579332-768x512.jpg 768w, https:\/\/rali.fr\/blog-fr\/wp-content\/uploads\/2022\/02\/Rali-Black-Friday-24-scaled-e1645722579332-1536x1024.jpg 1536w, https:\/\/rali.fr\/blog-fr\/wp-content\/uploads\/2022\/02\/Rali-Black-Friday-24-scaled-e1645722579332-2048x1365.jpg 2048w\" sizes=\"(max-width: 1020px) 100vw, 1020px\" \/>\t\t\t\t\t\t\n\t\t\t\t\t<\/div>\n\t\t\t\t\t\t\t\t\n<style>\n#image_794315853 {\n  width: 100%;\n}\n<\/style>\n\t<\/div>\n\t\n\n\n\t\t<\/div>\n\t\t\t\t\t<\/div>\n\n\t\n\n\t<div id=\"col-1337979026\" class=\"col medium-6 small-12 large-6\"  >\n\t\t\t\t<div class=\"col-inner text-left\"  >\n\t\t\t\n\t\t\t\n\n<h2>Pour l&rsquo;achat d&rsquo;un Rabot Evolution N, \u00e0 r\u00e9glage simple et sans aff\u00fbtage<\/h2>\n<p><strong><span style=\"font-size: 150%;\">-10%<\/span><\/strong>\u00a0avec le code <span style=\"font-size: 150%; color: #ff0000;\">RALI2023<\/span><\/p>\n<a class=\"button success\"  >\n\t\t<span>Voir tous les rabots<\/span>\n\t<i class=\"icon-angle-right\" aria-hidden=\"true\" ><\/i><\/a>\n\n\n\n\t\t<\/div>\n\t\t\t\t\t<\/div>\n\n\t\n\n<\/div>\n<div class=\"row row-large align-middle\"  id=\"row-1280552911\">\n\n\n\t<div id=\"col-780743229\" class=\"col medium-6 small-12 large-6\"  >\n\t\t\t\t<div class=\"col-inner\"  >\n\t\t\t\n\t\t\t\n\n\t<div class=\"img has-hover x md-x lg-x y md-y lg-y\" id=\"image_510660345\">\n\t\t\t\t\t\t\t\t<div class=\"img-inner image-cover dark\" style=\"padding-top:56.25%;\">\n\t\t\t<img decoding=\"async\" width=\"768\" height=\"768\" src=\"https:\/\/rali.fr\/blog-fr\/wp-content\/uploads\/2020\/10\/Rali-Shark02-768x768.jpg\" class=\"attachment-medium_large size-medium_large\" alt=\"\" srcset=\"https:\/\/rali.fr\/blog-fr\/wp-content\/uploads\/2020\/10\/Rali-Shark02-768x768.jpg 768w, https:\/\/rali.fr\/blog-fr\/wp-content\/uploads\/2020\/10\/Rali-Shark02-scaled-600x600.jpg 600w, https:\/\/rali.fr\/blog-fr\/wp-content\/uploads\/2020\/10\/Rali-Shark02-scaled-100x100.jpg 100w, https:\/\/rali.fr\/blog-fr\/wp-content\/uploads\/2020\/10\/Rali-Shark02-400x400.jpg 400w, https:\/\/rali.fr\/blog-fr\/wp-content\/uploads\/2020\/10\/Rali-Shark02-800x800.jpg 800w, https:\/\/rali.fr\/blog-fr\/wp-content\/uploads\/2020\/10\/Rali-Shark02-280x280.jpg 280w, https:\/\/rali.fr\/blog-fr\/wp-content\/uploads\/2020\/10\/Rali-Shark02-1536x1536.jpg 1536w, https:\/\/rali.fr\/blog-fr\/wp-content\/uploads\/2020\/10\/Rali-Shark02-2048x2048.jpg 2048w\" sizes=\"(max-width: 768px) 100vw, 768px\" \/>\t\t\t\t\t\t\n\t\t\t\t\t<\/div>\n\t\t\t\t\t\t\t\t\n<style>\n#image_510660345 {\n  width: 100%;\n}\n<\/style>\n\t<\/div>\n\t\n\n\n\t\t<\/div>\n\t\t\t\t\t<\/div>\n\n\t\n\n\t<div id=\"col-569094554\" class=\"col medium-6 small-12 large-6\"  >\n\t\t\t\t<div class=\"col-inner text-left\"  >\n\t\t\t\n\t\t\t\n\n<h2>Pour l&rsquo;achat de ciseaux \u00e0 bois multifonctions RALI SHARK<\/h2>\n<p><strong><span style=\"font-size: 150%;\">-10%<\/span><\/strong>\u00a0avec le code <span style=\"font-size: 150%; color: #ff0000;\">RALI2023<\/span><\/p>\n<a class=\"button success\"  >\n\t\t<span>Voir tous les ciseaux<\/span>\n\t<i class=\"icon-angle-right\" aria-hidden=\"true\" ><\/i><\/a>\n\n\n\n\t\t<\/div>\n\t\t\t\t\t<\/div>\n\n\t\n\n<\/div>\n\n\t\t<\/div>\n\n\t\t\n<style>\n#section_1211227375 {\n  padding-top: 60px;\n  padding-bottom: 60px;\n  background-color: rgb(193, 193, 193);\n}\n#section_1211227375 .section-bg-overlay {\n  background-color: rgba(255, 255, 255, 0.85);\n}\n<\/style>\n\t<\/section>\n\t\n<div class=\"row\"  id=\"row-1295248742\">\n\n\n\t<div id=\"col-754883759\" class=\"col small-12 large-12\"  >\n\t\t\t\t<div class=\"col-inner text-center\"  >\n\t\t\t\n\t\t\t\n\n<a href=\"#0FFRES\" class=\"button alert\"  >\n\t\t<span>\u2193 R\u00e9capitulatif des offres \u2193<\/span>\n\t<\/a>\n\n\n\n\t\t<\/div>\n\t\t\t\t\t<\/div>\n\n\t\n\n<\/div>\n<div class=\"container section-title-container\" ><h2 class=\"section-title section-title-center\"><b><\/b><span class=\"section-title-main\" >Les conseils d'Olivier Verdier pour vous aider \u00e0 bien choisir<\/span><b><\/b><\/h2><\/div>\n\n<p style=\"text-align: center;\"><span style=\"font-size: 120%;\">D\u00e9couvrez la selection <strong>d&rsquo;Olivier Verdier<\/strong> pour bien vous \u00e9quiper avec les outils RALI.<\/span><\/p>\n<div class=\"row align-center\"  id=\"row-61523616\">\n\n\n\t<div id=\"col-941961131\" class=\"col medium-9 small-12 large-9\"  >\n\t\t\t\t<div class=\"col-inner text-center\"  >\n\t\t\t\n\t\t\t\n\n\t\t<div class=\"video-responsive\">\n\t\t\t\t\n\n<iframe src=\"https:\/\/www.youtube.com\/embed\/ukbKGB3hYq4?cc_load_policy=1&amp;rel=0\" frameborder=\"0\"><\/iframe>\n\t\t<\/div>\n\t\n\n\t\t<\/div>\n\t\t\t\t\t<\/div>\n\n\t\n\n<\/div>\n<div class=\"row align-center\"  id=\"row-623122442\">\n\n\n\t<div id=\"col-155228771\" class=\"col medium-10 small-12 large-10\"  >\n\t\t\t\t<div class=\"col-inner text-center\"  >\n\t\t\t\n\t\t\t\n\n<p style=\"text-align: center;\"><em><span style=\"font-size: 120%;\">\u00ab La mallette rabots avec les ciseaux RALI Shark, c\u2019est un ensemble absolument g\u00e9nial qui \u00e9vite d\u2019avoir \u00e0 se pr\u00e9occuper des histoires d\u2019aff\u00fbtage. <br \/><\/span><\/em><span style=\"font-size: 120%;\"><em>C\u2019est toujours pr\u00eat et sous la main, les lames durent super longtemps !\u00bb<\/em><\/span><\/p>\n\n\t\t<\/div>\n\t\t\t\t\t<\/div>\n\n\t\n\n<\/div>\n<div class=\"row\"  id=\"row-2075669808\">\n\n\n\t<div id=\"col-1983860101\" class=\"col medium-3 small-6 large-3\"  >\n\t\t\t\t<div class=\"col-inner\"  >\n\t\t\t\n\t\t\t\n\n\t<div class=\"box has-hover   has-hover box-text-bottom\" >\n\n\t\t<div class=\"box-image\" >\n\t\t\t\t\t\t<div class=\"image-cover\" style=\"padding-top:70%;\">\n\t\t\t\t<img decoding=\"async\" width=\"800\" height=\"533\" src=\"https:\/\/rali.fr\/blog-fr\/wp-content\/uploads\/2022\/12\/systainer_220_evo_n_0016.jpg-magento-1.jpg\" class=\"attachment- size-\" alt=\"\" srcset=\"https:\/\/rali.fr\/blog-fr\/wp-content\/uploads\/2022\/12\/systainer_220_evo_n_0016.jpg-magento-1.jpg 800w, https:\/\/rali.fr\/blog-fr\/wp-content\/uploads\/2022\/12\/systainer_220_evo_n_0016.jpg-magento-1-768x512.jpg 768w\" sizes=\"(max-width: 800px) 100vw, 800px\" \/>\t\t\t\t\t\t\t\t\t\t\t<\/div>\n\t\t\t\t\t<\/div>\n\n\t\t<div class=\"box-text text-center\" >\n\t\t\t<div class=\"box-text-inner\">\n\t\t\t\t\n\n<h4>LES MALLETTES<\/h4>\n<p><em>Le top \u00e9quipement<\/em><\/p>\n<a href=\"\/valises.html\" class=\"button alert\"  >\n\t\t<span>Voir la fiche technique<\/span>\n\t<\/a>\n\n\n\n\t\t\t<\/div>\n\t\t<\/div>\n\t<\/div>\n\t\n\n\t\t<\/div>\n\t\t\t\t\t<\/div>\n\n\t\n\n\t<div id=\"col-1531343127\" class=\"col medium-3 small-6 large-3\"  >\n\t\t\t\t<div class=\"col-inner\"  >\n\t\t\t\n\t\t\t\n\n\t<div class=\"box has-hover   has-hover box-text-bottom\" >\n\n\t\t<div class=\"box-image\" >\n\t\t\t\t\t\t<div class=\"\" >\n\t\t\t\t<img decoding=\"async\" width=\"460\" height=\"322\" src=\"https:\/\/rali.fr\/blog-fr\/wp-content\/uploads\/2022\/12\/220_evon.jpg\" class=\"attachment- size-\" alt=\"\" \/>\t\t\t\t\t\t\t\t\t\t\t<\/div>\n\t\t\t\t\t<\/div>\n\n\t\t<div class=\"box-text text-center\" >\n\t\t\t<div class=\"box-text-inner\">\n\t\t\t\t\n\n<h3>220 EVOLUTION N<\/h3>\n<p><em>Le plus polyvalent<\/em><\/p>\n<a href=\"\/rali-professionnel-220-evolution-n.html\" class=\"button alert\"  >\n\t\t<span>Voir la fiche technique<\/span>\n\t<\/a>\n\n\n\n\t\t\t<\/div>\n\t\t<\/div>\n\t<\/div>\n\t\n\n\t\t<\/div>\n\t\t\t\t\t<\/div>\n\n\t\n\n\t<div id=\"col-231178759\" class=\"col medium-3 small-6 large-3\"  >\n\t\t\t\t<div class=\"col-inner\"  >\n\t\t\t\n\t\t\t\n\n\t<div class=\"box has-hover   has-hover box-text-bottom\" >\n\n\t\t<div class=\"box-image\" >\n\t\t\t\t\t\t<div class=\"image-cover\" style=\"padding-top:70%;\">\n\t\t\t\t<img decoding=\"async\" width=\"460\" height=\"322\" src=\"https:\/\/rali.fr\/blog-fr\/wp-content\/uploads\/2022\/12\/g03.jpg\" class=\"attachment- size-\" alt=\"\" \/>\t\t\t\t\t\t\t\t\t\t\t<\/div>\n\t\t\t\t\t<\/div>\n\n\t\t<div class=\"box-text text-center\" >\n\t\t\t<div class=\"box-text-inner\">\n\t\t\t\t\n\n<h3>GUILLAUME G03<\/h3>\n<p><em>Mon guillaume pr\u00e9f\u00e9r\u00e9<\/em><\/p>\n<a href=\"\/rabot-guillaume-rali-g03.html\" class=\"button alert\"  >\n\t\t<span>Voir la fiche technique<\/span>\n\t<\/a>\n\n\n\n\t\t\t<\/div>\n\t\t<\/div>\n\t<\/div>\n\t\n\n\t\t<\/div>\n\t\t\t\t\t<\/div>\n\n\t\n\n\t<div id=\"col-435861164\" class=\"col medium-3 small-6 large-3\"  >\n\t\t\t\t<div class=\"col-inner\"  >\n\t\t\t\n\t\t\t\n\n\t<div class=\"box has-hover   has-hover box-text-bottom\" >\n\n\t\t<div class=\"box-image\" >\n\t\t\t\t\t\t<div class=\"image-cover\" style=\"padding-top:70%;\">\n\t\t\t\t<img decoding=\"async\" width=\"1200\" height=\"840\" src=\"https:\/\/rali.fr\/blog-fr\/wp-content\/uploads\/2022\/12\/rali_shark_case_exclusive-complete_2-1.jpeg\" class=\"attachment- size-\" alt=\"rali shark\" srcset=\"https:\/\/rali.fr\/blog-fr\/wp-content\/uploads\/2022\/12\/rali_shark_case_exclusive-complete_2-1.jpeg 1200w, https:\/\/rali.fr\/blog-fr\/wp-content\/uploads\/2022\/12\/rali_shark_case_exclusive-complete_2-1-857x600.jpeg 857w, https:\/\/rali.fr\/blog-fr\/wp-content\/uploads\/2022\/12\/rali_shark_case_exclusive-complete_2-1-768x538.jpeg 768w\" sizes=\"(max-width: 1200px) 100vw, 1200px\" \/>\t\t\t\t\t\t\t\t\t\t\t<\/div>\n\t\t\t\t\t<\/div>\n\n\t\t<div class=\"box-text text-center\" >\n\t\t\t<div class=\"box-text-inner\">\n\t\t\t\t\n\n<h4>SHARK EXCLUSIVE<\/h4>\n<p><em>A emmener sur tous les chantiers<\/em><\/p>\n<a href=\"\/rali-shark-exclusive-new.html\" class=\"button alert\"  >\n\t\t<span>Voir la fiche technique<\/span>\n\t<\/a>\n\n\n\n\t\t\t<\/div>\n\t\t<\/div>\n\t<\/div>\n\t\n\n\t\t<\/div>\n\t\t\t\t\t<\/div>\n\n\t\n\n<\/div>\n<span class=\"scroll-to\" data-label=\"Scroll to: #0FFRE\" data-bullet=\"true\" data-link=\"#0FFRE\" data-title=\"Voir les offres\" ><a name=\"0FFRE\"><\/a><\/span>\n\n<div class=\"container section-title-container\" ><h2 class=\"section-title section-title-center\"><b><\/b><span class=\"section-title-main\" >En ce moment<\/span><b><\/b><\/h2><\/div>\n\n<div class=\"row align-equal align-center\"  id=\"row-316371407\">\n\n\n\t<div id=\"col-950491217\" class=\"col medium-9 small-12 large-9\"  >\n\t\t\t\t<div class=\"col-inner text-center box-shadow-3 box-shadow-1-hover dark\" style=\"background-color:rgb(0,0,0);\" >\n\t\t\t\n\t\t\t\n\n\t<div id=\"text-694279781\" class=\"text\">\n\t\t\n\n<p><span style=\"font-size: 200%;\"><span style=\"font-size: 160%;\"><span style=\"color: #ffffff;\">Aujourd'hui<br \/><\/span><\/span><\/span><\/p>\n<p><span style=\"font-size: 200%;\"><span style=\"color: #ed1c24; font-size: 150%;\">-15\u20ac\/chf <\/span>offerts<br \/>tous les 100\u20ac\/chf d'achat*<br \/>\n<\/span><\/p>\n\t\t\n<style>\n#text-694279781 {\n  line-height: 1.2;\n}\n<\/style>\n\t<\/div>\n\t\n<a href=\"\/rabots.html\" class=\"button success\"  >\n\t\t<span>Voir les outils<\/span>\n\t<\/a>\n\n\n\t<div id=\"text-2053597365\" class=\"text\">\n\t\t\n\n<p>*hors promotions<\/p>\n\t\t\n<style>\n#text-2053597365 {\n  font-size: 0.75rem;\n  text-align: right;\n}\n<\/style>\n\t<\/div>\n\t\n\n\t\t<\/div>\n\t\t\t\t\n<style>\n#col-950491217 > .col-inner {\n  padding: 20px 20px 0px 20px;\n  border-radius: 30px;\n}\n<\/style>\n\t<\/div>\n\n\t\n\n\t<div id=\"col-1705156102\" class=\"col medium-9 small-12 large-9\"  >\n\t\t\t\t<div class=\"col-inner text-center box-shadow-3 box-shadow-1-hover dark\" style=\"background-color:rgb(0,0,0);\" >\n\t\t\t\n\t\t\t\n\n\t<div id=\"text-729843852\" class=\"text\">\n\t\t\n\n<p><span style=\"font-size: 200%;\"><span style=\"font-size: 160%;\"><span style=\"color: #ffffff;\">OFFRE PACKS<br \/><\/span><\/span><\/span><\/p>\n<p><span style=\"font-size: 200%;\">Jusqu'\u00e0 <span style=\"color: #ed1c24; font-size: 150%;\">-50% <\/span>sur le 2\u00e8me outil<br \/>dans nos packs d'\u00e9quipement<br \/><\/span><\/p>\n\t\t\n<style>\n#text-729843852 {\n  line-height: 1.2;\n}\n<\/style>\n\t<\/div>\n\t\n<a href=\"\/promo.html\" class=\"button success\"  >\n\t\t<span>Voir les packs<\/span>\n\t<\/a>\n\n\n\t<div id=\"text-606299115\" class=\"text hidden\">\n\t\t\n\n<p>*hors promotions<\/p>\n\t\t\n<style>\n#text-606299115 {\n  font-size: 0.75rem;\n  text-align: right;\n}\n<\/style>\n\t<\/div>\n\t\n\n\t\t<\/div>\n\t\t\t\t\n<style>\n#col-1705156102 > .col-inner {\n  padding: 20px 20px 0px 20px;\n  border-radius: 30px;\n}\n<\/style>\n\t<\/div>\n\n\t\n\n\n<style>\n#row-316371407 > .col > .col-inner {\n  background-color: rgb(0,0,0);\n}\n<\/style>\n<\/div>\n\n\n\n\n\n<div class=\"row\"  id=\"row-1465156831\">\n\n\n\t<div id=\"col-1624219716\" class=\"col small-12 large-12\"  >\n\t\t\t\t<div class=\"col-inner\"  >\n\t\t\t\n\t\t\t\n\n<div class=\"social-icons follow-icons full-width text-center\" style=\"font-size:108%\"><span>Suivez Olivier Verdier sur ses r\u00e9seaux sociaux<\/span><a href=\"https:\/\/www.instagram.com\/olive.verdier\/?hl=fr\" target=\"_blank\" data-label=\"Instagram\" class=\"icon primary button circle instagram tooltip\" title=\"Nous suivre sur Instagram\" aria-label=\"Nous suivre sur Instagram\" rel=\"noopener nofollow\" ><i class=\"icon-instagram\" ><\/i><\/a><a href=\"https:\/\/www.youtube.com\/c\/OlivierVerdier\" data-label=\"YouTube\" target=\"_blank\" class=\"icon primary button circle youtube tooltip\" title=\"Nous suivre sur Youtube\" aria-label=\"Nous suivre sur Youtube\" rel=\"noopener nofollow\" ><i class=\"icon-youtube\" ><\/i><\/a><\/div>\n\n\n\t\t<\/div>\n\t\t\t\t\t<\/div>\n\n\t\n\n<\/div>\n\n","protected":false},"excerpt":{"rendered":"","protected":false},"author":1,"featured_media":0,"parent":0,"menu_order":0,"comment_status":"closed","ping_status":"closed","template":"page-blank.php","meta":{"_yoast_wpseo_focuskw":"","_yoast_wpseo_title":"","_yoast_wpseo_metadesc":"","rank_math_description":"","rank_math_focus_keyword":"","rank_math_title":"","footnotes":""},"class_list":["post-8197","page","type-page","status-publish","hentry"],"yoast_head":"<!-- This site is optimized with the Yoast SEO plugin v25.3 - https:\/\/yoast.com\/wordpress\/plugins\/seo\/ -->\n<title>Boutique de No\u00ebl - RALI outils bois pour les pros<\/title>\n<meta name=\"robots\" content=\"index, follow, max-snippet:-1, max-image-preview:large, max-video-preview:-1\" \/>\n<link rel=\"canonical\" href=\"https:\/\/rali.fr\/blog-fr\/boutique-noel-menuisier-ebeniste\/\" \/>\n<meta property=\"og:locale\" content=\"fr_FR\" \/>\n<meta property=\"og:type\" content=\"article\" \/>\n<meta property=\"og:title\" content=\"Boutique de No\u00ebl - RALI outils bois pour les pros\" \/>\n<meta property=\"og:url\" content=\"https:\/\/rali.fr\/blog-fr\/boutique-noel-menuisier-ebeniste\/\" \/>\n<meta property=\"og:site_name\" content=\"RALI outils bois pour les pros\" \/>\n<meta property=\"article:publisher\" content=\"https:\/\/www.facebook.com\/raliswiss\" \/>\n<meta property=\"article:modified_time\" content=\"2025-12-04T19:37:12+00:00\" \/>\n<meta name=\"twitter:card\" content=\"summary_large_image\" \/>\n<script type=\"application\/ld+json\" class=\"yoast-schema-graph\">{\"@context\":\"https:\/\/schema.org\",\"@graph\":[{\"@type\":\"WebPage\",\"@id\":\"https:\/\/rali.fr\/blog-fr\/boutique-noel-menuisier-ebeniste\/\",\"url\":\"https:\/\/rali.fr\/blog-fr\/boutique-noel-menuisier-ebeniste\/\",\"name\":\"Boutique de No\u00ebl - RALI outils bois pour les pros\",\"isPartOf\":{\"@id\":\"https:\/\/rali.fr\/blog-fr\/#website\"},\"datePublished\":\"2023-11-30T10:37:58+00:00\",\"dateModified\":\"2025-12-04T19:37:12+00:00\",\"inLanguage\":\"fr-FR\",\"potentialAction\":[{\"@type\":\"ReadAction\",\"target\":[\"https:\/\/rali.fr\/blog-fr\/boutique-noel-menuisier-ebeniste\/\"]}]},{\"@type\":\"WebSite\",\"@id\":\"https:\/\/rali.fr\/blog-fr\/#website\",\"url\":\"https:\/\/rali.fr\/blog-fr\/\",\"name\":\"RALI outils bois pour les pros\",\"description\":\"Les outils bois pour les passionn\u00e9s\",\"publisher\":{\"@id\":\"https:\/\/rali.fr\/blog-fr\/#organization\"},\"potentialAction\":[{\"@type\":\"SearchAction\",\"target\":{\"@type\":\"EntryPoint\",\"urlTemplate\":\"https:\/\/rali.fr\/blog-fr\/?s={search_term_string}\"},\"query-input\":{\"@type\":\"PropertyValueSpecification\",\"valueRequired\":true,\"valueName\":\"search_term_string\"}}],\"inLanguage\":\"fr-FR\"},{\"@type\":\"Organization\",\"@id\":\"https:\/\/rali.fr\/blog-fr\/#organization\",\"name\":\"RALI\",\"url\":\"https:\/\/rali.fr\/blog-fr\/\",\"logo\":{\"@type\":\"ImageObject\",\"inLanguage\":\"fr-FR\",\"@id\":\"https:\/\/rali.fr\/blog-fr\/#\/schema\/logo\/image\/\",\"url\":\"https:\/\/rali.fr\/blog-fr\/wp-content\/uploads\/2026\/04\/rali_logo_color_FR.gif\",\"contentUrl\":\"https:\/\/rali.fr\/blog-fr\/wp-content\/uploads\/2026\/04\/rali_logo_color_FR.gif\",\"width\":1000,\"height\":470,\"caption\":\"RALI\"},\"image\":{\"@id\":\"https:\/\/rali.fr\/blog-fr\/#\/schema\/logo\/image\/\"},\"sameAs\":[\"https:\/\/www.facebook.com\/raliswiss\"]}]}<\/script>\n<!-- \/ Yoast SEO plugin. -->","yoast_head_json":{"title":"Boutique de No\u00ebl - RALI outils bois pour les pros","robots":{"index":"index","follow":"follow","max-snippet":"max-snippet:-1","max-image-preview":"max-image-preview:large","max-video-preview":"max-video-preview:-1"},"canonical":"https:\/\/rali.fr\/blog-fr\/boutique-noel-menuisier-ebeniste\/","og_locale":"fr_FR","og_type":"article","og_title":"Boutique de No\u00ebl - RALI outils bois pour les pros","og_url":"https:\/\/rali.fr\/blog-fr\/boutique-noel-menuisier-ebeniste\/","og_site_name":"RALI outils bois pour les pros","article_publisher":"https:\/\/www.facebook.com\/raliswiss","article_modified_time":"2025-12-04T19:37:12+00:00","twitter_card":"summary_large_image","schema":{"@context":"https:\/\/schema.org","@graph":[{"@type":"WebPage","@id":"https:\/\/rali.fr\/blog-fr\/boutique-noel-menuisier-ebeniste\/","url":"https:\/\/rali.fr\/blog-fr\/boutique-noel-menuisier-ebeniste\/","name":"Boutique de No\u00ebl - RALI outils bois pour les pros","isPartOf":{"@id":"https:\/\/rali.fr\/blog-fr\/#website"},"datePublished":"2023-11-30T10:37:58+00:00","dateModified":"2025-12-04T19:37:12+00:00","inLanguage":"fr-FR","potentialAction":[{"@type":"ReadAction","target":["https:\/\/rali.fr\/blog-fr\/boutique-noel-menuisier-ebeniste\/"]}]},{"@type":"WebSite","@id":"https:\/\/rali.fr\/blog-fr\/#website","url":"https:\/\/rali.fr\/blog-fr\/","name":"RALI outils bois pour les pros","description":"Les outils bois pour les passionn\u00e9s","publisher":{"@id":"https:\/\/rali.fr\/blog-fr\/#organization"},"potentialAction":[{"@type":"SearchAction","target":{"@type":"EntryPoint","urlTemplate":"https:\/\/rali.fr\/blog-fr\/?s={search_term_string}"},"query-input":{"@type":"PropertyValueSpecification","valueRequired":true,"valueName":"search_term_string"}}],"inLanguage":"fr-FR"},{"@type":"Organization","@id":"https:\/\/rali.fr\/blog-fr\/#organization","name":"RALI","url":"https:\/\/rali.fr\/blog-fr\/","logo":{"@type":"ImageObject","inLanguage":"fr-FR","@id":"https:\/\/rali.fr\/blog-fr\/#\/schema\/logo\/image\/","url":"https:\/\/rali.fr\/blog-fr\/wp-content\/uploads\/2026\/04\/rali_logo_color_FR.gif","contentUrl":"https:\/\/rali.fr\/blog-fr\/wp-content\/uploads\/2026\/04\/rali_logo_color_FR.gif","width":1000,"height":470,"caption":"RALI"},"image":{"@id":"https:\/\/rali.fr\/blog-fr\/#\/schema\/logo\/image\/"},"sameAs":["https:\/\/www.facebook.com\/raliswiss"]}]}},"_links":{"self":[{"href":"https:\/\/rali.fr\/blog-fr\/wp-json\/wp\/v2\/pages\/8197","targetHints":{"allow":["GET"]}}],"collection":[{"href":"https:\/\/rali.fr\/blog-fr\/wp-json\/wp\/v2\/pages"}],"about":[{"href":"https:\/\/rali.fr\/blog-fr\/wp-json\/wp\/v2\/types\/page"}],"author":[{"embeddable":true,"href":"https:\/\/rali.fr\/blog-fr\/wp-json\/wp\/v2\/users\/1"}],"replies":[{"embeddable":true,"href":"https:\/\/rali.fr\/blog-fr\/wp-json\/wp\/v2\/comments?post=8197"}],"version-history":[{"count":70,"href":"https:\/\/rali.fr\/blog-fr\/wp-json\/wp\/v2\/pages\/8197\/revisions"}],"predecessor-version":[{"id":12126,"href":"https:\/\/rali.fr\/blog-fr\/wp-json\/wp\/v2\/pages\/8197\/revisions\/12126"}],"wp:attachment":[{"href":"https:\/\/rali.fr\/blog-fr\/wp-json\/wp\/v2\/media?parent=8197"}],"curies":[{"name":"wp","href":"https:\/\/api.w.org\/{rel}","templated":true}]}}