{"id":7562,"date":"2022-06-21T12:20:21","date_gmt":"2022-06-21T10:20:21","guid":{"rendered":"https:\/\/rali.fr\/blog-fr\/?page_id=7562"},"modified":"2023-09-14T12:43:59","modified_gmt":"2023-09-14T10:43:59","slug":"usage-des-ciseaux-rali-shark","status":"publish","type":"page","link":"https:\/\/rali.fr\/blog-fr\/usage-des-ciseaux-rali-shark\/","title":{"rendered":"Guide : L&rsquo;utilisation des ciseaux RALI SHARK"},"content":{"rendered":"\n\n\t<section class=\"section dark\" id=\"section_1747432958\">\n\t\t<div class=\"section-bg fill\" >\n\t\t\t<img decoding=\"async\" width=\"478\" height=\"299\" src=\"https:\/\/rali.fr\/blog-fr\/wp-content\/uploads\/2022\/06\/ralishark_chgt_ctx_1_1_2_1.jpeg\" class=\"bg attachment- size-\" alt=\"rali shark\" \/>\t\t\t\t\t\t<div class=\"section-bg-overlay absolute fill\"><\/div>\n\t\t\t\n\n\t\t<\/div>\n\n\t\t\n\n\t\t<div class=\"section-content relative\">\n\t\t\t\n\n\t<div id=\"text-253068623\" class=\"text\">\n\t\t\n\n<h1 id=\"page-title-heading\" class=\"page-title uppercase\" aria-labelledby=\"page-title-heading toolbar-amount\"><span class=\"base\" style=\"color: #333333;\" data-ui-id=\"page-title-wrapper\">L&rsquo;utilisation des ciseaux rali shark<\/span><\/h1>\n\t\t\n<style>\n#text-253068623 {\n  font-size: 1.5rem;\n  text-align: center;\n}\n<\/style>\n\t<\/div>\n\t\n\t<div id=\"gap-832238952\" class=\"gap-element clearfix\" style=\"display:block; height:auto;\">\n\t\t\n<style>\n#gap-832238952 {\n  padding-top: 60px;\n}\n<\/style>\n\t<\/div>\n\t\n\n\n\t\t<\/div>\n\n\t\t\n<style>\n#section_1747432958 {\n  padding-top: 30px;\n  padding-bottom: 30px;\n  min-height: 500px;\n}\n#section_1747432958 .section-bg-overlay {\n  background-color: rgba(0, 0, 0, 0.15);\n}\n#section_1747432958 .section-bg img {\n  object-position: 48% 38%;\n}\n@media (min-width:550px) {\n  #section_1747432958 {\n    min-height: 600px;\n  }\n  #section_1747432958 .section-bg-overlay {\n    background-color: rgba(0, 0, 0, 0.09);\n  }\n}\n@media (min-width:850px) {\n  #section_1747432958 .section-bg-overlay {\n    background-color: rgba(133, 133, 133, 0.093);\n  }\n}\n<\/style>\n\t<\/section>\n\t\n<div class=\"row\"  id=\"row-962163634\">\n\n\n\t<div id=\"col-1055691650\" class=\"col small-12 large-12\"  >\n\t\t\t\t<div class=\"col-inner\"  >\n\t\t\t\n\t\t\t\n\n<h2 class=\"wysiwyg\" style=\"text-align: center;\"><span style=\"font-size: 130%;\">Changement de couteau<\/span><\/h2>\n<h3 class=\"titre_2\"><span style=\"font-size: 130%;\">RALI shark M et L<\/span><\/h3>\n<p><a href=\"\/accessoires\/accessoires-ciseaux.html\" rel=\"nofollow\">Le couteau<\/a> se change en quelques secondes\u00a0sans outillage suppl\u00e9mentaire.<\/p>\n<ul>\n<li><span class=\"clr_noir\">Pressez sur la lib\u00e9ration du couvercle du porte-outil<\/span>\u00a0<span class=\"clr_bleu\">(1)a<\/span><\/li>\n<li><span class=\"clr_noir\">Tout en maintenant la pression, tirer le couvercle du porte-outil en direction du manche<\/span>\u00a0<span class=\"clr_bleu\">(1)b<\/span><\/li>\n<li><span class=\"clr_noir\">Changer le couteau<\/span>\u00a0<span class=\"clr_bleu\">(2)<\/span><\/li>\n<li><span class=\"clr_noir\">Repousser le couvercle du porte-outil en direction du couteau jusqu\u2019\u00e0 entendre un clic<\/span>\u00a0<span class=\"clr_bleu\">(3)<\/span><\/li>\n<\/ul>\n<div class=\"row\"  id=\"row-390330144\">\n\n\n\t<div id=\"col-1147861616\" class=\"col medium-4 small-12 large-4\"  >\n\t\t\t\t<div class=\"col-inner\"  >\n\t\t\t\n\t\t\t\n\n\t<div class=\"img has-hover x md-x lg-x y md-y lg-y\" id=\"image_2009122229\">\n\t\t\t\t\t\t\t\t<div class=\"img-inner dark\" >\n\t\t\t<img decoding=\"async\" width=\"460\" height=\"322\" src=\"https:\/\/rali.fr\/blog-fr\/wp-content\/uploads\/2022\/06\/shark_M_L_changement_couteau_etape_1.jpg\" class=\"attachment-large size-large\" alt=\"couteau rali shark\" \/>\t\t\t\t\t\t\n\t\t\t\t\t<\/div>\n\t\t\t\t\t\t\t\t\n<style>\n#image_2009122229 {\n  width: 100%;\n}\n<\/style>\n\t<\/div>\n\t\n\n\n\t\t<\/div>\n\t\t\t\t\t<\/div>\n\n\t\n\n\t<div id=\"col-1410329403\" class=\"col medium-4 small-12 large-4\"  >\n\t\t\t\t<div class=\"col-inner\"  >\n\t\t\t\n\t\t\t\n\n\t<div class=\"img has-hover x md-x lg-x y md-y lg-y\" id=\"image_1041617830\">\n\t\t\t\t\t\t\t\t<div class=\"img-inner dark\" >\n\t\t\t<img decoding=\"async\" width=\"460\" height=\"322\" src=\"https:\/\/rali.fr\/blog-fr\/wp-content\/uploads\/2022\/06\/shark_M_L_changement_couteau_etape_2.jpg\" class=\"attachment-large size-large\" alt=\"rali shark\" \/>\t\t\t\t\t\t\n\t\t\t\t\t<\/div>\n\t\t\t\t\t\t\t\t\n<style>\n#image_1041617830 {\n  width: 100%;\n}\n<\/style>\n\t<\/div>\n\t\n\n\n\t\t<\/div>\n\t\t\t\t\t<\/div>\n\n\t\n\n\t<div id=\"col-799359152\" class=\"col medium-4 small-12 large-4\"  >\n\t\t\t\t<div class=\"col-inner\"  >\n\t\t\t\n\t\t\t\n\n\t<div class=\"img has-hover x md-x lg-x y md-y lg-y\" id=\"image_1987488670\">\n\t\t\t\t\t\t\t\t<div class=\"img-inner dark\" >\n\t\t\t<img decoding=\"async\" width=\"460\" height=\"322\" src=\"https:\/\/rali.fr\/blog-fr\/wp-content\/uploads\/2022\/06\/shark_M_L_changement_couteau_etape_3.jpg\" class=\"attachment-large size-large\" alt=\"rali shark\" \/>\t\t\t\t\t\t\n\t\t\t\t\t<\/div>\n\t\t\t\t\t\t\t\t\n<style>\n#image_1987488670 {\n  width: 100%;\n}\n<\/style>\n\t<\/div>\n\t\n\n\n\t\t<\/div>\n\t\t\t\t\t<\/div>\n\n\t\n\n<\/div>\n\n\t\t<\/div>\n\t\t\t\t\t<\/div>\n\n\t\n\n<\/div>\n<div class=\"row align-center\"  id=\"row-670362870\">\n\n\n\t<div id=\"col-1666690620\" class=\"col medium-8 small-12 large-8\"  >\n\t\t\t\t<div class=\"col-inner text-center\"  >\n\t\t\t\n\t\t\t\n\n\t\t<div class=\"video-responsive\">\n\t\t\t\t\n\n<iframe src=\"https:\/\/www.youtube.com\/embed\/id2YZDpvEGs?cc_load_policy=1&amp;rel=0\" frameborder=\"0\"><\/iframe>\n\t\t<\/div>\n\t\n\n\t\t<\/div>\n\t\t\t\t\t<\/div>\n\n\t\n\n<\/div>\n<div class=\"text-center\"><div class=\"is-divider divider clearfix\" style=\"max-width:400px;background-color:rgb(165, 165, 165);\"><\/div><\/div>\n\n<div class=\"row\"  id=\"row-274558557\">\n\n\n\t<div id=\"col-1750120788\" class=\"col small-12 large-12\"  >\n\t\t\t\t<div class=\"col-inner\"  >\n\t\t\t\n\t\t\t\n\n<h3 class=\"titre_2\"><span style=\"font-size: 130%;\">RALI shark S<\/span><\/h3>\n<p><a href=\"\/ciseaux-a-bois-rali.html\">Le couteau du ciseau \u00e0 bois <\/a>se change en quelques secondes sans outillage suppl\u00e9mentaire.<\/p>\n<ul>\n<li><span class=\"clr_noir\">Pressez sur la lib\u00e9ration du couvercle du porte-outil<\/span>&nbsp;<span class=\"clr_bleu\">(1)a<\/span><\/li>\n<li><span class=\"clr_noir\">Tout en maintenant la pression, tirer le couvercle du porte-outil en direction du manche de quelques millim\u00e8tres en le tirant c\u00f4t\u00e9 couteau<\/span>&nbsp;<span class=\"clr_bleu\">(1)b<\/span><\/li>\n<li><span class=\"clr_noir\">Ouvrir compl\u00e8tement le couvercle du porte-outil en le tirant du c\u00f4t\u00e9 du manche&nbsp;<\/span><span class=\"clr_bleu\">(2)<\/span><\/li>\n<li><span class=\"clr_noir\">Changer le couteau<\/span>&nbsp;<span class=\"clr_bleu\">(3)<\/span><\/li>\n<li><span class=\"clr_noir\">Repousser le couvercle du porte-outil en direction du couteau jusqu\u2019\u00e0 entendre un clic<\/span>&nbsp;<span class=\"clr_bleu\">(4)<\/span><\/li>\n<\/ul>\n\n\t\t<\/div>\n\t\t\t\t\t<\/div>\n\n\t\n\n<\/div>\n<div class=\"row\"  id=\"row-1997592892\">\n\n\n\t<div id=\"col-964613808\" class=\"col medium-3 small-6 large-3\"  >\n\t\t\t\t<div class=\"col-inner\"  >\n\t\t\t\n\t\t\t\n\n\t<div class=\"img has-hover x md-x lg-x y md-y lg-y\" id=\"image_1932059121\">\n\t\t\t\t\t\t\t\t<div class=\"img-inner image-cover dark\" style=\"padding-top:100%;\">\n\t\t\t<img decoding=\"async\" width=\"460\" height=\"322\" src=\"https:\/\/rali.fr\/blog-fr\/wp-content\/uploads\/2022\/06\/shark_S_changement_couteau_etape_1.jpg\" class=\"attachment-large size-large\" alt=\"rali shark\" \/>\t\t\t\t\t\t\n\t\t\t\t\t<\/div>\n\t\t\t\t\t\t\t\t\n<style>\n#image_1932059121 {\n  width: 100%;\n}\n<\/style>\n\t<\/div>\n\t\n\n\n\t\t<\/div>\n\t\t\t\t\t<\/div>\n\n\t\n\n\t<div id=\"col-957639802\" class=\"col medium-3 small-6 large-3\"  >\n\t\t\t\t<div class=\"col-inner\"  >\n\t\t\t\n\t\t\t\n\n\t<div class=\"img has-hover x md-x lg-x y md-y lg-y\" id=\"image_890256052\">\n\t\t\t\t\t\t\t\t<div class=\"img-inner image-cover dark\" style=\"padding-top:100%;\">\n\t\t\t<img decoding=\"async\" width=\"460\" height=\"322\" src=\"https:\/\/rali.fr\/blog-fr\/wp-content\/uploads\/2022\/06\/shark_S_changement_couteau_etape_2.jpg\" class=\"attachment-large size-large\" alt=\"rali shark\" \/>\t\t\t\t\t\t\n\t\t\t\t\t<\/div>\n\t\t\t\t\t\t\t\t\n<style>\n#image_890256052 {\n  width: 100%;\n}\n<\/style>\n\t<\/div>\n\t\n\n\n\t\t<\/div>\n\t\t\t\t\t<\/div>\n\n\t\n\n\t<div id=\"col-619516660\" class=\"col medium-3 small-6 large-3\"  >\n\t\t\t\t<div class=\"col-inner\"  >\n\t\t\t\n\t\t\t\n\n\t<div class=\"img has-hover x md-x lg-x y md-y lg-y\" id=\"image_1418133814\">\n\t\t\t\t\t\t\t\t<div class=\"img-inner image-cover dark\" style=\"padding-top:100%;\">\n\t\t\t<img decoding=\"async\" width=\"460\" height=\"322\" src=\"https:\/\/rali.fr\/blog-fr\/wp-content\/uploads\/2022\/06\/shark_S_changement_couteau_etape_3.jpg\" class=\"attachment-large size-large\" alt=\"\" \/>\t\t\t\t\t\t\n\t\t\t\t\t<\/div>\n\t\t\t\t\t\t\t\t\n<style>\n#image_1418133814 {\n  width: 100%;\n}\n<\/style>\n\t<\/div>\n\t\n\n\n\t\t<\/div>\n\t\t\t\t\t<\/div>\n\n\t\n\n\t<div id=\"col-1476288744\" class=\"col medium-3 small-6 large-3\"  >\n\t\t\t\t<div class=\"col-inner\"  >\n\t\t\t\n\t\t\t\n\n\t<div class=\"img has-hover x md-x lg-x y md-y lg-y\" id=\"image_1883421210\">\n\t\t\t\t\t\t\t\t<div class=\"img-inner image-cover dark\" style=\"padding-top:100%;\">\n\t\t\t<img decoding=\"async\" width=\"460\" height=\"322\" src=\"https:\/\/rali.fr\/blog-fr\/wp-content\/uploads\/2022\/06\/shark_S_changement_couteau_etape_4.jpg\" class=\"attachment-large size-large\" alt=\"rali shark\" \/>\t\t\t\t\t\t\n\t\t\t\t\t<\/div>\n\t\t\t\t\t\t\t\t\n<style>\n#image_1883421210 {\n  width: 100%;\n}\n<\/style>\n\t<\/div>\n\t\n\n\n\t\t<\/div>\n\t\t\t\t\t<\/div>\n\n\t\n\n<\/div>\n<div class=\"row align-center\"  id=\"row-820873879\">\n\n\n\t<div id=\"col-1502849334\" class=\"col medium-8 small-12 large-8\"  >\n\t\t\t\t<div class=\"col-inner text-center\"  >\n\t\t\t\n\t\t\t\n\n\t\t<div class=\"video-responsive\">\n\t\t\t\t\n\n<iframe src=\"https:\/\/www.youtube.com\/embed\/UgHSoUrVMdY?cc_load_policy=1&amp;rel=0\" frameborder=\"0\"><\/iframe>\n\t\t<\/div>\n\t\n\n\t\t<\/div>\n\t\t\t\t\t<\/div>\n\n\t\n\n<\/div>\n<div class=\"text-center\"><div class=\"is-divider divider clearfix\" style=\"max-width:400px;background-color:rgb(158, 158, 158);\"><\/div><\/div>\n\n<div class=\"row\"  id=\"row-620405800\">\n\n\n\t<div id=\"col-979110582\" class=\"col medium-8 small-12 large-8\"  >\n\t\t\t\t<div class=\"col-inner\"  >\n\t\t\t\n\t\t\t\n\n<h3 class=\"titre_3\"><span style=\"font-size: 130%;\">Changement de racloir<\/span><\/h3>\n<p>Le couteau du <a href=\"\/accessoires\/accessoires-ciseaux.html\">racloir<\/a> se change \u00e0 l\u2019aide d\u2019un tournevis avec empreinte Torx.<\/p>\n<ul>\n<li>3 largeurs en acier tremp\u00e9 au chrome : 25, 50 et 65mm<\/li>\n<li>3 largeurs en carbure de tungst\u00e8ne : 25, 50 et 65mm<\/li>\n<\/ul>\n\n\t\t<\/div>\n\t\t\t\t\t<\/div>\n\n\t\n\n\t<div id=\"col-1133167858\" class=\"col medium-4 small-12 large-4\"  >\n\t\t\t\t<div class=\"col-inner\"  >\n\t\t\t\n\t\t\t\n\n\t<div class=\"img has-hover x md-x lg-x y md-y lg-y\" id=\"image_2029931556\">\n\t\t\t\t\t\t\t\t<div class=\"img-inner dark\" >\n\t\t\t<img decoding=\"async\" width=\"460\" height=\"322\" src=\"https:\/\/rali.fr\/blog-fr\/wp-content\/uploads\/2022\/06\/scraper_changement_TERSA.jpg\" class=\"attachment-large size-large\" alt=\"rali shark\" \/>\t\t\t\t\t\t\n\t\t\t\t\t<\/div>\n\t\t\t\t\t\t\t\t\n<style>\n#image_2029931556 {\n  width: 100%;\n}\n<\/style>\n\t<\/div>\n\t\n\n\n\t\t<\/div>\n\t\t\t\t\t<\/div>\n\n\t\n\n<\/div>\n<div class=\"row align-center\"  id=\"row-127363301\">\n\n\n\t<div id=\"col-1124353343\" class=\"col medium-8 small-12 large-8\"  >\n\t\t\t\t<div class=\"col-inner\"  >\n\t\t\t\n\t\t\t\n\n\t\t<div class=\"video-responsive\">\n\t\t\t\t\n\n<iframe src=\"https:\/\/www.youtube.com\/embed\/gt8HIuimx8k?cc_load_policy=1&amp;rel=0\" frameborder=\"0\"><\/iframe>\n\t\t<\/div>\n\t\n\n\t\t<\/div>\n\t\t\t\t\t<\/div>\n\n\t\n\n<\/div>\n\t<div id=\"gap-1773639388\" class=\"gap-element clearfix\" style=\"display:block; height:auto;\">\n\t\t\n<style>\n#gap-1773639388 {\n  padding-top: 30px;\n}\n<\/style>\n\t<\/div>\n\t\n\n<div class=\"container section-title-container\" ><h2 class=\"section-title section-title-center\"><b><\/b><span class=\"section-title-main\" >Les offres du moment<\/span><b><\/b><\/h2><\/div>\n\n<div class=\"row align-equal align-center\"  id=\"row-506849961\">\n\n\n\t<div id=\"col-92633762\" class=\"col medium-9 small-12 large-9\"  >\n\t\t\t\t<div class=\"col-inner text-center box-shadow-3 box-shadow-1-hover dark\" style=\"background-color:rgb(0,0,0);\" >\n\t\t\t\n\t\t\t\n\n\t<div id=\"text-343906671\" class=\"text\">\n\t\t\n\n<p><span style=\"font-size: 200%;\"><span style=\"font-size: 160%;\"><span style=\"color: #ffffff;\">Offre \u00e9quipement<br \/><\/span><\/span><\/span><\/p>\n<p><span style=\"font-size: 200%;\">1 mallette SHARK Case Exclusive<br \/><span style=\"color: #ed1c24; font-size: 150%;\">offerte<\/span><br \/>dans la mallette Systainer 220 Exclusive +<br \/><\/span><\/p>\n\t\t\n<style>\n#text-343906671 {\n  line-height: 1.2;\n}\n<\/style>\n\t<\/div>\n\t\n<a href=\"\/systainer-220-exclusive-plus.html\" class=\"button success\"  >\n\t\t<span>Ca m'int\u00e9resse<\/span>\n\t<\/a>\n\n\n\n\t\t<\/div>\n\t\t\t\t\n<style>\n#col-92633762 > .col-inner {\n  padding: 20px 20px 0px 20px;\n  border-radius: 30px;\n}\n<\/style>\n\t<\/div>\n\n\t\n\n\t<div id=\"col-1497979050\" class=\"col medium-9 small-12 large-9\"  >\n\t\t\t\t<div class=\"col-inner text-center box-shadow-3 box-shadow-1-hover dark\" style=\"background-color:rgb(0,0,0);\" >\n\t\t\t\n\t\t\t\n\n\t<div id=\"text-3270102564\" class=\"text\">\n\t\t\n\n<p><span style=\"font-size: 200%;\"><span style=\"font-size: 160%;\"><span style=\"color: #ffffff;\">OFFRE PACKS<br \/><\/span><\/span><\/span><\/p>\n<p><span style=\"font-size: 200%;\">Jusqu'\u00e0 <span style=\"color: #ed1c24; font-size: 150%;\">-50% <\/span>sur le 2\u00e8me outil<br \/>dans nos packs d'\u00e9quipement<br \/><\/span><\/p>\n\t\t\n<style>\n#text-3270102564 {\n  line-height: 1.2;\n}\n<\/style>\n\t<\/div>\n\t\n<a href=\"\/promo.html\" class=\"button success\"  >\n\t\t<span>Voir les packs<\/span>\n\t<\/a>\n\n\n\t<div id=\"text-61453248\" class=\"text hidden\">\n\t\t\n\n<p>*hors promotions<\/p>\n\t\t\n<style>\n#text-61453248 {\n  font-size: 0.75rem;\n  text-align: right;\n}\n<\/style>\n\t<\/div>\n\t\n\n\t\t<\/div>\n\t\t\t\t\n<style>\n#col-1497979050 > .col-inner {\n  padding: 20px 20px 0px 20px;\n  border-radius: 30px;\n}\n<\/style>\n\t<\/div>\n\n\t\n\n\n<style>\n#row-506849961 > .col > .col-inner {\n  background-color: rgb(0,0,0);\n}\n<\/style>\n<\/div>\n\n\n\n\n\n\n\t<div id=\"gap-401306044\" class=\"gap-element clearfix\" style=\"display:block; height:auto;\">\n\t\t\n<style>\n#gap-401306044 {\n  padding-top: 30px;\n}\n<\/style>\n\t<\/div>\n\t\n\n\n","protected":false},"excerpt":{"rendered":"","protected":false},"author":1,"featured_media":7563,"parent":0,"menu_order":0,"comment_status":"closed","ping_status":"closed","template":"page-blank.php","meta":{"_yoast_wpseo_focuskw":"Ciseaux","_yoast_wpseo_title":"Guide d'utilisation des ciseaux RALI shark","_yoast_wpseo_metadesc":"D\u00e9couvrez notre syst\u00e8me r\u00e9volutionnaire de ciseaux \u00e0 bois.","rank_math_description":"","rank_math_focus_keyword":"","rank_math_title":"","footnotes":""},"class_list":["post-7562","page","type-page","status-publish","has-post-thumbnail","hentry"],"yoast_head":"<!-- This site is optimized with the Yoast SEO plugin v27.5 - https:\/\/yoast.com\/product\/yoast-seo-wordpress\/ -->\n<title>Guide d&#039;utilisation des ciseaux RALI shark<\/title>\n<meta name=\"description\" content=\"D\u00e9couvrez notre syst\u00e8me r\u00e9volutionnaire de ciseaux \u00e0 bois.\" \/>\n<meta name=\"robots\" content=\"index, follow, max-snippet:-1, max-image-preview:large, max-video-preview:-1\" \/>\n<link rel=\"canonical\" href=\"https:\/\/rali.fr\/blog-fr\/usage-des-ciseaux-rali-shark\/\" \/>\n<meta property=\"og:locale\" content=\"fr_FR\" \/>\n<meta property=\"og:type\" content=\"article\" \/>\n<meta property=\"og:title\" content=\"Guide d&#039;utilisation des ciseaux RALI shark\" \/>\n<meta property=\"og:description\" content=\"D\u00e9couvrez notre syst\u00e8me r\u00e9volutionnaire de ciseaux \u00e0 bois.\" \/>\n<meta property=\"og:url\" content=\"https:\/\/rali.fr\/blog-fr\/usage-des-ciseaux-rali-shark\/\" \/>\n<meta property=\"og:site_name\" content=\"RALI outils bois pour les pros\" \/>\n<meta property=\"article:publisher\" content=\"https:\/\/www.facebook.com\/raliswiss\" \/>\n<meta property=\"article:modified_time\" content=\"2023-09-14T10:43:59+00:00\" \/>\n<meta property=\"og:image\" content=\"https:\/\/rali.fr\/blog-fr\/wp-content\/uploads\/2022\/06\/ralishark_chgt_ctx_1_1_2_1.jpeg\" \/>\n\t<meta property=\"og:image:width\" content=\"478\" \/>\n\t<meta property=\"og:image:height\" content=\"299\" \/>\n\t<meta property=\"og:image:type\" content=\"image\/jpeg\" \/>\n<meta name=\"twitter:card\" content=\"summary_large_image\" \/>\n<meta name=\"twitter:label1\" content=\"Dur\u00e9e de lecture estim\u00e9e\" \/>\n\t<meta name=\"twitter:data1\" content=\"2 minutes\" \/>\n<script type=\"application\/ld+json\" class=\"yoast-schema-graph\">{\"@context\":\"https:\\\/\\\/schema.org\",\"@graph\":[{\"@type\":\"WebPage\",\"@id\":\"https:\\\/\\\/rali.fr\\\/blog-fr\\\/usage-des-ciseaux-rali-shark\\\/\",\"url\":\"https:\\\/\\\/rali.fr\\\/blog-fr\\\/usage-des-ciseaux-rali-shark\\\/\",\"name\":\"Guide d'utilisation des ciseaux RALI shark\",\"isPartOf\":{\"@id\":\"https:\\\/\\\/rali.fr\\\/blog-fr\\\/#website\"},\"primaryImageOfPage\":{\"@id\":\"https:\\\/\\\/rali.fr\\\/blog-fr\\\/usage-des-ciseaux-rali-shark\\\/#primaryimage\"},\"image\":{\"@id\":\"https:\\\/\\\/rali.fr\\\/blog-fr\\\/usage-des-ciseaux-rali-shark\\\/#primaryimage\"},\"thumbnailUrl\":\"https:\\\/\\\/rali.fr\\\/blog-fr\\\/wp-content\\\/uploads\\\/2022\\\/06\\\/ralishark_chgt_ctx_1_1_2_1.jpeg\",\"datePublished\":\"2022-06-21T10:20:21+00:00\",\"dateModified\":\"2023-09-14T10:43:59+00:00\",\"description\":\"D\u00e9couvrez notre syst\u00e8me r\u00e9volutionnaire de ciseaux \u00e0 bois.\",\"inLanguage\":\"fr-FR\",\"potentialAction\":[{\"@type\":\"ReadAction\",\"target\":[\"https:\\\/\\\/rali.fr\\\/blog-fr\\\/usage-des-ciseaux-rali-shark\\\/\"]}]},{\"@type\":\"ImageObject\",\"inLanguage\":\"fr-FR\",\"@id\":\"https:\\\/\\\/rali.fr\\\/blog-fr\\\/usage-des-ciseaux-rali-shark\\\/#primaryimage\",\"url\":\"https:\\\/\\\/rali.fr\\\/blog-fr\\\/wp-content\\\/uploads\\\/2022\\\/06\\\/ralishark_chgt_ctx_1_1_2_1.jpeg\",\"contentUrl\":\"https:\\\/\\\/rali.fr\\\/blog-fr\\\/wp-content\\\/uploads\\\/2022\\\/06\\\/ralishark_chgt_ctx_1_1_2_1.jpeg\",\"width\":478,\"height\":299,\"caption\":\"rali shark\"},{\"@type\":\"WebSite\",\"@id\":\"https:\\\/\\\/rali.fr\\\/blog-fr\\\/#website\",\"url\":\"https:\\\/\\\/rali.fr\\\/blog-fr\\\/\",\"name\":\"RALI outils bois pour les pros\",\"description\":\"Les outils bois pour les passionn\u00e9s\",\"publisher\":{\"@id\":\"https:\\\/\\\/rali.fr\\\/blog-fr\\\/#organization\"},\"potentialAction\":[{\"@type\":\"SearchAction\",\"target\":{\"@type\":\"EntryPoint\",\"urlTemplate\":\"https:\\\/\\\/rali.fr\\\/blog-fr\\\/?s={search_term_string}\"},\"query-input\":{\"@type\":\"PropertyValueSpecification\",\"valueRequired\":true,\"valueName\":\"search_term_string\"}}],\"inLanguage\":\"fr-FR\"},{\"@type\":\"Organization\",\"@id\":\"https:\\\/\\\/rali.fr\\\/blog-fr\\\/#organization\",\"name\":\"RALI\",\"url\":\"https:\\\/\\\/rali.fr\\\/blog-fr\\\/\",\"logo\":{\"@type\":\"ImageObject\",\"inLanguage\":\"fr-FR\",\"@id\":\"https:\\\/\\\/rali.fr\\\/blog-fr\\\/#\\\/schema\\\/logo\\\/image\\\/\",\"url\":\"https:\\\/\\\/rali.fr\\\/blog-fr\\\/wp-content\\\/uploads\\\/2026\\\/04\\\/rali_logo_color_FR.gif\",\"contentUrl\":\"https:\\\/\\\/rali.fr\\\/blog-fr\\\/wp-content\\\/uploads\\\/2026\\\/04\\\/rali_logo_color_FR.gif\",\"width\":1000,\"height\":470,\"caption\":\"RALI\"},\"image\":{\"@id\":\"https:\\\/\\\/rali.fr\\\/blog-fr\\\/#\\\/schema\\\/logo\\\/image\\\/\"},\"sameAs\":[\"https:\\\/\\\/www.facebook.com\\\/raliswiss\"]}]}<\/script>\n<!-- \/ Yoast SEO plugin. -->","yoast_head_json":{"title":"Guide d'utilisation des ciseaux RALI shark","description":"D\u00e9couvrez notre syst\u00e8me r\u00e9volutionnaire de ciseaux \u00e0 bois.","robots":{"index":"index","follow":"follow","max-snippet":"max-snippet:-1","max-image-preview":"max-image-preview:large","max-video-preview":"max-video-preview:-1"},"canonical":"https:\/\/rali.fr\/blog-fr\/usage-des-ciseaux-rali-shark\/","og_locale":"fr_FR","og_type":"article","og_title":"Guide d'utilisation des ciseaux RALI shark","og_description":"D\u00e9couvrez notre syst\u00e8me r\u00e9volutionnaire de ciseaux \u00e0 bois.","og_url":"https:\/\/rali.fr\/blog-fr\/usage-des-ciseaux-rali-shark\/","og_site_name":"RALI outils bois pour les pros","article_publisher":"https:\/\/www.facebook.com\/raliswiss","article_modified_time":"2023-09-14T10:43:59+00:00","og_image":[{"width":478,"height":299,"url":"https:\/\/rali.fr\/blog-fr\/wp-content\/uploads\/2022\/06\/ralishark_chgt_ctx_1_1_2_1.jpeg","type":"image\/jpeg"}],"twitter_card":"summary_large_image","twitter_misc":{"Dur\u00e9e de lecture estim\u00e9e":"2 minutes"},"schema":{"@context":"https:\/\/schema.org","@graph":[{"@type":"WebPage","@id":"https:\/\/rali.fr\/blog-fr\/usage-des-ciseaux-rali-shark\/","url":"https:\/\/rali.fr\/blog-fr\/usage-des-ciseaux-rali-shark\/","name":"Guide d'utilisation des ciseaux RALI shark","isPartOf":{"@id":"https:\/\/rali.fr\/blog-fr\/#website"},"primaryImageOfPage":{"@id":"https:\/\/rali.fr\/blog-fr\/usage-des-ciseaux-rali-shark\/#primaryimage"},"image":{"@id":"https:\/\/rali.fr\/blog-fr\/usage-des-ciseaux-rali-shark\/#primaryimage"},"thumbnailUrl":"https:\/\/rali.fr\/blog-fr\/wp-content\/uploads\/2022\/06\/ralishark_chgt_ctx_1_1_2_1.jpeg","datePublished":"2022-06-21T10:20:21+00:00","dateModified":"2023-09-14T10:43:59+00:00","description":"D\u00e9couvrez notre syst\u00e8me r\u00e9volutionnaire de ciseaux \u00e0 bois.","inLanguage":"fr-FR","potentialAction":[{"@type":"ReadAction","target":["https:\/\/rali.fr\/blog-fr\/usage-des-ciseaux-rali-shark\/"]}]},{"@type":"ImageObject","inLanguage":"fr-FR","@id":"https:\/\/rali.fr\/blog-fr\/usage-des-ciseaux-rali-shark\/#primaryimage","url":"https:\/\/rali.fr\/blog-fr\/wp-content\/uploads\/2022\/06\/ralishark_chgt_ctx_1_1_2_1.jpeg","contentUrl":"https:\/\/rali.fr\/blog-fr\/wp-content\/uploads\/2022\/06\/ralishark_chgt_ctx_1_1_2_1.jpeg","width":478,"height":299,"caption":"rali shark"},{"@type":"WebSite","@id":"https:\/\/rali.fr\/blog-fr\/#website","url":"https:\/\/rali.fr\/blog-fr\/","name":"RALI outils bois pour les pros","description":"Les outils bois pour les passionn\u00e9s","publisher":{"@id":"https:\/\/rali.fr\/blog-fr\/#organization"},"potentialAction":[{"@type":"SearchAction","target":{"@type":"EntryPoint","urlTemplate":"https:\/\/rali.fr\/blog-fr\/?s={search_term_string}"},"query-input":{"@type":"PropertyValueSpecification","valueRequired":true,"valueName":"search_term_string"}}],"inLanguage":"fr-FR"},{"@type":"Organization","@id":"https:\/\/rali.fr\/blog-fr\/#organization","name":"RALI","url":"https:\/\/rali.fr\/blog-fr\/","logo":{"@type":"ImageObject","inLanguage":"fr-FR","@id":"https:\/\/rali.fr\/blog-fr\/#\/schema\/logo\/image\/","url":"https:\/\/rali.fr\/blog-fr\/wp-content\/uploads\/2026\/04\/rali_logo_color_FR.gif","contentUrl":"https:\/\/rali.fr\/blog-fr\/wp-content\/uploads\/2026\/04\/rali_logo_color_FR.gif","width":1000,"height":470,"caption":"RALI"},"image":{"@id":"https:\/\/rali.fr\/blog-fr\/#\/schema\/logo\/image\/"},"sameAs":["https:\/\/www.facebook.com\/raliswiss"]}]}},"_links":{"self":[{"href":"https:\/\/rali.fr\/blog-fr\/wp-json\/wp\/v2\/pages\/7562","targetHints":{"allow":["GET"]}}],"collection":[{"href":"https:\/\/rali.fr\/blog-fr\/wp-json\/wp\/v2\/pages"}],"about":[{"href":"https:\/\/rali.fr\/blog-fr\/wp-json\/wp\/v2\/types\/page"}],"author":[{"embeddable":true,"href":"https:\/\/rali.fr\/blog-fr\/wp-json\/wp\/v2\/users\/1"}],"replies":[{"embeddable":true,"href":"https:\/\/rali.fr\/blog-fr\/wp-json\/wp\/v2\/comments?post=7562"}],"version-history":[{"count":21,"href":"https:\/\/rali.fr\/blog-fr\/wp-json\/wp\/v2\/pages\/7562\/revisions"}],"predecessor-version":[{"id":11702,"href":"https:\/\/rali.fr\/blog-fr\/wp-json\/wp\/v2\/pages\/7562\/revisions\/11702"}],"wp:featuredmedia":[{"embeddable":true,"href":"https:\/\/rali.fr\/blog-fr\/wp-json\/wp\/v2\/media\/7563"}],"wp:attachment":[{"href":"https:\/\/rali.fr\/blog-fr\/wp-json\/wp\/v2\/media?parent=7562"}],"curies":[{"name":"wp","href":"https:\/\/api.w.org\/{rel}","templated":true}]}}