{"id":7431,"date":"2022-06-17T15:30:00","date_gmt":"2022-06-17T13:30:00","guid":{"rendered":"https:\/\/rali.fr\/blog-fr\/?page_id=7431"},"modified":"2024-09-04T16:47:49","modified_gmt":"2024-09-04T14:47:49","slug":"un-rabot-a-semelle-lourde-ou-legere","status":"publish","type":"page","link":"https:\/\/rali.fr\/blog-fr\/un-rabot-a-semelle-lourde-ou-legere\/","title":{"rendered":"Guide : Un rabot \u00e0 semelle lourde ou l\u00e9g\u00e8re ?"},"content":{"rendered":"\n\n\t<section class=\"section dark\" id=\"section_1841866511\">\n\t\t<div class=\"section-bg fill\" >\n\t\t\t<img decoding=\"async\" width=\"460\" height=\"322\" src=\"https:\/\/rali.fr\/blog-fr\/wp-content\/uploads\/2021\/02\/260l_semelle_3.jpg\" class=\"bg attachment- size-\" alt=\"\" \/>\t\t\t\t\t\t<div class=\"section-bg-overlay absolute fill\"><\/div>\n\t\t\t\n\n\t\t<\/div>\n\n\t\t\n\n\t\t<div class=\"section-content relative\">\n\t\t\t\n\n\t<div id=\"text-3895542853\" class=\"text\">\n\t\t\n\n<h1 id=\"page-title-heading\" class=\"page-title\" aria-labelledby=\"page-title-heading toolbar-amount\"><span class=\"base\" data-ui-id=\"page-title-wrapper\">Un rabot \u00e0 semelle lourde ou l\u00e9g\u00e8re ?<\/span><\/h1>\n\t\t\n<style>\n#text-3895542853 {\n  font-size: 1.5rem;\n  text-align: center;\n}\n<\/style>\n\t<\/div>\n\t\n\t<div id=\"gap-166196908\" class=\"gap-element clearfix\" style=\"display:block; height:auto;\">\n\t\t\n<style>\n#gap-166196908 {\n  padding-top: 60px;\n}\n<\/style>\n\t<\/div>\n\t\n\n\n\t\t<\/div>\n\n\t\t\n<style>\n#section_1841866511 {\n  padding-top: 30px;\n  padding-bottom: 30px;\n  min-height: 500px;\n}\n#section_1841866511 .section-bg-overlay {\n  background-color: rgba(0, 0, 0, 0.15);\n}\n#section_1841866511 .section-bg img {\n  object-position: 43% 65%;\n}\n@media (min-width:550px) {\n  #section_1841866511 {\n    min-height: 600px;\n  }\n  #section_1841866511 .section-bg-overlay {\n    background-color: rgba(0, 0, 0, 0.09);\n  }\n}\n@media (min-width:850px) {\n  #section_1841866511 .section-bg-overlay {\n    background-color: rgba(133, 133, 133, 0.093);\n  }\n}\n<\/style>\n\t<\/section>\n\t\n<div class=\"row\"  id=\"row-127355472\">\n\n\n\t<div id=\"col-828368155\" class=\"col small-12 large-12\"  >\n\t\t\t\t<div class=\"col-inner\"  >\n\t\t\t\n\t\t\t\n\n<p class=\"wysiwyg\" style=\"text-align: center;\"><strong>Il existe deux gammes de rabots RALI:<\/strong><\/p>\n<ul style=\"text-align: center;\">\n<li style=\"text-align: left;\">la version professionnelle avec semelle en lamelles d&rsquo;acier, dite \u00ab\u00a0lourde\u00a0\u00bb<\/li>\n<li style=\"text-align: left;\">la version pour utilisation occasionnelle avec semelle en taule pli\u00e9e dite \u00ab\u00a0l\u00e9g\u00e8re\u00a0\u00bb ou \u00ab\u00a0monobloc\u00a0\u00bb<\/li>\n<\/ul>\n<div class=\"filet\" style=\"text-align: center;\">&nbsp;<\/div>\n\n\t\t<\/div>\n\t\t\t\t\t<\/div>\n\n\t\n\n<\/div>\n<div class=\"row\"  id=\"row-541966850\">\n\n\n\t<div id=\"col-865811437\" class=\"col medium-6 small-12 large-6\"  >\n\t\t\t\t<div class=\"col-inner\"  >\n\t\t\t\n\t\t\t\n\n\t<div class=\"box has-hover   has-hover box-text-bottom\" >\n\n\t\t<div class=\"box-image\" >\n\t\t\t\t\t\t<div class=\"\" >\n\t\t\t\t<img decoding=\"async\" width=\"460\" height=\"322\" src=\"https:\/\/rali.fr\/blog-fr\/wp-content\/uploads\/2022\/06\/semelle_3.jpg\" class=\"attachment- size-\" alt=\"semelle lourde\" \/>\t\t\t\t\t\t\t\t\t\t\t<\/div>\n\t\t\t\t\t<\/div>\n\n\t\t<div class=\"box-text text-center\" >\n\t\t\t<div class=\"box-text-inner\">\n\t\t\t\t\n\n<h4>Semelle lourde<\/h4>\n<p>&nbsp;<\/p>\n<ul>\n<li style=\"text-align: left;\">Bonne inertie pour raboter des bois durs ou des n\u0153uds.<\/li>\n<li style=\"text-align: left;\">R\u00e9glage du contrefer (sur rabots \u00e0 aplanir) pour \u00e9bauche et finition parfaite.<\/li>\n<li style=\"text-align: left;\">R\u00e9glage de la lumi\u00e8re pour rabotage de bois verts (r\u00e9duit le bourrage).<\/li>\n<li style=\"text-align: left;\">Livr\u00e9 avec une r\u00e9serve de 3 lames bi-coupes suppl\u00e9mentaire (4 lames bi-coupes au total), car utilisation fr\u00e9quente.<\/li>\n<li style=\"text-align: left;\">Toutes les pi\u00e8ces sont rempla\u00e7ables car l&rsquo;outil peut \u00eatre d\u00e9mont\u00e9 pour remplacer les pi\u00e8ces.<\/li>\n<\/ul>\n<p>&nbsp;<\/p>\n<p>&nbsp;<\/p>\n\n\t\t\t<\/div>\n\t\t<\/div>\n\t<\/div>\n\t\n\t\t<div class=\"video-responsive\">\n\t\t\t\t\n\n<iframe src=\"https:\/\/www.youtube.com\/embed\/VaxmI3VIgi8?cc_load_policy=1&amp;rel=0&amp;mute=1\" frameborder=\"0\"><\/iframe>\n\t\t<\/div>\n\t\n\n\t\t<\/div>\n\t\t\t\t\t<\/div>\n\n\t\n\n\t<div id=\"col-2055766224\" class=\"col medium-6 small-12 large-6\"  >\n\t\t\t\t<div class=\"col-inner\"  >\n\t\t\t\n\t\t\t\n\n\t<div class=\"box has-hover   has-hover box-text-bottom\" >\n\n\t\t<div class=\"box-image\" >\n\t\t\t\t\t\t<div class=\"\" >\n\t\t\t\t<img decoding=\"async\" width=\"460\" height=\"322\" src=\"https:\/\/rali.fr\/blog-fr\/wp-content\/uploads\/2022\/06\/semelle_4.jpg\" class=\"attachment- size-\" alt=\"semelle legere\" \/>\t\t\t\t\t\t\t\t\t\t\t<\/div>\n\t\t\t\t\t<\/div>\n\n\t\t<div class=\"box-text text-center\" >\n\t\t\t<div class=\"box-text-inner\">\n\t\t\t\t\n\n<h4 style=\"text-align: center;\">Semelle l\u00e9g\u00e8re<\/h4>\n<p>&nbsp;<\/p>\n<ul>\n<li style=\"text-align: left;\">Outils maniable et l\u00e9ger, agr\u00e9able \u00e0 manipuler de par son poids r\u00e9duit.<\/li>\n<li style=\"text-align: left;\">Contrefer bloqu\u00e9 en position universelle qui permet tout type de rabotage (ce qui \u00e9vite de le d\u00e9r\u00e9gler si l&rsquo;on n&rsquo;en maitrise pas l&rsquo;utilisation).<\/li>\n<li style=\"text-align: left;\">Pas de possibilit\u00e9 de r\u00e9gler la lumi\u00e8re, de par le fait de la semelle en un seul bloc.<\/li>\n<li style=\"text-align: left;\">Livr\u00e9 avec une lame bi-coupe, engag\u00e9e dans le porte-fer du rabot, car utilisation occasionnelle.<\/li>\n<li style=\"text-align: left;\">Les pi\u00e8ces ne peuvent pas \u00eatre remplac\u00e9es car c&rsquo;est la semelle monobloc qui serre d\u00e9finitivement les pi\u00e8ces ensemble lors du montage en usine.<\/li>\n<\/ul>\n<p style=\"text-align: left;\">&nbsp;<\/p>\n\n\t\t\t<\/div>\n\t\t<\/div>\n\t<\/div>\n\t\n<div class=\"video video-fit mb\" style=\"padding-top:56.25%;\"><iframe title=\"RALI 220 Monobloc - Thick and Thin planning\" width=\"1020\" height=\"574\" src=\"https:\/\/www.youtube.com\/embed\/ui3zv79NHp0?feature=oembed\" frameborder=\"0\" allow=\"accelerometer; autoplay; clipboard-write; encrypted-media; gyroscope; picture-in-picture\" allowfullscreen><\/iframe><\/div>\n\n\n\t\t<\/div>\n\t\t\t\t\t<\/div>\n\n\t\n\n<\/div>\n<div class=\"row\"  id=\"row-1022223254\">\n\n\n\t<div id=\"col-2111189910\" class=\"col small-12 large-12\"  >\n\t\t\t\t<div class=\"col-inner\"  >\n\t\t\t\n\t\t\t\n\n\t\t<div class=\"video-responsive\">\n\t\t\t\t\n\n<iframe src=\"https:\/\/www.youtube.com\/embed\/1lqSWBdO10s?cc_load_policy=1&amp;rel=0&amp;mute=1\" frameborder=\"0\"><\/iframe>\n\t\t<\/div>\n\t\n\n\t\t<\/div>\n\t\t\t\t\t<\/div>\n\n\t\n\n<\/div>\n\t<div id=\"gap-951761137\" class=\"gap-element clearfix\" style=\"display:block; height:auto;\">\n\t\t\n<style>\n#gap-951761137 {\n  padding-top: 30px;\n}\n<\/style>\n\t<\/div>\n\t\n\n\t<div id=\"text-1789122799\" class=\"text\">\n\t\t\n\n<h2 class=\"uppercase\">Les offres du moment<\/h2>\n\t\t\n<style>\n#text-1789122799 {\n  text-align: center;\n  color: rgb(0,0,0);\n}\n#text-1789122799 > * {\n  color: rgb(0,0,0);\n}\n<\/style>\n\t<\/div>\n\t\n<div class=\"row align-equal align-center\"  id=\"row-1049638191\">\n\n\n\t<div id=\"col-1904251704\" class=\"col medium-9 small-12 large-9\"  >\n\t\t\t\t<div class=\"col-inner text-center box-shadow-3 box-shadow-1-hover dark\" style=\"background-color:rgb(0,0,0);\" >\n\t\t\t\n\t\t\t\n\n\t<div id=\"text-3497984499\" class=\"text\">\n\t\t\n\n<p><span style=\"font-size: 200%;\"><span style=\"font-size: 160%;\"><span style=\"color: #ffffff;\">Aujourd'hui<br \/><\/span><\/span><\/span><\/p>\n<p><span style=\"font-size: 200%;\"><span style=\"color: #ed1c24; font-size: 150%;\">-15\u20ac\/chf <\/span>offerts<br \/>tous les 100\u20ac\/chf d'achat*<br \/>\n<\/span><\/p>\n\t\t\n<style>\n#text-3497984499 {\n  line-height: 1.2;\n}\n<\/style>\n\t<\/div>\n\t\n<a href=\"\/rabots.html\" class=\"button success\"  >\n\t\t<span>Voir les outils<\/span>\n\t<\/a>\n\n\n\t<div id=\"text-3200140734\" class=\"text\">\n\t\t\n\n<p>*hors promotions<\/p>\n\t\t\n<style>\n#text-3200140734 {\n  font-size: 0.75rem;\n  text-align: right;\n}\n<\/style>\n\t<\/div>\n\t\n\n\t\t<\/div>\n\t\t\t\t\n<style>\n#col-1904251704 > .col-inner {\n  padding: 20px 20px 0px 20px;\n  border-radius: 30px;\n}\n<\/style>\n\t<\/div>\n\n\t\n\n\t<div id=\"col-2082249424\" class=\"col medium-9 small-12 large-9\"  >\n\t\t\t\t<div class=\"col-inner text-center box-shadow-3 box-shadow-1-hover dark\" style=\"background-color:rgb(0,0,0);\" >\n\t\t\t\n\t\t\t\n\n\t<div id=\"text-729973171\" class=\"text\">\n\t\t\n\n<p><span style=\"font-size: 200%;\"><span style=\"font-size: 160%;\"><span style=\"color: #ffffff;\">OFFRE PACKS<br \/><\/span><\/span><\/span><\/p>\n<p><span style=\"font-size: 200%;\">Jusqu'\u00e0 <span style=\"color: #ed1c24; font-size: 150%;\">-50% <\/span>sur le 2\u00e8me outil<br \/>dans nos packs d'\u00e9quipement<br \/><\/span><\/p>\n\t\t\n<style>\n#text-729973171 {\n  line-height: 1.2;\n}\n<\/style>\n\t<\/div>\n\t\n<a href=\"\/promo.html\" class=\"button success\"  >\n\t\t<span>Voir les packs<\/span>\n\t<\/a>\n\n\n\t<div id=\"text-2956987728\" class=\"text hidden\">\n\t\t\n\n<p>*hors promotions<\/p>\n\t\t\n<style>\n#text-2956987728 {\n  font-size: 0.75rem;\n  text-align: right;\n}\n<\/style>\n\t<\/div>\n\t\n\n\t\t<\/div>\n\t\t\t\t\n<style>\n#col-2082249424 > .col-inner {\n  padding: 20px 20px 0px 20px;\n  border-radius: 30px;\n}\n<\/style>\n\t<\/div>\n\n\t\n\n\n<style>\n#row-1049638191 > .col > .col-inner {\n  background-color: rgb(0,0,0);\n}\n<\/style>\n<\/div>\n\n\n\n\n\n\n\t<div id=\"gap-204157552\" class=\"gap-element clearfix\" style=\"display:block; height:auto;\">\n\t\t\n<style>\n#gap-204157552 {\n  padding-top: 30px;\n}\n<\/style>\n\t<\/div>\n\t\n\n\n","protected":false},"excerpt":{"rendered":"","protected":false},"author":1,"featured_media":7611,"parent":0,"menu_order":0,"comment_status":"closed","ping_status":"closed","template":"page-blank.php","meta":{"_yoast_wpseo_focuskw":"guillaume","_yoast_wpseo_title":"Rabot guillaume RALI - Pour quoi faire ?","_yoast_wpseo_metadesc":"D\u00e9couvrez toutes les diff\u00e9rences entres les rabots guillaumes ainsi que la pr\u00e9sentation de leurs diff\u00e9rentes utilisations pour le travail du bois.","rank_math_description":"","rank_math_focus_keyword":"","rank_math_title":"","footnotes":""},"class_list":["post-7431","page","type-page","status-publish","has-post-thumbnail","hentry"],"yoast_head":"<!-- This site is optimized with the Yoast SEO plugin v25.3 - https:\/\/yoast.com\/wordpress\/plugins\/seo\/ -->\n<title>Rabot guillaume RALI - Pour quoi faire ?<\/title>\n<meta name=\"description\" content=\"D\u00e9couvrez toutes les diff\u00e9rences entres les rabots guillaumes ainsi que la pr\u00e9sentation de leurs diff\u00e9rentes utilisations pour le travail du bois.\" \/>\n<meta name=\"robots\" content=\"index, follow, max-snippet:-1, max-image-preview:large, max-video-preview:-1\" \/>\n<link rel=\"canonical\" href=\"https:\/\/rali.fr\/blog-fr\/un-rabot-a-semelle-lourde-ou-legere\/\" \/>\n<meta property=\"og:locale\" content=\"fr_FR\" \/>\n<meta property=\"og:type\" content=\"article\" \/>\n<meta property=\"og:title\" content=\"Rabot guillaume RALI - Pour quoi faire ?\" \/>\n<meta property=\"og:description\" content=\"D\u00e9couvrez toutes les diff\u00e9rences entres les rabots guillaumes ainsi que la pr\u00e9sentation de leurs diff\u00e9rentes utilisations pour le travail du bois.\" \/>\n<meta property=\"og:url\" content=\"https:\/\/rali.fr\/blog-fr\/un-rabot-a-semelle-lourde-ou-legere\/\" \/>\n<meta property=\"og:site_name\" content=\"RALI outils bois pour les pros\" \/>\n<meta property=\"article:publisher\" content=\"https:\/\/www.facebook.com\/raliswiss\" \/>\n<meta property=\"article:modified_time\" content=\"2024-09-04T14:47:49+00:00\" \/>\n<meta property=\"og:image\" content=\"https:\/\/rali.fr\/blog-fr\/wp-content\/uploads\/2022\/06\/RALI-Fond-Blanc-22-scaled.jpg\" \/>\n\t<meta property=\"og:image:width\" content=\"2560\" \/>\n\t<meta property=\"og:image:height\" content=\"1707\" \/>\n\t<meta property=\"og:image:type\" content=\"image\/jpeg\" \/>\n<meta name=\"twitter:card\" content=\"summary_large_image\" \/>\n<meta name=\"twitter:label1\" content=\"Dur\u00e9e de lecture estim\u00e9e\" \/>\n\t<meta name=\"twitter:data1\" content=\"2 minutes\" \/>\n<script type=\"application\/ld+json\" class=\"yoast-schema-graph\">{\"@context\":\"https:\/\/schema.org\",\"@graph\":[{\"@type\":\"WebPage\",\"@id\":\"https:\/\/rali.fr\/blog-fr\/un-rabot-a-semelle-lourde-ou-legere\/\",\"url\":\"https:\/\/rali.fr\/blog-fr\/un-rabot-a-semelle-lourde-ou-legere\/\",\"name\":\"Rabot guillaume RALI - Pour quoi faire ?\",\"isPartOf\":{\"@id\":\"https:\/\/rali.fr\/blog-fr\/#website\"},\"primaryImageOfPage\":{\"@id\":\"https:\/\/rali.fr\/blog-fr\/un-rabot-a-semelle-lourde-ou-legere\/#primaryimage\"},\"image\":{\"@id\":\"https:\/\/rali.fr\/blog-fr\/un-rabot-a-semelle-lourde-ou-legere\/#primaryimage\"},\"thumbnailUrl\":\"https:\/\/rali.fr\/blog-fr\/wp-content\/uploads\/2022\/06\/RALI-Fond-Blanc-22-scaled.jpg\",\"datePublished\":\"2022-06-17T13:30:00+00:00\",\"dateModified\":\"2024-09-04T14:47:49+00:00\",\"description\":\"D\u00e9couvrez toutes les diff\u00e9rences entres les rabots guillaumes ainsi que la pr\u00e9sentation de leurs diff\u00e9rentes utilisations pour le travail du bois.\",\"inLanguage\":\"fr-FR\",\"potentialAction\":[{\"@type\":\"ReadAction\",\"target\":[\"https:\/\/rali.fr\/blog-fr\/un-rabot-a-semelle-lourde-ou-legere\/\"]}]},{\"@type\":\"ImageObject\",\"inLanguage\":\"fr-FR\",\"@id\":\"https:\/\/rali.fr\/blog-fr\/un-rabot-a-semelle-lourde-ou-legere\/#primaryimage\",\"url\":\"https:\/\/rali.fr\/blog-fr\/wp-content\/uploads\/2022\/06\/RALI-Fond-Blanc-22-scaled.jpg\",\"contentUrl\":\"https:\/\/rali.fr\/blog-fr\/wp-content\/uploads\/2022\/06\/RALI-Fond-Blanc-22-scaled.jpg\",\"width\":2560,\"height\":1707,\"caption\":\"semelle\"},{\"@type\":\"WebSite\",\"@id\":\"https:\/\/rali.fr\/blog-fr\/#website\",\"url\":\"https:\/\/rali.fr\/blog-fr\/\",\"name\":\"RALI outils bois pour les pros\",\"description\":\"Les outils bois pour les passionn\u00e9s\",\"publisher\":{\"@id\":\"https:\/\/rali.fr\/blog-fr\/#organization\"},\"potentialAction\":[{\"@type\":\"SearchAction\",\"target\":{\"@type\":\"EntryPoint\",\"urlTemplate\":\"https:\/\/rali.fr\/blog-fr\/?s={search_term_string}\"},\"query-input\":{\"@type\":\"PropertyValueSpecification\",\"valueRequired\":true,\"valueName\":\"search_term_string\"}}],\"inLanguage\":\"fr-FR\"},{\"@type\":\"Organization\",\"@id\":\"https:\/\/rali.fr\/blog-fr\/#organization\",\"name\":\"RALI\",\"url\":\"https:\/\/rali.fr\/blog-fr\/\",\"logo\":{\"@type\":\"ImageObject\",\"inLanguage\":\"fr-FR\",\"@id\":\"https:\/\/rali.fr\/blog-fr\/#\/schema\/logo\/image\/\",\"url\":\"https:\/\/rali.fr\/blog-fr\/wp-content\/uploads\/2026\/04\/rali_logo_color_FR.gif\",\"contentUrl\":\"https:\/\/rali.fr\/blog-fr\/wp-content\/uploads\/2026\/04\/rali_logo_color_FR.gif\",\"width\":1000,\"height\":470,\"caption\":\"RALI\"},\"image\":{\"@id\":\"https:\/\/rali.fr\/blog-fr\/#\/schema\/logo\/image\/\"},\"sameAs\":[\"https:\/\/www.facebook.com\/raliswiss\"]}]}<\/script>\n<!-- \/ Yoast SEO plugin. -->","yoast_head_json":{"title":"Rabot guillaume RALI - Pour quoi faire ?","description":"D\u00e9couvrez toutes les diff\u00e9rences entres les rabots guillaumes ainsi que la pr\u00e9sentation de leurs diff\u00e9rentes utilisations pour le travail du bois.","robots":{"index":"index","follow":"follow","max-snippet":"max-snippet:-1","max-image-preview":"max-image-preview:large","max-video-preview":"max-video-preview:-1"},"canonical":"https:\/\/rali.fr\/blog-fr\/un-rabot-a-semelle-lourde-ou-legere\/","og_locale":"fr_FR","og_type":"article","og_title":"Rabot guillaume RALI - Pour quoi faire ?","og_description":"D\u00e9couvrez toutes les diff\u00e9rences entres les rabots guillaumes ainsi que la pr\u00e9sentation de leurs diff\u00e9rentes utilisations pour le travail du bois.","og_url":"https:\/\/rali.fr\/blog-fr\/un-rabot-a-semelle-lourde-ou-legere\/","og_site_name":"RALI outils bois pour les pros","article_publisher":"https:\/\/www.facebook.com\/raliswiss","article_modified_time":"2024-09-04T14:47:49+00:00","og_image":[{"width":2560,"height":1707,"url":"https:\/\/rali.fr\/blog-fr\/wp-content\/uploads\/2022\/06\/RALI-Fond-Blanc-22-scaled.jpg","type":"image\/jpeg"}],"twitter_card":"summary_large_image","twitter_misc":{"Dur\u00e9e de lecture estim\u00e9e":"2 minutes"},"schema":{"@context":"https:\/\/schema.org","@graph":[{"@type":"WebPage","@id":"https:\/\/rali.fr\/blog-fr\/un-rabot-a-semelle-lourde-ou-legere\/","url":"https:\/\/rali.fr\/blog-fr\/un-rabot-a-semelle-lourde-ou-legere\/","name":"Rabot guillaume RALI - Pour quoi faire ?","isPartOf":{"@id":"https:\/\/rali.fr\/blog-fr\/#website"},"primaryImageOfPage":{"@id":"https:\/\/rali.fr\/blog-fr\/un-rabot-a-semelle-lourde-ou-legere\/#primaryimage"},"image":{"@id":"https:\/\/rali.fr\/blog-fr\/un-rabot-a-semelle-lourde-ou-legere\/#primaryimage"},"thumbnailUrl":"https:\/\/rali.fr\/blog-fr\/wp-content\/uploads\/2022\/06\/RALI-Fond-Blanc-22-scaled.jpg","datePublished":"2022-06-17T13:30:00+00:00","dateModified":"2024-09-04T14:47:49+00:00","description":"D\u00e9couvrez toutes les diff\u00e9rences entres les rabots guillaumes ainsi que la pr\u00e9sentation de leurs diff\u00e9rentes utilisations pour le travail du bois.","inLanguage":"fr-FR","potentialAction":[{"@type":"ReadAction","target":["https:\/\/rali.fr\/blog-fr\/un-rabot-a-semelle-lourde-ou-legere\/"]}]},{"@type":"ImageObject","inLanguage":"fr-FR","@id":"https:\/\/rali.fr\/blog-fr\/un-rabot-a-semelle-lourde-ou-legere\/#primaryimage","url":"https:\/\/rali.fr\/blog-fr\/wp-content\/uploads\/2022\/06\/RALI-Fond-Blanc-22-scaled.jpg","contentUrl":"https:\/\/rali.fr\/blog-fr\/wp-content\/uploads\/2022\/06\/RALI-Fond-Blanc-22-scaled.jpg","width":2560,"height":1707,"caption":"semelle"},{"@type":"WebSite","@id":"https:\/\/rali.fr\/blog-fr\/#website","url":"https:\/\/rali.fr\/blog-fr\/","name":"RALI outils bois pour les pros","description":"Les outils bois pour les passionn\u00e9s","publisher":{"@id":"https:\/\/rali.fr\/blog-fr\/#organization"},"potentialAction":[{"@type":"SearchAction","target":{"@type":"EntryPoint","urlTemplate":"https:\/\/rali.fr\/blog-fr\/?s={search_term_string}"},"query-input":{"@type":"PropertyValueSpecification","valueRequired":true,"valueName":"search_term_string"}}],"inLanguage":"fr-FR"},{"@type":"Organization","@id":"https:\/\/rali.fr\/blog-fr\/#organization","name":"RALI","url":"https:\/\/rali.fr\/blog-fr\/","logo":{"@type":"ImageObject","inLanguage":"fr-FR","@id":"https:\/\/rali.fr\/blog-fr\/#\/schema\/logo\/image\/","url":"https:\/\/rali.fr\/blog-fr\/wp-content\/uploads\/2026\/04\/rali_logo_color_FR.gif","contentUrl":"https:\/\/rali.fr\/blog-fr\/wp-content\/uploads\/2026\/04\/rali_logo_color_FR.gif","width":1000,"height":470,"caption":"RALI"},"image":{"@id":"https:\/\/rali.fr\/blog-fr\/#\/schema\/logo\/image\/"},"sameAs":["https:\/\/www.facebook.com\/raliswiss"]}]}},"_links":{"self":[{"href":"https:\/\/rali.fr\/blog-fr\/wp-json\/wp\/v2\/pages\/7431","targetHints":{"allow":["GET"]}}],"collection":[{"href":"https:\/\/rali.fr\/blog-fr\/wp-json\/wp\/v2\/pages"}],"about":[{"href":"https:\/\/rali.fr\/blog-fr\/wp-json\/wp\/v2\/types\/page"}],"author":[{"embeddable":true,"href":"https:\/\/rali.fr\/blog-fr\/wp-json\/wp\/v2\/users\/1"}],"replies":[{"embeddable":true,"href":"https:\/\/rali.fr\/blog-fr\/wp-json\/wp\/v2\/comments?post=7431"}],"version-history":[{"count":17,"href":"https:\/\/rali.fr\/blog-fr\/wp-json\/wp\/v2\/pages\/7431\/revisions"}],"predecessor-version":[{"id":12917,"href":"https:\/\/rali.fr\/blog-fr\/wp-json\/wp\/v2\/pages\/7431\/revisions\/12917"}],"wp:featuredmedia":[{"embeddable":true,"href":"https:\/\/rali.fr\/blog-fr\/wp-json\/wp\/v2\/media\/7611"}],"wp:attachment":[{"href":"https:\/\/rali.fr\/blog-fr\/wp-json\/wp\/v2\/media?parent=7431"}],"curies":[{"name":"wp","href":"https:\/\/api.w.org\/{rel}","templated":true}]}}