{"id":4993,"date":"2021-08-17T12:45:51","date_gmt":"2021-08-17T10:45:51","guid":{"rendered":"https:\/\/rali.fr\/blog-fr\/?page_id=4993"},"modified":"2022-06-20T16:42:12","modified_gmt":"2022-06-20T14:42:12","slug":"la-gamme-rali-monobloc","status":"publish","type":"page","link":"https:\/\/rali.fr\/blog-fr\/la-gamme-rali-monobloc\/","title":{"rendered":"La gamme RALI Monobloc"},"content":{"rendered":"\n\n  <div class=\"banner has-hover bg-zoom\" id=\"banner-366301260\">\n          <div class=\"banner-inner fill\">\n        <div class=\"banner-bg fill\" >\n            <img decoding=\"async\" width=\"2500\" height=\"1700\" src=\"https:\/\/rali.fr\/blog-fr\/wp-content\/uploads\/2021\/08\/Sans-titre-1.jpg\" class=\"bg attachment-original size-original\" alt=\"monobloc\" \/>                        <div class=\"overlay\"><\/div>            \n                    <\/div>\n\t\t\n        <div class=\"banner-layers container\">\n            <div class=\"fill banner-link\"><\/div>            \n\n   <div id=\"text-box-919755610\" class=\"text-box banner-layer x50 md-x50 lg-x50 y50 md-y20 lg-y20 res-text\">\n              <div data-parallax=\"-1\" data-parallax-fade=\"true\">       <div data-animate=\"bounceIn\">           <div class=\"text-box-content text dark text-shadow-5\">\n              \n              <div class=\"text-inner text-center\">\n                  \n\n<h3 class=\"uppercase\"><span style=\"color: #ed1c24;\">Gamme l\u00e9g\u00e8re<\/span><\/h3>\n<h1 class=\"uppercase\"><span style=\"font-size: 46.08px;\"><b> rabots monobloc<\/b><\/span><\/h1>\n\n              <\/div>\n           <\/div>\n       <\/div>       <\/div>              \n<style>\n#text-box-919755610 {\n  width: 80%;\n}\n#text-box-919755610 .text-box-content {\n  font-size: 80%;\n}\n@media (min-width:550px) {\n  #text-box-919755610 {\n    width: 62%;\n  }\n}\n<\/style>\n    <\/div>\n \n\n        <\/div>\n      <\/div>\n\n            \n<style>\n#banner-366301260 {\n  padding-top: 100%;\n}\n#banner-366301260 .overlay {\n  background-color: rgba(74, 74, 74, 0.186);\n}\n#banner-366301260 .banner-bg img {\n  object-position: 25% 61%;\n}\n@media (min-width:550px) {\n  #banner-366301260 {\n    padding-top: 600px;\n  }\n}\n<\/style>\n  <\/div>\n\n\n\n\t<section class=\"section\" id=\"section_2008781481\">\n\t\t<div class=\"section-bg fill\" >\n\t\t\t\t\t\t\t\t\t\n\t\t\t\n\n\t\t<\/div>\n\n\t\t\n\n\t\t<div class=\"section-content relative\">\n\t\t\t\n\n\n\n\t\t<\/div>\n\n\t\t\n<style>\n#section_2008781481 {\n  padding-top: 79px;\n  padding-bottom: 79px;\n  background-color: rgb(0,0,0);\n}\n@media (min-width:550px) {\n  #section_2008781481 {\n    padding-top: 0px;\n    padding-bottom: 0px;\n  }\n}\n<\/style>\n\t<\/section>\n\t\n<div class=\"container section-title-container\" style=\"margin-top:30px;\"><h2 class=\"section-title section-title-center\"><b><\/b><span class=\"section-title-main\" >LES RABOTS A USAGE OCCASIONNEL<\/span><b><\/b><\/h2><\/div>\n\n\n\n\t<section class=\"section\" id=\"section_1878635137\">\n\t\t<div class=\"section-bg fill\" >\n\t\t\t\t\t\t\t\t\t<div class=\"loading-spin centered\"><\/div>\n\t\t\t\n\n\t\t<\/div>\n\n\t\t\n\n\t\t<div class=\"section-content relative\">\n\t\t\t\n\n\n  <div class=\"banner has-hover bg-zoom\" id=\"banner-1188322035\">\n          <div class=\"banner-inner fill\">\n        <div class=\"banner-bg fill\" >\n            <img decoding=\"async\" width=\"795\" height=\"768\" src=\"https:\/\/rali.fr\/blog-fr\/wp-content\/uploads\/2021\/08\/Plan-de-travail-3-e1645781711207.jpg\" class=\"bg attachment-original size-original\" alt=\"MONOBLOC\" \/>                        <div class=\"overlay\"><\/div>            \n                    <\/div>\n\t\t\n        <div class=\"banner-layers container\">\n            <div class=\"fill banner-link\"><\/div>            \n\n   <div id=\"text-box-1024520794\" class=\"text-box banner-layer x50 md-x5 lg-x5 y50 md-y15 lg-y15 res-text\">\n              <div data-parallax=\"-1\" data-parallax-fade=\"true\">       <div data-animate=\"bounceIn\">           <div class=\"text-box-content text dark text-shadow-5\">\n              \n              <div class=\"text-inner text-center\">\n                  \n\n<h3 class=\"uppercase\"><span style=\"color: #ed1c24;\">pour les travaux importants<\/span><\/h3>\n<h1 class=\"uppercase\"><span style=\"font-size: 46.08px;\"><b>RALI 260 monobloc<\/b><\/span><\/h1>\n<a data-animate=\"fadeInRight\" href=\"\/rali-260-monobloc.html\" class=\"button white is-large lowercase\"  >\n\t\t<span>En savoir plus<\/span>\n\t<\/a>\n\n\n\n              <\/div>\n           <\/div>\n       <\/div>       <\/div>              \n<style>\n#text-box-1024520794 {\n  width: 80%;\n}\n#text-box-1024520794 .text-box-content {\n  font-size: 80%;\n}\n@media (min-width:550px) {\n  #text-box-1024520794 {\n    width: 63%;\n  }\n}\n<\/style>\n    <\/div>\n \n\n        <\/div>\n      <\/div>\n\n            \n<style>\n#banner-1188322035 {\n  padding-top: 100%;\n}\n#banner-1188322035 .overlay {\n  background-color: rgba(74, 74, 74, 0.186);\n}\n#banner-1188322035 .banner-bg img {\n  object-position: 70% 66%;\n}\n@media (min-width:550px) {\n  #banner-1188322035 {\n    padding-top: 600px;\n  }\n}\n<\/style>\n  <\/div>\n\n\n\n  <div class=\"banner has-hover bg-zoom\" id=\"banner-2019432967\">\n          <div class=\"banner-inner fill\">\n        <div class=\"banner-bg fill\" >\n            <img decoding=\"async\" width=\"788\" height=\"768\" src=\"https:\/\/rali.fr\/blog-fr\/wp-content\/uploads\/2021\/08\/Plan-de-travail-2-e1645781440835.jpg\" class=\"bg attachment-original size-original\" alt=\"RALI\" \/>                        <div class=\"overlay\"><\/div>            \n                    <\/div>\n\t\t\n        <div class=\"banner-layers container\">\n            <div class=\"fill banner-link\"><\/div>            \n\n   <div id=\"text-box-583915542\" class=\"text-box banner-layer x50 md-x90 lg-x90 y50 md-y15 lg-y15 res-text\">\n              <div data-parallax=\"-1\" data-parallax-fade=\"true\">       <div data-animate=\"bounceIn\">           <div class=\"text-box-content text dark text-shadow-5\">\n              \n              <div class=\"text-inner text-center\">\n                  \n\n<h3 class=\"uppercase\"><span style=\"color: #ed1c24;\">Le plus polyvalent<\/span><\/h3>\n<h1 class=\"uppercase\"><span style=\"font-size: 46.08px;\"><b>RALI 220 monobloc<\/b><\/span><\/h1>\n<a data-animate=\"fadeInRight\" href=\"\/rali-220-monobloc.html\" class=\"button white is-large lowercase\"  >\n\t\t<span>En savoir plus<\/span>\n\t<\/a>\n\n\n\n              <\/div>\n           <\/div>\n       <\/div>       <\/div>              \n<style>\n#text-box-583915542 {\n  width: 80%;\n}\n#text-box-583915542 .text-box-content {\n  font-size: 80%;\n}\n@media (min-width:550px) {\n  #text-box-583915542 {\n    width: 63%;\n  }\n}\n<\/style>\n    <\/div>\n \n\n        <\/div>\n      <\/div>\n\n            \n<style>\n#banner-2019432967 {\n  padding-top: 100%;\n}\n#banner-2019432967 .overlay {\n  background-color: rgba(74, 74, 74, 0.186);\n}\n#banner-2019432967 .banner-bg img {\n  object-position: 52% 54%;\n}\n@media (min-width:550px) {\n  #banner-2019432967 {\n    padding-top: 600px;\n  }\n}\n<\/style>\n  <\/div>\n\n\n\n  <div class=\"banner has-hover bg-zoom\" id=\"banner-109800784\">\n          <div class=\"banner-inner fill\">\n        <div class=\"banner-bg fill\" >\n            <img decoding=\"async\" width=\"826\" height=\"768\" src=\"https:\/\/rali.fr\/blog-fr\/wp-content\/uploads\/2021\/08\/Plan-de-travail-1-e1645781751591.jpg\" class=\"bg attachment-original size-original\" alt=\"MONOBLOC\" \/>                        <div class=\"overlay\"><\/div>            \n                    <\/div>\n\t\t\n        <div class=\"banner-layers container\">\n            <div class=\"fill banner-link\"><\/div>            \n\n   <div id=\"text-box-1282604278\" class=\"text-box banner-layer x50 md-x5 lg-x5 y50 md-y10 lg-y10 res-text\">\n              <div data-parallax=\"-1\" data-parallax-fade=\"true\">       <div data-animate=\"bounceIn\">           <div class=\"text-box-content text dark text-shadow-5\">\n              \n              <div class=\"text-inner text-center\">\n                  \n\n<h3 class=\"uppercase\"><span style=\"color: #ed1c24;\">Le rabot \u00e0 une main<\/span><\/h3>\n<h1 class=\"uppercase\"><span style=\"font-size: 46.08px;\"><b>RALI 105 monobloc<\/b><\/span><\/h1>\n<a data-animate=\"fadeInRight\" href=\"\/rali-105-monobloc.html\" class=\"button white is-large lowercase\"  >\n\t\t<span>En savoir plus<\/span>\n\t<\/a>\n\n\n\n              <\/div>\n           <\/div>\n       <\/div>       <\/div>              \n<style>\n#text-box-1282604278 {\n  width: 80%;\n}\n#text-box-1282604278 .text-box-content {\n  font-size: 80%;\n}\n@media (min-width:550px) {\n  #text-box-1282604278 {\n    width: 63%;\n  }\n}\n<\/style>\n    <\/div>\n \n\n        <\/div>\n      <\/div>\n\n            \n<style>\n#banner-109800784 {\n  padding-top: 100%;\n}\n#banner-109800784 .overlay {\n  background-color: rgba(74, 74, 74, 0.186);\n}\n#banner-109800784 .banner-bg img {\n  object-position: 51% 58%;\n}\n@media (min-width:550px) {\n  #banner-109800784 {\n    padding-top: 600px;\n  }\n}\n<\/style>\n  <\/div>\n\n\n\n  <div class=\"banner has-hover bg-zoom\" id=\"banner-1641982525\">\n          <div class=\"banner-inner fill\">\n        <div class=\"banner-bg fill\" >\n            <img decoding=\"async\" width=\"761\" height=\"768\" src=\"https:\/\/rali.fr\/blog-fr\/wp-content\/uploads\/2021\/08\/pocket-3-e1645780911773.jpg\" class=\"bg attachment-original size-original\" alt=\"rali pocket\" \/>                        <div class=\"overlay\"><\/div>            \n                    <\/div>\n\t\t\n        <div class=\"banner-layers container\">\n            <div class=\"fill banner-link\"><\/div>            \n\n   <div id=\"text-box-904371791\" class=\"text-box banner-layer x50 md-x90 lg-x90 y50 md-y15 lg-y15 res-text\">\n              <div data-parallax=\"-1\" data-parallax-fade=\"true\">       <div data-animate=\"bounceIn\">           <div class=\"text-box-content text dark text-shadow-5\">\n              \n              <div class=\"text-inner text-center\">\n                  \n\n<h3 class=\"uppercase\"><span style=\"color: #ed1c24;\">l&rsquo;indispensable<\/span><\/h3>\n<h1 class=\"uppercase\"><span style=\"font-size: 46.08px;\"><b>RALI pocket<\/b><\/span><\/h1>\n<a data-animate=\"fadeInRight\" href=\"\/rali-specialites-pocket.html\" class=\"button white is-large lowercase\"  >\n\t\t<span>En savoir plus<\/span>\n\t<\/a>\n\n\n\n              <\/div>\n           <\/div>\n       <\/div>       <\/div>              \n<style>\n#text-box-904371791 {\n  width: 80%;\n}\n#text-box-904371791 .text-box-content {\n  font-size: 80%;\n}\n@media (min-width:550px) {\n  #text-box-904371791 {\n    width: 63%;\n  }\n}\n<\/style>\n    <\/div>\n \n\n        <\/div>\n      <\/div>\n\n            \n<style>\n#banner-1641982525 {\n  padding-top: 100%;\n}\n#banner-1641982525 .overlay {\n  background-color: rgba(74, 74, 74, 0.186);\n}\n#banner-1641982525 .banner-bg img {\n  object-position: 0% 55%;\n}\n@media (min-width:550px) {\n  #banner-1641982525 {\n    padding-top: 600px;\n  }\n}\n<\/style>\n  <\/div>\n\n\n\n  <div class=\"banner has-hover bg-zoom\" id=\"banner-860892562\">\n          <div class=\"banner-inner fill\">\n        <div class=\"banner-bg fill\" >\n            <img decoding=\"async\" width=\"809\" height=\"768\" src=\"https:\/\/rali.fr\/blog-fr\/wp-content\/uploads\/2021\/08\/ralimatic-1-e1645780981929.jpg\" class=\"bg attachment-original size-original\" alt=\"ralimatic\" \/>                        <div class=\"overlay\"><\/div>            \n                    <\/div>\n\t\t\n        <div class=\"banner-layers container\">\n            <div class=\"fill banner-link\"><\/div>            \n\n   <div id=\"text-box-1926802883\" class=\"text-box banner-layer x50 md-x5 lg-x5 y50 md-y10 lg-y10 res-text\">\n              <div data-parallax=\"-1\" data-parallax-fade=\"true\">       <div data-animate=\"bounceIn\">           <div class=\"text-box-content text dark text-shadow-5\">\n              \n              <div class=\"text-inner text-center\">\n                  \n\n<h3 class=\"uppercase\"><span style=\"color: #ed1c24;\">le petit compact<\/span><\/h3>\n<h1 class=\"uppercase\"><span style=\"font-size: 46.08px;\"><b>RALI ralimatic<\/b><\/span><\/h1>\n<a data-animate=\"fadeInRight\" href=\"\/ralimatic-monobloc.html\" class=\"button white is-large lowercase\"  >\n\t\t<span>En savoir plus<\/span>\n\t<\/a>\n\n\n\n              <\/div>\n           <\/div>\n       <\/div>       <\/div>              \n<style>\n#text-box-1926802883 {\n  width: 80%;\n}\n#text-box-1926802883 .text-box-content {\n  font-size: 80%;\n}\n@media (min-width:550px) {\n  #text-box-1926802883 {\n    width: 63%;\n  }\n}\n<\/style>\n    <\/div>\n \n\n        <\/div>\n      <\/div>\n\n            \n<style>\n#banner-860892562 {\n  padding-top: 100%;\n}\n#banner-860892562 .overlay {\n  background-color: rgba(74, 74, 74, 0.186);\n}\n#banner-860892562 .banner-bg img {\n  object-position: 50% 55%;\n}\n@media (min-width:550px) {\n  #banner-860892562 {\n    padding-top: 600px;\n  }\n}\n<\/style>\n  <\/div>\n\n\n\n\t\t<\/div>\n\n\t\t\n<style>\n#section_1878635137 {\n  padding-top: 0px;\n  padding-bottom: 0px;\n}\n<\/style>\n\t<\/section>\n\t\n<div class=\"container section-title-container\" style=\"margin-top:30px;max-width:80%;\"><h2 class=\"section-title section-title-center\"><b><\/b><span class=\"section-title-main\" >les rabots monoblocs en video<\/span><b><\/b><\/h2><\/div>\n\n<div class=\"row row-collapse\"  id=\"row-2050571106\">\n\n\n\t<div id=\"col-2028701729\" class=\"col medium-4 small-12 large-4\"  >\n\t\t\t\t<div class=\"col-inner text-center\"  >\n\t\t\t\n\t\t\t\n\n\t\t<div class=\"video-responsive\">\n\t\t\t\t\n\n<iframe src=\"https:\/\/www.youtube.com\/embed\/IEwaaERFoDs?cc_load_policy=1&#038;rel=0\" frameborder=\"0\"><\/iframe>\n\t\t<\/div>\n\t\n\n\t\t<\/div>\n\t\t\t\t\n<style>\n#col-2028701729 > .col-inner {\n  padding: 0px 5px 0px 5px;\n  margin: 0px 0px 0px 0;\n}\n<\/style>\n\t<\/div>\n\n\t\n\n\t<div id=\"col-1899998128\" class=\"col medium-4 small-12 large-4\"  >\n\t\t\t\t<div class=\"col-inner text-center\"  >\n\t\t\t\n\t\t\t\n\n\t\t<div class=\"video-responsive\">\n\t\t\t\t\n\n<iframe src=\"https:\/\/www.youtube.com\/embed\/IVNS5La5T5M?cc_load_policy=1&#038;rel=0\" frameborder=\"0\"><\/iframe>\n\t\t<\/div>\n\t\n\n\t\t<\/div>\n\t\t\t\t\n<style>\n#col-1899998128 > .col-inner {\n  padding: 0px 5px 0px 5px;\n  margin: 0px 0px 0px 0;\n}\n<\/style>\n\t<\/div>\n\n\t\n\n\t<div id=\"col-126653014\" class=\"col medium-4 small-12 large-4\"  >\n\t\t\t\t<div class=\"col-inner text-center\"  >\n\t\t\t\n\t\t\t\n\n\t\t<div class=\"video-responsive\">\n\t\t\t\t\n\n<iframe src=\"https:\/\/www.youtube.com\/embed\/v9tRUNQNpVc?cc_load_policy=1&#038;rel=0\" frameborder=\"0\"><\/iframe>\n\t\t<\/div>\n\t\n\n\t\t<\/div>\n\t\t\t\t\n<style>\n#col-126653014 > .col-inner {\n  padding: 0px 5px 0px 5px;\n  margin: 0px 0px 0px 0;\n}\n<\/style>\n\t<\/div>\n\n\t\n\n<\/div>\n<div class=\"container section-title-container\" style=\"margin-top:30px;max-width:80%;\"><h2 class=\"section-title section-title-center\"><b><\/b><span class=\"section-title-main\" >Les avis de nos professionnels<\/span><b><\/b><\/h2><\/div>\n\n<div class=\"row row-full-width align-equal row-box-shadow-2 row-box-shadow-5-hover\"  id=\"row-186340039\">\n\n\n\t<div id=\"col-196828183\" class=\"col medium-4 small-12 large-4\"  >\n\t\t\t\t<div class=\"col-inner\"  >\n\t\t\t\n\t\t\t\n\n  <div class=\"icon-box testimonial-box icon-box-center text-center\">\n                <div class=\"icon-box-img testimonial-image circle\" style=\"width: 121px\">\n                      <\/div>\n                <div class=\"icon-box-text p-last-0\">\n          <div class=\"star-rating\"><span style=\"width:100%\"><strong class=\"rating\"><\/strong><\/span><\/div>  \t\t\t\t<div class=\"testimonial-text line-height-small italic test_text first-reset last-reset is-italic\">\n            \n\n<div class=\"netreviews_review_part\">\n<p class=\"netreviews_customer_review\">Facile d&rsquo;utilisation bonne ergonomie<\/p>\n<\/div>\n\n          <\/div>\n          <div class=\"testimonial-meta pt-half\">\n             <strong class=\"testimonial-name test_name\">St\u00e9phane G.<\/strong>\n             <span class=\"testimonial-name-divider\"> \/ <\/span>             <span class=\"testimonial-company test_company\">RALI 260 Monobloc<\/span>\n          <\/div>\n        <\/div>\n  <\/div>\n\n  \n\n\t\t<\/div>\n\t\t\t\t\t<\/div>\n\n\t\n\n\t<div id=\"col-47845047\" class=\"col medium-4 small-12 large-4\"  >\n\t\t\t\t<div class=\"col-inner\"  >\n\t\t\t\n\t\t\t\n\n  <div class=\"icon-box testimonial-box icon-box-center text-center\">\n                <div class=\"icon-box-img testimonial-image circle\" style=\"width: 121px\">\n                      <\/div>\n                <div class=\"icon-box-text p-last-0\">\n          <div class=\"star-rating\"><span style=\"width:100%\"><strong class=\"rating\"><\/strong><\/span><\/div>  \t\t\t\t<div class=\"testimonial-text line-height-small italic test_text first-reset last-reset is-italic\">\n            \n\n<div class=\"e-box h-p2 -stacked -radius-none\">\n<div class=\"netreviews_review_part\">\n<div class=\"netreviews_review_part\">\n<p class=\"netreviews_customer_review\">D\u2019une simplicit\u00e9 enfantine, tr\u00e8s bon produit pour l\u2019amateur occasionnel. Le logement pour les lames dans la poign\u00e9e est bienvenu. Pour une utilisation plus intensive se tourner vers un mod\u00e8le \u00e0 ouverture r\u00e9glable, car \u00e7a bourre un peu pour du rabotage profond. Mais c\u2019est d\u00e9j\u00e0 Pr\u00e9cis\u00e9 dans le descriptif Rali.<\/p>\n<\/div>\n<\/div>\n<\/div>\n\n          <\/div>\n          <div class=\"testimonial-meta pt-half\">\n             <strong class=\"testimonial-name test_name\">Client anonyme<\/strong>\n             <span class=\"testimonial-name-divider\"> \/ <\/span>             <span class=\"testimonial-company test_company\">RALI 220 Monobloc<\/span>\n          <\/div>\n        <\/div>\n  <\/div>\n\n  \n\n\t\t<\/div>\n\t\t\t\t\t<\/div>\n\n\t\n\n\t<div id=\"col-1047442281\" class=\"col medium-4 small-12 large-4\"  >\n\t\t\t\t<div class=\"col-inner\"  >\n\t\t\t\n\t\t\t\n\n  <div class=\"icon-box testimonial-box icon-box-center text-center\">\n                <div class=\"icon-box-img testimonial-image circle\" style=\"width: 121px\">\n                      <\/div>\n                <div class=\"icon-box-text p-last-0\">\n          <div class=\"star-rating\"><span style=\"width:100%\"><strong class=\"rating\"><\/strong><\/span><\/div>  \t\t\t\t<div class=\"testimonial-text line-height-small italic test_text first-reset last-reset is-italic\">\n            \n\n<p>Rabot tr\u00e8s maniable, simplicit\u00e9 d&rsquo;utilisation pour moi qui suis novice. Rabot pas si l\u00e9ger que \u00e7a pour cette version semelle l\u00e9g\u00e8re, tr\u00e8s agr\u00e9able \u00e0 manier. Le r\u00e9glage de la profondeur est d&rsquo;une facilit\u00e9 d\u00e9concertante. Achat qui en appelle d&rsquo;autre.<\/p>\n\n          <\/div>\n          <div class=\"testimonial-meta pt-half\">\n             <strong class=\"testimonial-name test_name\">Simon D.<\/strong>\n             <span class=\"testimonial-name-divider\"> \/ <\/span>             <span class=\"testimonial-company test_company\">RALI 105 Monobloc<\/span>\n          <\/div>\n        <\/div>\n  <\/div>\n\n  \n\n\t\t<\/div>\n\t\t\t\t\t<\/div>\n\n\t\n\n\n<style>\n#row-186340039 > .col > .col-inner {\n  padding: 30px 30px 30px 30px;\n}\n<\/style>\n<\/div>\n\n","protected":false},"excerpt":{"rendered":"","protected":false},"author":1,"featured_media":0,"parent":0,"menu_order":0,"comment_status":"closed","ping_status":"closed","template":"page-blank.php","meta":{"footnotes":""},"class_list":["post-4993","page","type-page","status-publish","hentry"],"yoast_head":"<!-- This site is optimized with the Yoast SEO plugin v25.3 - https:\/\/yoast.com\/wordpress\/plugins\/seo\/ -->\n<title>Rabots RALI MONOBLOC sans aff\u00fbtage \u00e0 lames interchangeables<\/title>\n<meta name=\"description\" content=\"Les rabots RALI de la gamme Monobloc sont id\u00e9als pour le travail occassionnel du bois. Le changement de lame s&#039;effectue en quelques secondes\" \/>\n<meta name=\"robots\" content=\"index, follow, max-snippet:-1, max-image-preview:large, max-video-preview:-1\" \/>\n<link rel=\"canonical\" href=\"https:\/\/rali.fr\/blog-fr\/la-gamme-rali-monobloc\/\" \/>\n<meta property=\"og:locale\" content=\"fr_FR\" \/>\n<meta property=\"og:type\" content=\"article\" \/>\n<meta property=\"og:title\" content=\"Rabots RALI MONOBLOC sans aff\u00fbtage \u00e0 lames interchangeables\" \/>\n<meta property=\"og:description\" content=\"Les rabots RALI de la gamme Monobloc sont id\u00e9als pour le travail occassionnel du bois. Le changement de lame s&#039;effectue en quelques secondes\" \/>\n<meta property=\"og:url\" content=\"https:\/\/rali.fr\/blog-fr\/la-gamme-rali-monobloc\/\" \/>\n<meta property=\"og:site_name\" content=\"RALI outils bois pour les pros\" \/>\n<meta property=\"article:publisher\" content=\"https:\/\/www.facebook.com\/raliswiss\" \/>\n<meta property=\"article:modified_time\" content=\"2022-06-20T14:42:12+00:00\" \/>\n<meta name=\"twitter:card\" content=\"summary_large_image\" \/>\n<meta name=\"twitter:label1\" content=\"Dur\u00e9e de lecture estim\u00e9e\" \/>\n\t<meta name=\"twitter:data1\" content=\"5 minutes\" \/>\n<script type=\"application\/ld+json\" class=\"yoast-schema-graph\">{\"@context\":\"https:\/\/schema.org\",\"@graph\":[{\"@type\":\"WebPage\",\"@id\":\"https:\/\/rali.fr\/blog-fr\/la-gamme-rali-monobloc\/\",\"url\":\"https:\/\/rali.fr\/blog-fr\/la-gamme-rali-monobloc\/\",\"name\":\"Rabots RALI MONOBLOC sans aff\u00fbtage \u00e0 lames interchangeables\",\"isPartOf\":{\"@id\":\"https:\/\/rali.fr\/blog-fr\/#website\"},\"datePublished\":\"2021-08-17T10:45:51+00:00\",\"dateModified\":\"2022-06-20T14:42:12+00:00\",\"description\":\"Les rabots RALI de la gamme Monobloc sont id\u00e9als pour le travail occassionnel du bois. Le changement de lame s'effectue en quelques secondes\",\"inLanguage\":\"fr-FR\",\"potentialAction\":[{\"@type\":\"ReadAction\",\"target\":[\"https:\/\/rali.fr\/blog-fr\/la-gamme-rali-monobloc\/\"]}]},{\"@type\":\"WebSite\",\"@id\":\"https:\/\/rali.fr\/blog-fr\/#website\",\"url\":\"https:\/\/rali.fr\/blog-fr\/\",\"name\":\"RALI outils bois pour les pros\",\"description\":\"Les outils bois pour les passionn\u00e9s\",\"publisher\":{\"@id\":\"https:\/\/rali.fr\/blog-fr\/#organization\"},\"potentialAction\":[{\"@type\":\"SearchAction\",\"target\":{\"@type\":\"EntryPoint\",\"urlTemplate\":\"https:\/\/rali.fr\/blog-fr\/?s={search_term_string}\"},\"query-input\":{\"@type\":\"PropertyValueSpecification\",\"valueRequired\":true,\"valueName\":\"search_term_string\"}}],\"inLanguage\":\"fr-FR\"},{\"@type\":\"Organization\",\"@id\":\"https:\/\/rali.fr\/blog-fr\/#organization\",\"name\":\"RALI\",\"url\":\"https:\/\/rali.fr\/blog-fr\/\",\"logo\":{\"@type\":\"ImageObject\",\"inLanguage\":\"fr-FR\",\"@id\":\"https:\/\/rali.fr\/blog-fr\/#\/schema\/logo\/image\/\",\"url\":\"https:\/\/rali.fr\/blog-fr\/wp-content\/uploads\/2020\/08\/logo-rali-allonge-1100x500-1.png\",\"contentUrl\":\"https:\/\/rali.fr\/blog-fr\/wp-content\/uploads\/2020\/08\/logo-rali-allonge-1100x500-1.png\",\"width\":1100,\"height\":500,\"caption\":\"RALI\"},\"image\":{\"@id\":\"https:\/\/rali.fr\/blog-fr\/#\/schema\/logo\/image\/\"},\"sameAs\":[\"https:\/\/www.facebook.com\/raliswiss\"]}]}<\/script>\n<!-- \/ Yoast SEO plugin. -->","yoast_head_json":{"title":"Rabots RALI MONOBLOC sans aff\u00fbtage \u00e0 lames interchangeables","description":"Les rabots RALI de la gamme Monobloc sont id\u00e9als pour le travail occassionnel du bois. Le changement de lame s'effectue en quelques secondes","robots":{"index":"index","follow":"follow","max-snippet":"max-snippet:-1","max-image-preview":"max-image-preview:large","max-video-preview":"max-video-preview:-1"},"canonical":"https:\/\/rali.fr\/blog-fr\/la-gamme-rali-monobloc\/","og_locale":"fr_FR","og_type":"article","og_title":"Rabots RALI MONOBLOC sans aff\u00fbtage \u00e0 lames interchangeables","og_description":"Les rabots RALI de la gamme Monobloc sont id\u00e9als pour le travail occassionnel du bois. Le changement de lame s'effectue en quelques secondes","og_url":"https:\/\/rali.fr\/blog-fr\/la-gamme-rali-monobloc\/","og_site_name":"RALI outils bois pour les pros","article_publisher":"https:\/\/www.facebook.com\/raliswiss","article_modified_time":"2022-06-20T14:42:12+00:00","twitter_card":"summary_large_image","twitter_misc":{"Dur\u00e9e de lecture estim\u00e9e":"5 minutes"},"schema":{"@context":"https:\/\/schema.org","@graph":[{"@type":"WebPage","@id":"https:\/\/rali.fr\/blog-fr\/la-gamme-rali-monobloc\/","url":"https:\/\/rali.fr\/blog-fr\/la-gamme-rali-monobloc\/","name":"Rabots RALI MONOBLOC sans aff\u00fbtage \u00e0 lames interchangeables","isPartOf":{"@id":"https:\/\/rali.fr\/blog-fr\/#website"},"datePublished":"2021-08-17T10:45:51+00:00","dateModified":"2022-06-20T14:42:12+00:00","description":"Les rabots RALI de la gamme Monobloc sont id\u00e9als pour le travail occassionnel du bois. Le changement de lame s'effectue en quelques secondes","inLanguage":"fr-FR","potentialAction":[{"@type":"ReadAction","target":["https:\/\/rali.fr\/blog-fr\/la-gamme-rali-monobloc\/"]}]},{"@type":"WebSite","@id":"https:\/\/rali.fr\/blog-fr\/#website","url":"https:\/\/rali.fr\/blog-fr\/","name":"RALI outils bois pour les pros","description":"Les outils bois pour les passionn\u00e9s","publisher":{"@id":"https:\/\/rali.fr\/blog-fr\/#organization"},"potentialAction":[{"@type":"SearchAction","target":{"@type":"EntryPoint","urlTemplate":"https:\/\/rali.fr\/blog-fr\/?s={search_term_string}"},"query-input":{"@type":"PropertyValueSpecification","valueRequired":true,"valueName":"search_term_string"}}],"inLanguage":"fr-FR"},{"@type":"Organization","@id":"https:\/\/rali.fr\/blog-fr\/#organization","name":"RALI","url":"https:\/\/rali.fr\/blog-fr\/","logo":{"@type":"ImageObject","inLanguage":"fr-FR","@id":"https:\/\/rali.fr\/blog-fr\/#\/schema\/logo\/image\/","url":"https:\/\/rali.fr\/blog-fr\/wp-content\/uploads\/2020\/08\/logo-rali-allonge-1100x500-1.png","contentUrl":"https:\/\/rali.fr\/blog-fr\/wp-content\/uploads\/2020\/08\/logo-rali-allonge-1100x500-1.png","width":1100,"height":500,"caption":"RALI"},"image":{"@id":"https:\/\/rali.fr\/blog-fr\/#\/schema\/logo\/image\/"},"sameAs":["https:\/\/www.facebook.com\/raliswiss"]}]}},"_links":{"self":[{"href":"https:\/\/rali.fr\/blog-fr\/wp-json\/wp\/v2\/pages\/4993","targetHints":{"allow":["GET"]}}],"collection":[{"href":"https:\/\/rali.fr\/blog-fr\/wp-json\/wp\/v2\/pages"}],"about":[{"href":"https:\/\/rali.fr\/blog-fr\/wp-json\/wp\/v2\/types\/page"}],"author":[{"embeddable":true,"href":"https:\/\/rali.fr\/blog-fr\/wp-json\/wp\/v2\/users\/1"}],"replies":[{"embeddable":true,"href":"https:\/\/rali.fr\/blog-fr\/wp-json\/wp\/v2\/comments?post=4993"}],"version-history":[{"count":97,"href":"https:\/\/rali.fr\/blog-fr\/wp-json\/wp\/v2\/pages\/4993\/revisions"}],"predecessor-version":[{"id":7550,"href":"https:\/\/rali.fr\/blog-fr\/wp-json\/wp\/v2\/pages\/4993\/revisions\/7550"}],"wp:attachment":[{"href":"https:\/\/rali.fr\/blog-fr\/wp-json\/wp\/v2\/media?parent=4993"}],"curies":[{"name":"wp","href":"https:\/\/api.w.org\/{rel}","templated":true}]}}