{"id":3167,"date":"2021-05-25T18:16:57","date_gmt":"2021-05-25T16:16:57","guid":{"rendered":"https:\/\/rali.fr\/blog-fr\/?page_id=3167"},"modified":"2023-06-02T13:35:23","modified_gmt":"2023-06-02T11:35:23","slug":"inscription-rali","status":"publish","type":"page","link":"https:\/\/rali.fr\/blog-fr\/inscription-rali\/","title":{"rendered":"La Communaut\u00e9 RALI des passionn\u00e9s du bois"},"content":{"rendered":"\n\n\n  <div class=\"banner has-hover\" id=\"banner-317600183\">\n          <div class=\"banner-inner fill\">\n        <div class=\"banner-bg fill\" >\n            <img decoding=\"async\" width=\"960\" height=\"220\" src=\"https:\/\/rali.fr\/blog-fr\/wp-content\/uploads\/2021\/09\/patchwork2-seul.jpg\" class=\"bg attachment-large size-large\" alt=\"\" \/>                        <div class=\"overlay\"><\/div>            \n                    <\/div>\n\t\t\n        <div class=\"banner-layers container\">\n            <div class=\"fill banner-link\"><\/div>            \n\n   <div id=\"text-box-1450336489\" class=\"text-box banner-layer x50 md-x50 lg-x50 y90 md-y90 lg-y90 res-text\">\n                                <div class=\"text-box-content text dark text-shadow-5\">\n              \n              <div class=\"text-inner text-center\">\n                  \n\n\t<div id=\"text-892952704\" class=\"text\">\n\t\t\n\n<h1 class=\"uppercase\" style=\"font-size: 100%;\">Faites partie de la communaut\u00e9 des passionn\u00e9s du bois<br>et d\u00e9couvrez les avantages du club RALI<\/h1>\n\t\t\n<style>\n#text-892952704 {\n  font-size: 0.75rem;\n  line-height: 1;\n  text-align: center;\n  color: rgb(255, 255, 255);\n}\n#text-892952704 > * {\n  color: rgb(255, 255, 255);\n}\n@media (min-width:550px) {\n  #text-892952704 {\n    font-size: 1.5rem;\n    line-height: 1.25;\n  }\n}\n<\/style>\n\t<\/div>\n\t\n\n              <\/div>\n           <\/div>\n                            \n<style>\n#text-box-1450336489 {\n  width: 90%;\n}\n#text-box-1450336489 .text-box-content {\n  font-size: 50%;\n}\n@media (min-width:550px) {\n  #text-box-1450336489 {\n    width: 70%;\n  }\n  #text-box-1450336489 .text-box-content {\n    font-size: 130%;\n  }\n}\n<\/style>\n    <\/div>\n \n\n        <\/div>\n      <\/div>\n\n            \n<style>\n#banner-317600183 {\n  padding-top: 102px;\n}\n#banner-317600183 .overlay {\n  background-color: rgba(0, 0, 0, 0.17);\n}\n@media (min-width:550px) {\n  #banner-317600183 {\n    padding-top: 300px;\n  }\n}\n<\/style>\n  <\/div>\n\n\n\t<div id=\"gap-1931550670\" class=\"gap-element clearfix\" style=\"display:block; height:auto;\">\n\t\t\n<style>\n#gap-1931550670 {\n  padding-top: 30px;\n}\n<\/style>\n\t<\/div>\n\t\n\n<div class=\"row align-center\"  id=\"row-254188263\">\n\n\n\t<div id=\"col-2062926836\" class=\"col medium-12 small-12 large-6\"  >\n\t\t\t\t<div class=\"col-inner text-center box-shadow-1\"  >\n\t\t\t\n\t\t\t\n\n<div class=\"container section-title-container\" ><h3 class=\"section-title section-title-center\"><b><\/b><span class=\"section-title-main\" >Vous aussi, rejoignez le club<\/span><b><\/b><\/h3><\/div>\n\n\n<div class=\"wpcf7 no-js\" id=\"wpcf7-f2400-o1\" lang=\"fr-FR\" dir=\"ltr\" data-wpcf7-id=\"2400\">\n<div class=\"screen-reader-response\"><p role=\"status\" aria-live=\"polite\" aria-atomic=\"true\"><\/p> <ul><\/ul><\/div>\n<form action=\"\/blog-fr\/wp-json\/wp\/v2\/pages\/3167#wpcf7-f2400-o1\" method=\"post\" class=\"wpcf7-form init\" aria-label=\"Formulaire de contact\" novalidate=\"novalidate\" data-status=\"init\">\n<div style=\"display: none;\">\n<input type=\"hidden\" name=\"_wpcf7\" value=\"2400\" \/>\n<input type=\"hidden\" name=\"_wpcf7_version\" value=\"6.0.6\" \/>\n<input type=\"hidden\" name=\"_wpcf7_locale\" value=\"fr_FR\" \/>\n<input type=\"hidden\" name=\"_wpcf7_unit_tag\" value=\"wpcf7-f2400-o1\" \/>\n<input type=\"hidden\" name=\"_wpcf7_container_post\" value=\"0\" \/>\n<input type=\"hidden\" name=\"_wpcf7_posted_data_hash\" value=\"\" \/>\n<input type=\"hidden\" name=\"_wpcf7cf_hidden_group_fields\" value=\"[]\" \/>\n<input type=\"hidden\" name=\"_wpcf7cf_hidden_groups\" value=\"[]\" \/>\n<input type=\"hidden\" name=\"_wpcf7cf_visible_groups\" value=\"[]\" \/>\n<input type=\"hidden\" name=\"_wpcf7cf_repeaters\" value=\"[]\" \/>\n<input type=\"hidden\" name=\"_wpcf7cf_steps\" value=\"{}\" \/>\n<input type=\"hidden\" name=\"_wpcf7cf_options\" value=\"{&quot;form_id&quot;:2400,&quot;conditions&quot;:[],&quot;settings&quot;:{&quot;animation&quot;:&quot;yes&quot;,&quot;animation_intime&quot;:200,&quot;animation_outtime&quot;:200,&quot;conditions_ui&quot;:&quot;normal&quot;,&quot;notice_dismissed&quot;:false,&quot;notice_dismissed_update-cf7-5.7.4&quot;:true}}\" \/>\n<input type=\"hidden\" name=\"_wpcf7_recaptcha_response\" value=\"\" \/>\n<\/div>\n<div class=\"wpcf7-response-output\" aria-hidden=\"true\"><\/div>\n<p style=\"color:red\">En ce moment, une offre de bienvenue exceptionnelle rien que pour vous pendant 24h\n<\/p>\n<p>&nbsp;\n<\/p>\n<p\/><br \/>\n<label style=\"padding-left: 10px; padding-right: 10px;\"> Votre pr\u00e9nom<br \/>\n<span class=\"wpcf7-form-control-wrap\" data-name=\"your-firstname\"><input size=\"40\" maxlength=\"400\" class=\"wpcf7-form-control wpcf7-text wpcf7-validates-as-required\" aria-required=\"true\" aria-invalid=\"false\" value=\"\" type=\"text\" name=\"your-firstname\" \/><\/span> <\/label><br \/>\n<label style=\"padding-left: 10px; padding-right: 10px;\"> Votre e-mail<br \/>\n<span class=\"wpcf7-form-control-wrap\" data-name=\"your-email\"><input size=\"40\" maxlength=\"400\" class=\"wpcf7-form-control wpcf7-email wpcf7-validates-as-required wpcf7-text wpcf7-validates-as-email\" aria-required=\"true\" aria-invalid=\"false\" value=\"\" type=\"email\" name=\"your-email\" \/><\/span> <\/label>\n<\/p>\n<p><label style=\"padding-left: 10px; padding-right: 10px;\">Votre pays : <span class=\"wpcf7-form-control-wrap\" data-name=\"your-country\"><select class=\"wpcf7-form-control wpcf7-select\" aria-invalid=\"false\" name=\"your-country\"><option value=\"France\">France<\/option><option value=\"Belgique\">Belgique<\/option><option value=\"Canada\">Canada<\/option><option value=\"Suisse\">Suisse<\/option><option value=\"Autre\">Autre<\/option><\/select><\/span><\/label>\n<\/p>\n<input class=\"wpcf7-form-control wpcf7-hidden\" value=\"\" type=\"hidden\" name=\"orgvst\" \/>\n<input class=\"wpcf7-form-control wpcf7-hidden\" value=\"\" type=\"hidden\" name=\"orgsite\" \/>\n<center>Je m'inscris et je souhaite recevoir mon code de bienvenue imm\u00e9diatement\n\t<center>\n\t\t<center>\n\t\t\t<p><input class=\"wpcf7-form-control wpcf7-submit has-spinner\" type=\"submit\" value=\"Envoyer\" \/>\n\t\t\t\t<center>\n(D\u00e9sinscription possible \u00e0 tout moment)\n\t\t\t\t<\/center>\n\t\t\t<\/p>\n\t\t<\/center>\n\t<\/center>\n<\/center>\n<\/form>\n<\/div>\n\n\n\n\t\t<\/div>\n\t\t\t\t\t<\/div>\n\n\t\n\n<\/div>\n\t<div id=\"gap-1932440264\" class=\"gap-element clearfix\" style=\"display:block; height:auto;\">\n\t\t\n<style>\n#gap-1932440264 {\n  padding-top: 30px;\n}\n<\/style>\n\t<\/div>\n\t\n\n<div class=\"row row-collapse align-center\"  id=\"row-1679913924\">\n\n\n\t<div id=\"col-751485860\" class=\"col medium-12 small-12 large-12\"  >\n\t\t\t\t<div class=\"col-inner text-center\"  >\n\t\t\t\n\t\t\t\n\n<div class=\"container section-title-container\" ><h3 class=\"section-title section-title-center\"><b><\/b><span class=\"section-title-main\" >Vos avantages<\/span><b><\/b><\/h3><\/div>\n\n\n\t\t<\/div>\n\t\t\t\t\n<style>\n#col-751485860 > .col-inner {\n  padding: 0px 0px 0px 0px;\n}\n<\/style>\n\t<\/div>\n\n\t\n\n\t<div id=\"col-433345398\" class=\"col medium-3 small-12 large-3\"  >\n\t\t\t\t<div class=\"col-inner text-center\"  >\n\t\t\t\n\t\t\t\n\n\t<div class=\"img has-hover x md-x lg-x y md-y lg-y\" id=\"image_133201909\">\n\t\t\t\t\t\t\t\t<div class=\"img-inner dark\" >\n\t\t\t<img decoding=\"async\" width=\"512\" height=\"512\" src=\"https:\/\/rali.fr\/blog-fr\/wp-content\/uploads\/2021\/02\/communaute-en-ligne-1.png\" class=\"attachment-large size-large\" alt=\"\" srcset=\"https:\/\/rali.fr\/blog-fr\/wp-content\/uploads\/2021\/02\/communaute-en-ligne-1.png 512w, https:\/\/rali.fr\/blog-fr\/wp-content\/uploads\/2021\/02\/communaute-en-ligne-1-400x400.png 400w, https:\/\/rali.fr\/blog-fr\/wp-content\/uploads\/2021\/02\/communaute-en-ligne-1-280x280.png 280w, https:\/\/rali.fr\/blog-fr\/wp-content\/uploads\/2021\/02\/communaute-en-ligne-1-100x100.png 100w\" sizes=\"(max-width: 512px) 100vw, 512px\" \/>\t\t\t\t\t\t\n\t\t\t\t\t<\/div>\n\t\t\t\t\t\t\t\t\n<style>\n#image_133201909 {\n  width: 15%;\n}\n@media (min-width:550px) {\n  #image_133201909 {\n    width: 33%;\n  }\n}\n<\/style>\n\t<\/div>\n\t\n\n<h3 class=\"uppercase\">Partage avec la communaut\u00e9<\/h3>\n<p><span style=\"font-size: 90%;\">Conseils d&rsquo;utilisation<br \/>Tutos vid\u00e9os, astuces, conseils<\/span><br \/><span style=\"font-size: 90%;\">Techniques de r\u00e9alisation<\/span><br \/><span style=\"font-size: 90%;\">Partage d&rsquo;exp\u00e9riences<\/span><\/p>\n\n\t\t<\/div>\n\t\t\t\t\t<\/div>\n\n\t\n\n\t<div id=\"col-62871632\" class=\"col medium-5 small-12 large-3\"  >\n\t\t\t\t<div class=\"col-inner text-center\"  >\n\t\t\t\n\t\t\t\n\n\t<div class=\"img has-hover x md-x lg-x y md-y lg-y\" id=\"image_390456765\">\n\t\t\t\t\t\t\t\t<div class=\"img-inner dark\" >\n\t\t\t<img decoding=\"async\" width=\"991\" height=\"800\" src=\"https:\/\/rali.fr\/blog-fr\/wp-content\/uploads\/2021\/05\/picto-news-recadre-991x800.jpg\" class=\"attachment-large size-large\" alt=\"\" srcset=\"https:\/\/rali.fr\/blog-fr\/wp-content\/uploads\/2021\/05\/picto-news-recadre-991x800.jpg 991w, https:\/\/rali.fr\/blog-fr\/wp-content\/uploads\/2021\/05\/picto-news-recadre-496x400.jpg 496w, https:\/\/rali.fr\/blog-fr\/wp-content\/uploads\/2021\/05\/picto-news-recadre-768x620.jpg 768w, https:\/\/rali.fr\/blog-fr\/wp-content\/uploads\/2021\/05\/picto-news-recadre-1536x1239.jpg 1536w, https:\/\/rali.fr\/blog-fr\/wp-content\/uploads\/2021\/05\/picto-news-recadre.jpg 1895w\" sizes=\"(max-width: 991px) 100vw, 991px\" \/>\t\t\t\t\t\t\n\t\t\t\t\t<\/div>\n\t\t\t\t\t\t\t\t\n<style>\n#image_390456765 {\n  width: 15%;\n}\n@media (min-width:550px) {\n  #image_390456765 {\n    width: 41%;\n  }\n}\n<\/style>\n\t<\/div>\n\t\n\n<h3 class=\"uppercase\" style=\"text-align: center;\">Actualit\u00e9s Bois<\/h3>\n<p><span style=\"font-size: 90%;\">Reportages<br \/>D\u00e9couverte de passionn\u00e9s <br \/>R\u00e9alisations in\u00e9dites <br \/>Ev\u00e9nements autour du bois<br \/>Offres promotionnelles<br\/<\/span><\/p>\n\n\t\t<\/div>\n\t\t\t\t\t<\/div>\n\n\t\n\n\t<div id=\"col-611091707\" class=\"col medium-3 small-12 large-3\"  >\n\t\t\t\t<div class=\"col-inner text-center\"  >\n\t\t\t\n\t\t\t\n\n\t<div id=\"gap-913055634\" class=\"gap-element clearfix\" style=\"display:block; height:auto;\">\n\t\t\n<style>\n#gap-913055634 {\n  padding-top: 30px;\n}\n<\/style>\n\t<\/div>\n\t\n\n\t<div class=\"img has-hover x md-x lg-x y md-y lg-y\" id=\"image_389044403\">\n\t\t\t\t\t\t\t\t<div class=\"img-inner image-cover dark\" style=\"padding-top:50%;\">\n\t\t\t<img decoding=\"async\" width=\"300\" height=\"150\" src=\"https:\/\/rali.fr\/blog-fr\/wp-content\/uploads\/2021\/05\/LOGO-RALI-DE-new1000x500-e1622136837915.png\" class=\"attachment-large size-large\" alt=\"\" \/>\t\t\t\t\t\t\n\t\t\t\t\t<\/div>\n\t\t\t\t\t\t\t\t\n<style>\n#image_389044403 {\n  width: 15%;\n}\n@media (min-width:550px) {\n  #image_389044403 {\n    width: 45%;\n  }\n}\n<\/style>\n\t<\/div>\n\t\n\n\t<div id=\"gap-1205187018\" class=\"gap-element clearfix\" style=\"display:block; height:auto;\">\n\t\t\n<style>\n#gap-1205187018 {\n  padding-top: 2px;\n}\n<\/style>\n\t<\/div>\n\t\n\n<h3 class=\"uppercase\">Produits<\/h3>\n<p><span style=\"font-size: 90%;\">Nouveaut\u00e9s en exclusivit\u00e9<br \/>D\u00e9monstrations produits<br \/>Comparatif outils <br \/><\/span><span style=\"font-size: 90%;\">Entretien du mat\u00e9riel <br \/><\/span><span style=\"font-size: 90%;\">Bons plans du moment<\/span><\/p>\n\n\t\t<\/div>\n\t\t\t\t\t<\/div>\n\n\t\n\n\t<div id=\"col-1261546345\" class=\"col medium-3 small-12 large-3\"  >\n\t\t\t\t<div class=\"col-inner text-center\"  >\n\t\t\t\n\t\t\t\n\n\t<div class=\"img has-hover x md-x lg-x y md-y lg-y\" id=\"image_818630630\">\n\t\t\t\t\t\t\t\t<div class=\"img-inner dark\" >\n\t\t\t<img decoding=\"async\" width=\"116\" height=\"116\" src=\"https:\/\/rali.fr\/blog-fr\/wp-content\/uploads\/2021\/05\/picto-usine-direct-fabricant-116.png\" class=\"attachment-large size-large\" alt=\"\" \/>\t\t\t\t\t\t\n\t\t\t\t\t<\/div>\n\t\t\t\t\t\t\t\t\n<style>\n#image_818630630 {\n  width: 15%;\n}\n@media (min-width:550px) {\n  #image_818630630 {\n    width: 34%;\n  }\n}\n<\/style>\n\t<\/div>\n\t\n\n\t<div id=\"text-4091411925\" class=\"text\">\n\t\t\n\n<h3 class=\"uppercase\" style=\"text-align: center;\"><span style=\"font-size: 90%; color: #555555;\">Conseils de pro<\/span><\/h3>\n<p><span style=\"font-size: 90%;\">Un responsable usine en direct<br>Des conseils produits adapt\u00e9s<br>Suivi personnalis\u00e9 de vos demandes<br>Des offres de prix fabricant<\/span><\/p>\n\t\t\n<style>\n#text-4091411925 {\n  text-align: center;\n}\n<\/style>\n\t<\/div>\n\t\n\n\t\t<\/div>\n\t\t\t\t\t<\/div>\n\n\t\n\n<\/div>\n\n","protected":false},"excerpt":{"rendered":"","protected":false},"author":1,"featured_media":0,"parent":0,"menu_order":0,"comment_status":"closed","ping_status":"closed","template":"page-blank.php","meta":{"footnotes":""},"class_list":["post-3167","page","type-page","status-publish","hentry"],"yoast_head":"<!-- This site is optimized with the Yoast SEO plugin v25.3 - https:\/\/yoast.com\/wordpress\/plugins\/seo\/ -->\n<title>La Communaut\u00e9 RALI des passionn\u00e9s du bois<\/title>\n<meta name=\"robots\" content=\"index, follow, max-snippet:-1, max-image-preview:large, max-video-preview:-1\" \/>\n<link rel=\"canonical\" href=\"https:\/\/rali.fr\/blog-fr\/inscription-rali\/\" \/>\n<meta property=\"og:locale\" content=\"fr_FR\" \/>\n<meta property=\"og:type\" content=\"article\" \/>\n<meta property=\"og:title\" content=\"La Communaut\u00e9 RALI des passionn\u00e9s du bois\" \/>\n<meta property=\"og:url\" content=\"https:\/\/rali.fr\/blog-fr\/inscription-rali\/\" \/>\n<meta property=\"og:site_name\" content=\"RALI outils bois pour les pros\" \/>\n<meta property=\"article:publisher\" content=\"https:\/\/www.facebook.com\/raliswiss\" \/>\n<meta property=\"article:modified_time\" content=\"2023-06-02T11:35:23+00:00\" \/>\n<meta name=\"twitter:card\" content=\"summary_large_image\" \/>\n<meta name=\"twitter:label1\" content=\"Dur\u00e9e de lecture estim\u00e9e\" \/>\n\t<meta name=\"twitter:data1\" content=\"1 minute\" \/>\n<script type=\"application\/ld+json\" class=\"yoast-schema-graph\">{\"@context\":\"https:\/\/schema.org\",\"@graph\":[{\"@type\":\"WebPage\",\"@id\":\"https:\/\/rali.fr\/blog-fr\/inscription-rali\/\",\"url\":\"https:\/\/rali.fr\/blog-fr\/inscription-rali\/\",\"name\":\"La Communaut\u00e9 RALI des passionn\u00e9s du bois\",\"isPartOf\":{\"@id\":\"https:\/\/rali.fr\/blog-fr\/#website\"},\"datePublished\":\"2021-05-25T16:16:57+00:00\",\"dateModified\":\"2023-06-02T11:35:23+00:00\",\"inLanguage\":\"fr-FR\",\"potentialAction\":[{\"@type\":\"ReadAction\",\"target\":[\"https:\/\/rali.fr\/blog-fr\/inscription-rali\/\"]}]},{\"@type\":\"WebSite\",\"@id\":\"https:\/\/rali.fr\/blog-fr\/#website\",\"url\":\"https:\/\/rali.fr\/blog-fr\/\",\"name\":\"RALI outils bois pour les pros\",\"description\":\"Les outils bois pour les passionn\u00e9s\",\"publisher\":{\"@id\":\"https:\/\/rali.fr\/blog-fr\/#organization\"},\"potentialAction\":[{\"@type\":\"SearchAction\",\"target\":{\"@type\":\"EntryPoint\",\"urlTemplate\":\"https:\/\/rali.fr\/blog-fr\/?s={search_term_string}\"},\"query-input\":{\"@type\":\"PropertyValueSpecification\",\"valueRequired\":true,\"valueName\":\"search_term_string\"}}],\"inLanguage\":\"fr-FR\"},{\"@type\":\"Organization\",\"@id\":\"https:\/\/rali.fr\/blog-fr\/#organization\",\"name\":\"RALI\",\"url\":\"https:\/\/rali.fr\/blog-fr\/\",\"logo\":{\"@type\":\"ImageObject\",\"inLanguage\":\"fr-FR\",\"@id\":\"https:\/\/rali.fr\/blog-fr\/#\/schema\/logo\/image\/\",\"url\":\"https:\/\/rali.fr\/blog-fr\/wp-content\/uploads\/2020\/08\/logo-rali-allonge-1100x500-1.png\",\"contentUrl\":\"https:\/\/rali.fr\/blog-fr\/wp-content\/uploads\/2020\/08\/logo-rali-allonge-1100x500-1.png\",\"width\":1100,\"height\":500,\"caption\":\"RALI\"},\"image\":{\"@id\":\"https:\/\/rali.fr\/blog-fr\/#\/schema\/logo\/image\/\"},\"sameAs\":[\"https:\/\/www.facebook.com\/raliswiss\"]}]}<\/script>\n<!-- \/ Yoast SEO plugin. -->","yoast_head_json":{"title":"La Communaut\u00e9 RALI des passionn\u00e9s du bois","robots":{"index":"index","follow":"follow","max-snippet":"max-snippet:-1","max-image-preview":"max-image-preview:large","max-video-preview":"max-video-preview:-1"},"canonical":"https:\/\/rali.fr\/blog-fr\/inscription-rali\/","og_locale":"fr_FR","og_type":"article","og_title":"La Communaut\u00e9 RALI des passionn\u00e9s du bois","og_url":"https:\/\/rali.fr\/blog-fr\/inscription-rali\/","og_site_name":"RALI outils bois pour les pros","article_publisher":"https:\/\/www.facebook.com\/raliswiss","article_modified_time":"2023-06-02T11:35:23+00:00","twitter_card":"summary_large_image","twitter_misc":{"Dur\u00e9e de lecture estim\u00e9e":"1 minute"},"schema":{"@context":"https:\/\/schema.org","@graph":[{"@type":"WebPage","@id":"https:\/\/rali.fr\/blog-fr\/inscription-rali\/","url":"https:\/\/rali.fr\/blog-fr\/inscription-rali\/","name":"La Communaut\u00e9 RALI des passionn\u00e9s du bois","isPartOf":{"@id":"https:\/\/rali.fr\/blog-fr\/#website"},"datePublished":"2021-05-25T16:16:57+00:00","dateModified":"2023-06-02T11:35:23+00:00","inLanguage":"fr-FR","potentialAction":[{"@type":"ReadAction","target":["https:\/\/rali.fr\/blog-fr\/inscription-rali\/"]}]},{"@type":"WebSite","@id":"https:\/\/rali.fr\/blog-fr\/#website","url":"https:\/\/rali.fr\/blog-fr\/","name":"RALI outils bois pour les pros","description":"Les outils bois pour les passionn\u00e9s","publisher":{"@id":"https:\/\/rali.fr\/blog-fr\/#organization"},"potentialAction":[{"@type":"SearchAction","target":{"@type":"EntryPoint","urlTemplate":"https:\/\/rali.fr\/blog-fr\/?s={search_term_string}"},"query-input":{"@type":"PropertyValueSpecification","valueRequired":true,"valueName":"search_term_string"}}],"inLanguage":"fr-FR"},{"@type":"Organization","@id":"https:\/\/rali.fr\/blog-fr\/#organization","name":"RALI","url":"https:\/\/rali.fr\/blog-fr\/","logo":{"@type":"ImageObject","inLanguage":"fr-FR","@id":"https:\/\/rali.fr\/blog-fr\/#\/schema\/logo\/image\/","url":"https:\/\/rali.fr\/blog-fr\/wp-content\/uploads\/2020\/08\/logo-rali-allonge-1100x500-1.png","contentUrl":"https:\/\/rali.fr\/blog-fr\/wp-content\/uploads\/2020\/08\/logo-rali-allonge-1100x500-1.png","width":1100,"height":500,"caption":"RALI"},"image":{"@id":"https:\/\/rali.fr\/blog-fr\/#\/schema\/logo\/image\/"},"sameAs":["https:\/\/www.facebook.com\/raliswiss"]}]}},"_links":{"self":[{"href":"https:\/\/rali.fr\/blog-fr\/wp-json\/wp\/v2\/pages\/3167","targetHints":{"allow":["GET"]}}],"collection":[{"href":"https:\/\/rali.fr\/blog-fr\/wp-json\/wp\/v2\/pages"}],"about":[{"href":"https:\/\/rali.fr\/blog-fr\/wp-json\/wp\/v2\/types\/page"}],"author":[{"embeddable":true,"href":"https:\/\/rali.fr\/blog-fr\/wp-json\/wp\/v2\/users\/1"}],"replies":[{"embeddable":true,"href":"https:\/\/rali.fr\/blog-fr\/wp-json\/wp\/v2\/comments?post=3167"}],"version-history":[{"count":63,"href":"https:\/\/rali.fr\/blog-fr\/wp-json\/wp\/v2\/pages\/3167\/revisions"}],"predecessor-version":[{"id":11058,"href":"https:\/\/rali.fr\/blog-fr\/wp-json\/wp\/v2\/pages\/3167\/revisions\/11058"}],"wp:attachment":[{"href":"https:\/\/rali.fr\/blog-fr\/wp-json\/wp\/v2\/media?parent=3167"}],"curies":[{"name":"wp","href":"https:\/\/api.w.org\/{rel}","templated":true}]}}