{"id":2812,"date":"2021-04-30T09:49:52","date_gmt":"2021-04-30T07:49:52","guid":{"rendered":"https:\/\/rali.fr\/blog-fr\/?page_id=2812"},"modified":"2021-07-28T20:46:45","modified_gmt":"2021-07-28T18:46:45","slug":"rali-lames","status":"publish","type":"page","link":"https:\/\/rali.fr\/blog-fr\/rali-lames\/","title":{"rendered":"Le concept unique de lames interchangeables RALI"},"content":{"rendered":"\n<div class=\"video video-fit mb\" style=\"padding-top:56.25%;\"><iframe title=\"RALI innovation : concept des lames interchangeables\" width=\"1020\" height=\"574\" src=\"https:\/\/www.youtube.com\/embed\/48WY0OKUwaU?feature=oembed\" frameborder=\"0\" allow=\"accelerometer; autoplay; clipboard-write; encrypted-media; gyroscope; picture-in-picture\" allowfullscreen><\/iframe><\/div>\n\n\t<div id=\"gap-1798634636\" class=\"gap-element clearfix hide-for-small\" style=\"display:block; height:auto;\">\n\t\t\n<style>\n#gap-1798634636 {\n  padding-top: 30px;\n}\n<\/style>\n\t<\/div>\n\t\n\n<div class=\"row row-large align-middle align-center\"  id=\"row-2051805064\">\n\n\n\t<div id=\"col-2048075767\" class=\"col medium-9 small-12 large-6\"  >\n\t\t\t\t<div class=\"col-inner text-left\"  >\n\t\t\t\n\t\t\t\n\n\t<div id=\"text-361427921\" class=\"text\">\n\t\t\n\n<h2 class=\"uppercase\" style=\"text-align: center;\"><span style=\"font-size: 150%;\">le changement de lames en moins de 10\u2009 secondes<\/span><\/h2>\n<p>Avec notre concept de lames interchangeables, ne perdez plus votre temps \u00e0 aff\u00fbter vos outils et changez votre lame en moins de 10 secondes.<\/p>\n<p>Pas besoin d&rsquo;entretien, il suffit de changer la lame pour retrouver le tranchant d&rsquo;origine.<\/p>\n\t\t\n<style>\n#text-361427921 {\n  font-size: 0.75rem;\n  text-align: center;\n}\n<\/style>\n\t<\/div>\n\t\n\n\t\t<\/div>\n\t\t\t\t\n<style>\n#col-2048075767 > .col-inner {\n  padding: 0px 0px 0px 0px;\n}\n@media (min-width:850px) {\n  #col-2048075767 > .col-inner {\n    padding: 0px 50px 0px 50px;\n  }\n}\n<\/style>\n\t<\/div>\n\n\t\n\n\t<div id=\"col-1395898355\" class=\"col medium-9 small-12 large-6 medium-col-first\"  >\n\t\t\t\t<div class=\"col-inner\"  >\n\t\t\t\n\t\t\t\n\n\t<div class=\"img has-hover x md-x lg-x y md-y lg-y\" id=\"image_939258309\">\n\t\t\t\t\t\t\t\t<div class=\"img-inner dark\" >\n\t\t\t<img decoding=\"async\" width=\"460\" height=\"322\" src=\"https:\/\/rali.fr\/blog-fr\/wp-content\/uploads\/2021\/04\/changement-de-lame.jpeg\" class=\"attachment-large size-large\" alt=\"\" \/>\t\t\t\t\t\t\n\t\t\t\t\t<\/div>\n\t\t\t\t\t\t\t\t\n<style>\n#image_939258309 {\n  width: 100%;\n}\n<\/style>\n\t<\/div>\n\t\n\n\n\t\t<\/div>\n\t\t\t\t\t<\/div>\n\n\t\n\n<\/div>\n<div class=\"row row-large align-middle align-center\"  id=\"row-732391965\">\n\n\n\t<div id=\"col-1121853990\" class=\"col medium-9 small-12 large-6\"  >\n\t\t\t\t<div class=\"col-inner\"  >\n\t\t\t\n\t\t\t\n\n\t<div class=\"img has-hover x md-x lg-x y md-y lg-y\" id=\"image_2119899504\">\n\t\t\t\t\t\t\t\t<div class=\"img-inner dark\" >\n\t\t\t<img decoding=\"async\" width=\"1020\" height=\"680\" src=\"https:\/\/rali.fr\/blog-fr\/wp-content\/uploads\/2021\/04\/Rali-Lames-01-1200x800.jpg\" class=\"attachment-large size-large\" alt=\"Rali Lames\" srcset=\"https:\/\/rali.fr\/blog-fr\/wp-content\/uploads\/2021\/04\/Rali-Lames-01-1200x800.jpg 1200w, https:\/\/rali.fr\/blog-fr\/wp-content\/uploads\/2021\/04\/Rali-Lames-01-600x400.jpg 600w, https:\/\/rali.fr\/blog-fr\/wp-content\/uploads\/2021\/04\/Rali-Lames-01-768x512.jpg 768w, https:\/\/rali.fr\/blog-fr\/wp-content\/uploads\/2021\/04\/Rali-Lames-01-1536x1024.jpg 1536w, https:\/\/rali.fr\/blog-fr\/wp-content\/uploads\/2021\/04\/Rali-Lames-01-2048x1365.jpg 2048w\" sizes=\"(max-width: 1020px) 100vw, 1020px\" \/>\t\t\t\t\t\t\n\t\t\t\t\t<\/div>\n\t\t\t\t\t\t\t\t\n<style>\n#image_2119899504 {\n  width: 100%;\n}\n<\/style>\n\t<\/div>\n\t\n\n\n\t\t<\/div>\n\t\t\t\t\t<\/div>\n\n\t\n\n\t<div id=\"col-996153591\" class=\"col medium-9 small-12 large-6\"  >\n\t\t\t\t<div class=\"col-inner text-left\"  >\n\t\t\t\n\t\t\t\n\n\t<div id=\"text-72910744\" class=\"text\">\n\t\t\n\n<h2 class=\"uppercase\" style=\"text-align: center;\"><span style=\"font-size: 150%;\">une dur\u00e9e de vie exceptionnelle <\/span><\/h2>\n<p style=\"text-align: center;\">L&rsquo;acier de qualit\u00e9 sup\u00e9rieure utilis\u00e9 pour la fabrication des lames permet d&rsquo;accro\u00eetre consid\u00e9rablement leur dur\u00e9e de vie et de profiter de leur tranchant en permanence pour tous vos travaux.<\/p>\n\t\t\n<style>\n#text-72910744 {\n  font-size: 0.75rem;\n}\n<\/style>\n\t<\/div>\n\t\n\n\t\t<\/div>\n\t\t\t\t\n<style>\n#col-996153591 > .col-inner {\n  padding: 0px 0px 0px 0px;\n}\n@media (min-width:850px) {\n  #col-996153591 > .col-inner {\n    padding: 0px 50px 0px 50px;\n  }\n}\n<\/style>\n\t<\/div>\n\n\t\n\n<\/div>\n<div class=\"row row-large align-middle align-center\"  id=\"row-387294622\">\n\n\n\t<div id=\"col-1355706516\" class=\"col medium-9 small-12 large-6\"  >\n\t\t\t\t<div class=\"col-inner text-left\"  >\n\t\t\t\n\t\t\t\n\n\t<div id=\"text-2776803167\" class=\"text\">\n\t\t\n\n<h2 class=\"uppercase\" style=\"text-align: center;\"><span style=\"font-size: 150%;\">Une qualit\u00e9 de tranchant garanti d&rsquo;usine<\/span><\/h2>\n<p style=\"text-align: center;\">Le tranchant et l&rsquo;angle de coupe des lames est garanti d&rsquo;usine et permet d&rsquo;avoir des lames affut\u00e9es \u00e0 la perfection pour tous vos rabots et ciseaux, sur bois tendres et bois durs.<\/p>\n<p style=\"text-align: center;\">Un aff\u00fbtage de pr\u00e9cision requiert une certaine technicit\u00e9 et n\u00e9cessite souvent de faire effectuer cette op\u00e9ration par un aff\u00fbteur sp\u00e9cialis\u00e9 ou d&rsquo;acqu\u00e9rir des machines professionnelles couteuses.<\/p>\n\t\t\n<style>\n#text-2776803167 {\n  font-size: 0.75rem;\n}\n<\/style>\n\t<\/div>\n\t\n\n\t\t<\/div>\n\t\t\t\t\n<style>\n#col-1355706516 > .col-inner {\n  padding: 0px 0px 0px 0px;\n}\n@media (min-width:850px) {\n  #col-1355706516 > .col-inner {\n    padding: 0px 50px 0px 50px;\n  }\n}\n<\/style>\n\t<\/div>\n\n\t\n\n\t<div id=\"col-218938637\" class=\"col medium-9 small-12 large-6 medium-col-first\"  >\n\t\t\t\t<div class=\"col-inner\"  >\n\t\t\t\n\t\t\t\n\n\t<div class=\"img has-hover x md-x lg-x y md-y lg-y\" id=\"image_1767807977\">\n\t\t\t\t\t\t\t\t<div class=\"img-inner dark\" >\n\t\t\t<img decoding=\"async\" width=\"460\" height=\"322\" src=\"https:\/\/rali.fr\/blog-fr\/wp-content\/uploads\/2021\/04\/lame_droite.jpeg\" class=\"attachment-large size-large\" alt=\"\" \/>\t\t\t\t\t\t\n\t\t\t\t\t<\/div>\n\t\t\t\t\t\t\t\t\n<style>\n#image_1767807977 {\n  width: 100%;\n}\n<\/style>\n\t<\/div>\n\t\n\n\n\t\t<\/div>\n\t\t\t\t\t<\/div>\n\n\t\n\n<\/div>\n<div class=\"row row-large align-middle align-center\"  id=\"row-1093456084\">\n\n\n\t<div id=\"col-45405525\" class=\"col medium-9 small-12 large-6 medium-col-first\"  >\n\t\t\t\t<div class=\"col-inner\"  >\n\t\t\t\n\t\t\t\n\n\t<div class=\"img has-hover x md-x lg-x y md-y lg-y\" id=\"image_1497930284\">\n\t\t\t\t\t\t\t\t<div class=\"img-inner dark\" >\n\t\t\t<img decoding=\"async\" width=\"460\" height=\"322\" src=\"https:\/\/rali.fr\/blog-fr\/wp-content\/uploads\/2021\/04\/profondeur-lame.jpeg\" class=\"attachment-large size-large\" alt=\"\" \/>\t\t\t\t\t\t\n\t\t\t\t\t<\/div>\n\t\t\t\t\t\t\t\t\n<style>\n#image_1497930284 {\n  width: 100%;\n}\n<\/style>\n\t<\/div>\n\t\n\n\n\t\t<\/div>\n\t\t\t\t\t<\/div>\n\n\t\n\n\t<div id=\"col-761221565\" class=\"col medium-9 small-12 large-6\"  >\n\t\t\t\t<div class=\"col-inner text-left\"  >\n\t\t\t\n\t\t\t\n\n\t<div id=\"text-2409450050\" class=\"text\">\n\t\t\n\n<h2 class=\"uppercase\" style=\"text-align: center;\"><span style=\"font-size: 150%;\">ne marque pas les bords<\/span><\/h2>\n<p style=\"text-align: center;\">La forme du tranchant est l\u00e9g\u00e8rement relev\u00e9e sur les bords pour ne pas marquer le bois et vous permettre d&rsquo;arriver \u00e0 un r\u00e9sultat professionnel en toutes circonstances.&nbsp;<\/p>\n\t\t\n<style>\n#text-2409450050 {\n  font-size: 0.75rem;\n}\n<\/style>\n\t<\/div>\n\t\n\n\t\t<\/div>\n\t\t\t\t\n<style>\n#col-761221565 > .col-inner {\n  padding: 0px 0px 0px 0px;\n}\n@media (min-width:850px) {\n  #col-761221565 > .col-inner {\n    padding: 0px 50px 0px 50px;\n  }\n}\n<\/style>\n\t<\/div>\n\n\t\n\n<\/div>\n<div class=\"row row-large align-middle align-center\"  id=\"row-1926196408\">\n\n\n\t<div id=\"col-730743338\" class=\"col medium-9 small-12 large-6\"  >\n\t\t\t\t<div class=\"col-inner text-left\"  >\n\t\t\t\n\t\t\t\n\n\t<div id=\"text-502819623\" class=\"text\">\n\t\t\n\n<h2 class=\"uppercase\" style=\"text-align: center;\"><span style=\"font-size: 150%;\">Une vraie \u00e9conomie<\/span><\/h2>\n<p style=\"text-align: center;\">Avec les lames RALI \u00e9conomisez jusqu&rsquo;\u00e0 3 fois le prix de l&rsquo;aff\u00fbtage d&rsquo;une lame par un professionnel.&nbsp;<\/p>\n<p style=\"text-align: center;\">Plus besoin d&rsquo;investir dans du mat\u00e9riel d&rsquo;affutage ou de vous d\u00e9placer chez un aff\u00fbteur, vos outils restent toujours imm\u00e9diatement op\u00e9rationnels et coupants comme \u00e0 l&rsquo;origine.<\/p>\n\t\t\n<style>\n#text-502819623 {\n  font-size: 0.75rem;\n}\n<\/style>\n\t<\/div>\n\t\n\n\t\t<\/div>\n\t\t\t\t\n<style>\n#col-730743338 > .col-inner {\n  padding: 0px 0px 0px 0px;\n}\n@media (min-width:850px) {\n  #col-730743338 > .col-inner {\n    padding: 0px 50px 0px 50px;\n  }\n}\n<\/style>\n\t<\/div>\n\n\t\n\n\t<div id=\"col-530795568\" class=\"col medium-9 small-12 large-6 medium-col-first\"  >\n\t\t\t\t<div class=\"col-inner\"  >\n\t\t\t\n\t\t\t\n\n\t<div class=\"img has-hover x md-x lg-x y md-y lg-y\" id=\"image_1291035530\">\n\t\t\t\t\t\t\t\t<div class=\"img-inner dark\" >\n\t\t\t<img decoding=\"async\" width=\"600\" height=\"400\" src=\"https:\/\/rali.fr\/blog-fr\/wp-content\/uploads\/2021\/04\/ciseau-affutage-600.jpeg\" class=\"attachment-large size-large\" alt=\"\" \/>\t\t\t\t\t\t\n\t\t\t\t\t<\/div>\n\t\t\t\t\t\t\t\t\n<style>\n#image_1291035530 {\n  width: 100%;\n}\n<\/style>\n\t<\/div>\n\t\n\n\n\t\t<\/div>\n\t\t\t\t\t<\/div>\n\n\t\n\n<\/div>\n<div class=\"row row-large align-middle align-center\"  id=\"row-398769819\">\n\n\n\t<div id=\"col-1984125361\" class=\"col medium-9 small-12 large-6 medium-col-first\"  >\n\t\t\t\t<div class=\"col-inner\"  >\n\t\t\t\n\t\t\t\n\n\t<div class=\"img has-hover x md-x lg-x y md-y lg-y\" id=\"image_1446956894\">\n\t\t\t\t\t\t\t\t<div class=\"img-inner dark\" >\n\t\t\t<img decoding=\"async\" width=\"640\" height=\"426\" src=\"https:\/\/rali.fr\/blog-fr\/wp-content\/uploads\/2021\/04\/clou_-_copie.jpeg\" class=\"attachment-large size-large\" alt=\"\" srcset=\"https:\/\/rali.fr\/blog-fr\/wp-content\/uploads\/2021\/04\/clou_-_copie.jpeg 640w, https:\/\/rali.fr\/blog-fr\/wp-content\/uploads\/2021\/04\/clou_-_copie-601x400.jpeg 601w\" sizes=\"(max-width: 640px) 100vw, 640px\" \/>\t\t\t\t\t\t\n\t\t\t\t\t<\/div>\n\t\t\t\t\t\t\t\t\n<style>\n#image_1446956894 {\n  width: 100%;\n}\n<\/style>\n\t<\/div>\n\t\n\n\n\t\t<\/div>\n\t\t\t\t\t<\/div>\n\n\t\n\n\t<div id=\"col-1963784146\" class=\"col medium-9 small-12 large-6\"  >\n\t\t\t\t<div class=\"col-inner text-left\"  >\n\t\t\t\n\t\t\t\n\n\t<div id=\"text-3445150572\" class=\"text\">\n\t\t\n\n<h2 class=\"uppercase\" style=\"text-align: center;\"><span style=\"font-size: 150%;\">FIni les incidents de rabotage<\/span><\/h2>\n<p style=\"text-align: center;\">Un mauvais clou, une chute de votre outil et vous perdez rapidement votre journ\u00e9e de travail. Avec les lames bicoupes RALI, il suffit de retourner votre lame et vous&nbsp; continuez vos travaux.<\/p>\n\t\t\n<style>\n#text-3445150572 {\n  font-size: 0.75rem;\n}\n<\/style>\n\t<\/div>\n\t\n\n\t\t<\/div>\n\t\t\t\t\n<style>\n#col-1963784146 > .col-inner {\n  padding: 0px 0px 0px 0px;\n}\n@media (min-width:850px) {\n  #col-1963784146 > .col-inner {\n    padding: 0px 50px 0px 50px;\n  }\n}\n<\/style>\n\t<\/div>\n\n\t\n\n<\/div>\n<div class=\"row row-large align-middle align-center\"  id=\"row-1831107984\">\n\n\n\t<div id=\"col-970470455\" class=\"col medium-9 small-12 large-6\"  >\n\t\t\t\t<div class=\"col-inner text-left\"  >\n\t\t\t\n\t\t\t\n\n\t<div id=\"text-2337615675\" class=\"text\">\n\t\t\n\n<h2 class=\"uppercase\" style=\"text-align: center;\"><span style=\"font-size: 150%;\">Un outil unique pour tout type de bois<\/span><\/h2>\n<p style=\"text-align: center;\">Avec le choix d&rsquo;utilisation de lames chromes ou carbure, un seul outil vous permettra de travailler tous les types de bois, durs ou tendres. Le changement de lame s&rsquo;effectue en quelques secondes. Un compartiment de stockage des lames est pr\u00e9vu dans la poign\u00e9e pour \u00eatre disponible \u00e0 tout moment.<\/p>\n\t\t\n<style>\n#text-2337615675 {\n  font-size: 0.75rem;\n}\n<\/style>\n\t<\/div>\n\t\n\n\t\t<\/div>\n\t\t\t\t\n<style>\n#col-970470455 > .col-inner {\n  padding: 0px 0px 0px 0px;\n}\n@media (min-width:850px) {\n  #col-970470455 > .col-inner {\n    padding: 0px 50px 0px 50px;\n  }\n}\n<\/style>\n\t<\/div>\n\n\t\n\n\t<div id=\"col-624690606\" class=\"col medium-9 small-12 large-6 medium-col-first\"  >\n\t\t\t\t<div class=\"col-inner\"  >\n\t\t\t\n\t\t\t\n\n\t<div class=\"img has-hover x md-x lg-x y md-y lg-y\" id=\"image_2024020374\">\n\t\t\t\t\t\t\t\t<div class=\"img-inner dark\" >\n\t\t\t<img decoding=\"async\" width=\"460\" height=\"322\" src=\"https:\/\/rali.fr\/blog-fr\/wp-content\/uploads\/2021\/04\/220_evon.jpeg\" class=\"attachment-large size-large\" alt=\"\" \/>\t\t\t\t\t\t\n\t\t\t\t\t<\/div>\n\t\t\t\t\t\t\t\t\n<style>\n#image_2024020374 {\n  width: 100%;\n}\n<\/style>\n\t<\/div>\n\t\n\n\n\t\t<\/div>\n\t\t\t\t\t<\/div>\n\n\t\n\n<\/div>\n<div class=\"container section-title-container hidden\" ><h1 class=\"section-title section-title-center\"><b><\/b><span class=\"section-title-main\" style=\"font-size:150%;\">En ce moment<\/span><b><\/b><\/h1><\/div>\n\n<div class=\"row align-center\"  id=\"row-1227456959\">\n\n\n\t<div id=\"col-1251810054\" class=\"col small-12 large-12\"  >\n\t\t\t\t<div class=\"col-inner\"  >\n\t\t\t\n\t\t\t\n\n\t<div class=\"img has-hover x md-x lg-x y md-y lg-y\" id=\"image_2031251066\">\n\t\t<a class=\"\" href=\"https:\/\/rali.fr\/valises.html\" >\t\t\t\t\t\t<div class=\"img-inner dark\" >\n\t\t\t<img decoding=\"async\" width=\"960\" height=\"300\" src=\"https:\/\/rali.fr\/blog-fr\/wp-content\/uploads\/2021\/05\/bandeaux-Offre-e\u0301quipement-paiement-2bFR.jpg\" class=\"attachment-large size-large\" alt=\"\" srcset=\"https:\/\/rali.fr\/blog-fr\/wp-content\/uploads\/2021\/05\/bandeaux-Offre-e\u0301quipement-paiement-2bFR.jpg 960w, https:\/\/rali.fr\/blog-fr\/wp-content\/uploads\/2021\/05\/bandeaux-Offre-e\u0301quipement-paiement-2bFR-800x250.jpg 800w, https:\/\/rali.fr\/blog-fr\/wp-content\/uploads\/2021\/05\/bandeaux-Offre-e\u0301quipement-paiement-2bFR-768x240.jpg 768w\" sizes=\"(max-width: 960px) 100vw, 960px\" \/>\t\t\t\t\t\t\n\t\t\t\t\t<\/div>\n\t\t\t\t\t\t<\/a>\t\t\n<style>\n#image_2031251066 {\n  width: 100%;\n}\n<\/style>\n\t<\/div>\n\t\n\n\n\t\t<\/div>\n\t\t\t\t\t<\/div>\n\n\t\n\n<\/div>\n","protected":false},"excerpt":{"rendered":"","protected":false},"author":1,"featured_media":0,"parent":0,"menu_order":0,"comment_status":"closed","ping_status":"closed","template":"page-blank.php","meta":{"footnotes":""},"class_list":["post-2812","page","type-page","status-publish","hentry"],"yoast_head":"<!-- This site is optimized with the Yoast SEO plugin v25.3 - https:\/\/yoast.com\/wordpress\/plugins\/seo\/ -->\n<title>Le concept unique de lames interchangeables RALI<\/title>\n<meta name=\"robots\" content=\"index, follow, max-snippet:-1, max-image-preview:large, max-video-preview:-1\" \/>\n<link rel=\"canonical\" href=\"https:\/\/rali.fr\/blog-fr\/rali-lames\/\" \/>\n<meta property=\"og:locale\" content=\"fr_FR\" \/>\n<meta property=\"og:type\" content=\"article\" \/>\n<meta property=\"og:title\" content=\"Le concept unique de lames interchangeables RALI\" \/>\n<meta property=\"og:url\" content=\"https:\/\/rali.fr\/blog-fr\/rali-lames\/\" \/>\n<meta property=\"og:site_name\" content=\"RALI outils bois pour les pros\" \/>\n<meta property=\"article:publisher\" content=\"https:\/\/www.facebook.com\/raliswiss\" \/>\n<meta property=\"article:modified_time\" content=\"2021-07-28T18:46:45+00:00\" \/>\n<meta name=\"twitter:card\" content=\"summary_large_image\" \/>\n<meta name=\"twitter:label1\" content=\"Dur\u00e9e de lecture estim\u00e9e\" \/>\n\t<meta name=\"twitter:data1\" content=\"4 minutes\" \/>\n<script type=\"application\/ld+json\" class=\"yoast-schema-graph\">{\"@context\":\"https:\/\/schema.org\",\"@graph\":[{\"@type\":\"WebPage\",\"@id\":\"https:\/\/rali.fr\/blog-fr\/rali-lames\/\",\"url\":\"https:\/\/rali.fr\/blog-fr\/rali-lames\/\",\"name\":\"Le concept unique de lames interchangeables RALI\",\"isPartOf\":{\"@id\":\"https:\/\/rali.fr\/blog-fr\/#website\"},\"datePublished\":\"2021-04-30T07:49:52+00:00\",\"dateModified\":\"2021-07-28T18:46:45+00:00\",\"inLanguage\":\"fr-FR\",\"potentialAction\":[{\"@type\":\"ReadAction\",\"target\":[\"https:\/\/rali.fr\/blog-fr\/rali-lames\/\"]}]},{\"@type\":\"WebSite\",\"@id\":\"https:\/\/rali.fr\/blog-fr\/#website\",\"url\":\"https:\/\/rali.fr\/blog-fr\/\",\"name\":\"RALI outils bois pour les pros\",\"description\":\"Les outils bois pour les passionn\u00e9s\",\"publisher\":{\"@id\":\"https:\/\/rali.fr\/blog-fr\/#organization\"},\"potentialAction\":[{\"@type\":\"SearchAction\",\"target\":{\"@type\":\"EntryPoint\",\"urlTemplate\":\"https:\/\/rali.fr\/blog-fr\/?s={search_term_string}\"},\"query-input\":{\"@type\":\"PropertyValueSpecification\",\"valueRequired\":true,\"valueName\":\"search_term_string\"}}],\"inLanguage\":\"fr-FR\"},{\"@type\":\"Organization\",\"@id\":\"https:\/\/rali.fr\/blog-fr\/#organization\",\"name\":\"RALI\",\"url\":\"https:\/\/rali.fr\/blog-fr\/\",\"logo\":{\"@type\":\"ImageObject\",\"inLanguage\":\"fr-FR\",\"@id\":\"https:\/\/rali.fr\/blog-fr\/#\/schema\/logo\/image\/\",\"url\":\"https:\/\/rali.fr\/blog-fr\/wp-content\/uploads\/2020\/08\/logo-rali-allonge-1100x500-1.png\",\"contentUrl\":\"https:\/\/rali.fr\/blog-fr\/wp-content\/uploads\/2020\/08\/logo-rali-allonge-1100x500-1.png\",\"width\":1100,\"height\":500,\"caption\":\"RALI\"},\"image\":{\"@id\":\"https:\/\/rali.fr\/blog-fr\/#\/schema\/logo\/image\/\"},\"sameAs\":[\"https:\/\/www.facebook.com\/raliswiss\"]}]}<\/script>\n<!-- \/ Yoast SEO plugin. -->","yoast_head_json":{"title":"Le concept unique de lames interchangeables RALI","robots":{"index":"index","follow":"follow","max-snippet":"max-snippet:-1","max-image-preview":"max-image-preview:large","max-video-preview":"max-video-preview:-1"},"canonical":"https:\/\/rali.fr\/blog-fr\/rali-lames\/","og_locale":"fr_FR","og_type":"article","og_title":"Le concept unique de lames interchangeables RALI","og_url":"https:\/\/rali.fr\/blog-fr\/rali-lames\/","og_site_name":"RALI outils bois pour les pros","article_publisher":"https:\/\/www.facebook.com\/raliswiss","article_modified_time":"2021-07-28T18:46:45+00:00","twitter_card":"summary_large_image","twitter_misc":{"Dur\u00e9e de lecture estim\u00e9e":"4 minutes"},"schema":{"@context":"https:\/\/schema.org","@graph":[{"@type":"WebPage","@id":"https:\/\/rali.fr\/blog-fr\/rali-lames\/","url":"https:\/\/rali.fr\/blog-fr\/rali-lames\/","name":"Le concept unique de lames interchangeables RALI","isPartOf":{"@id":"https:\/\/rali.fr\/blog-fr\/#website"},"datePublished":"2021-04-30T07:49:52+00:00","dateModified":"2021-07-28T18:46:45+00:00","inLanguage":"fr-FR","potentialAction":[{"@type":"ReadAction","target":["https:\/\/rali.fr\/blog-fr\/rali-lames\/"]}]},{"@type":"WebSite","@id":"https:\/\/rali.fr\/blog-fr\/#website","url":"https:\/\/rali.fr\/blog-fr\/","name":"RALI outils bois pour les pros","description":"Les outils bois pour les passionn\u00e9s","publisher":{"@id":"https:\/\/rali.fr\/blog-fr\/#organization"},"potentialAction":[{"@type":"SearchAction","target":{"@type":"EntryPoint","urlTemplate":"https:\/\/rali.fr\/blog-fr\/?s={search_term_string}"},"query-input":{"@type":"PropertyValueSpecification","valueRequired":true,"valueName":"search_term_string"}}],"inLanguage":"fr-FR"},{"@type":"Organization","@id":"https:\/\/rali.fr\/blog-fr\/#organization","name":"RALI","url":"https:\/\/rali.fr\/blog-fr\/","logo":{"@type":"ImageObject","inLanguage":"fr-FR","@id":"https:\/\/rali.fr\/blog-fr\/#\/schema\/logo\/image\/","url":"https:\/\/rali.fr\/blog-fr\/wp-content\/uploads\/2020\/08\/logo-rali-allonge-1100x500-1.png","contentUrl":"https:\/\/rali.fr\/blog-fr\/wp-content\/uploads\/2020\/08\/logo-rali-allonge-1100x500-1.png","width":1100,"height":500,"caption":"RALI"},"image":{"@id":"https:\/\/rali.fr\/blog-fr\/#\/schema\/logo\/image\/"},"sameAs":["https:\/\/www.facebook.com\/raliswiss"]}]}},"_links":{"self":[{"href":"https:\/\/rali.fr\/blog-fr\/wp-json\/wp\/v2\/pages\/2812","targetHints":{"allow":["GET"]}}],"collection":[{"href":"https:\/\/rali.fr\/blog-fr\/wp-json\/wp\/v2\/pages"}],"about":[{"href":"https:\/\/rali.fr\/blog-fr\/wp-json\/wp\/v2\/types\/page"}],"author":[{"embeddable":true,"href":"https:\/\/rali.fr\/blog-fr\/wp-json\/wp\/v2\/users\/1"}],"replies":[{"embeddable":true,"href":"https:\/\/rali.fr\/blog-fr\/wp-json\/wp\/v2\/comments?post=2812"}],"version-history":[{"count":93,"href":"https:\/\/rali.fr\/blog-fr\/wp-json\/wp\/v2\/pages\/2812\/revisions"}],"predecessor-version":[{"id":4528,"href":"https:\/\/rali.fr\/blog-fr\/wp-json\/wp\/v2\/pages\/2812\/revisions\/4528"}],"wp:attachment":[{"href":"https:\/\/rali.fr\/blog-fr\/wp-json\/wp\/v2\/media?parent=2812"}],"curies":[{"name":"wp","href":"https:\/\/api.w.org\/{rel}","templated":true}]}}