{"id":12470,"date":"2024-05-07T17:29:17","date_gmt":"2024-05-07T15:29:17","guid":{"rendered":"https:\/\/rali.fr\/blog-fr\/?page_id=12470"},"modified":"2024-07-25T19:03:57","modified_gmt":"2024-07-25T17:03:57","slug":"programme-rali-and-co","status":"publish","type":"page","link":"https:\/\/rali.fr\/blog-fr\/programme-rali-and-co\/","title":{"rendered":"programme RALI &#038; Co"},"content":{"rendered":"\n\n  <div class=\"banner has-hover\" id=\"banner-776396012\">\n          <div class=\"banner-inner fill\">\n        <div class=\"banner-bg fill\" >\n            <img decoding=\"async\" width=\"1020\" height=\"289\" src=\"https:\/\/rali.fr\/blog-fr\/wp-content\/uploads\/2024\/05\/bandeau-coeur-1400x396.jpg\" class=\"bg attachment-large size-large\" alt=\"programme RALI &amp; Co\" \/>                                    \n                    <\/div>\n\t\t\n        <div class=\"banner-layers container\">\n            <div class=\"fill banner-link\"><\/div>            \n\n   <div id=\"text-box-1176624144\" class=\"text-box banner-layer x50 md-x50 lg-x50 y85 md-y85 lg-y85 res-text\">\n              <div data-parallax=\"1\" data-parallax-fade=\"true\">                  <div class=\"text-box-content text dark text-shadow-5\">\n              \n              <div class=\"text-inner text-center\">\n                  \n\n\t<div id=\"text-1213911739\" class=\"text\">\n\t\t\n\n<h2><span style=\"font-size: 100%;\" data-line-height=\"s\">Lancement du programme <\/span><span style=\"font-size: 100%;\" data-line-height=\"s\">RALI &amp; CO<\/span><\/h2>\n\t\t\n<style>\n#text-1213911739 {\n  font-size: 1rem;\n  line-height: 1.95;\n}\n<\/style>\n\t<\/div>\n\t\n\n              <\/div>\n           <\/div>\n              <\/div>              \n<style>\n#text-box-1176624144 .text-box-content {\n  background-color: rgba(14, 14, 14, 0.262);\n  font-size: 120%;\n}\n#text-box-1176624144 {\n  width: 80%;\n}\n@media (min-width:550px) {\n  #text-box-1176624144 {\n    width: 82%;\n  }\n  #text-box-1176624144 .text-box-content {\n    font-size: 150%;\n  }\n}\n<\/style>\n    <\/div>\n \n\n        <\/div>\n      <\/div>\n\n            \n<style>\n#banner-776396012 {\n  padding-top: 30%;\n}\n#banner-776396012 .banner-bg img {\n  object-position: 51% 40%;\n}\n@media (min-width:550px) {\n  #banner-776396012 {\n    padding-top: 300px;\n  }\n}\n<\/style>\n  <\/div>\n\n\n\t<div id=\"gap-663723668\" class=\"gap-element clearfix\" style=\"display:block; height:auto;\">\n\t\t\n<style>\n#gap-663723668 {\n  padding-top: 30px;\n}\n<\/style>\n\t<\/div>\n\t\n\n<div class=\"row\"  id=\"row-703685889\">\n\n\n\t<div id=\"col-2036735363\" class=\"col small-12 large-12\"  >\n\t\t\t\t<div class=\"col-inner\"  >\n\t\t\t\n\t\t\t\n\n\t<div id=\"text-629995307\" class=\"text\">\n\t\t\n\n<p>Le ma\u00eetre mot de la soci\u00e9t\u00e9 est l\u2019invention, le d\u00e9veloppement et la fabrication de produits innovants dans le domaine du bois.<\/p>\n<p class=\"amform-hthree\"><strong>Vous avez fait l&rsquo;acquisition d&rsquo;un outil RALI ?<\/strong><\/p>\n<p id=\"hthree-1599212821592\" class=\"amform-hthree\">Partagez votre retour d&rsquo;exp\u00e9rience avec la communaut\u00e9.<\/p>\n<p class=\"amform-hthree\"><strong>Nous vous offrons la possibilit\u00e9 de recevoir gratuitement des outils, des bons d&rsquo;achat voire un remboursement de votre commande.<\/strong><\/p>\n\n\t\t\n<style>\n#text-629995307 {\n  text-align: center;\n}\n<\/style>\n\t<\/div>\n\t\n\n\t\t<\/div>\n\t\t\t\t\t<\/div>\n\n\t\n\n<\/div>\n\t<div id=\"text-1511062682\" class=\"text\">\n\t\t\n\n<p>\u2193 Renseignez le formulaire ci-dessous et prenons rendez-vous pour discuter du projet \u2193<\/p>\n\t\t\n<style>\n#text-1511062682 {\n  text-align: center;\n}\n<\/style>\n\t<\/div>\n\t\n<div class=\"row align-center\"  id=\"row-1952741646\">\n\n\n\t<div id=\"col-1824854307\" class=\"col medium-9 small-12 large-9\"  >\n\t\t\t\t<div class=\"col-inner text-center\"  >\n\t\t\t\n\t\t\t\n\n\n<div class=\"wpcf7 no-js\" id=\"wpcf7-f12474-o1\" lang=\"fr-FR\" dir=\"ltr\" data-wpcf7-id=\"12474\">\n<div class=\"screen-reader-response\"><p role=\"status\" aria-live=\"polite\" aria-atomic=\"true\"><\/p> <ul><\/ul><\/div>\n<form action=\"\/blog-fr\/wp-json\/wp\/v2\/pages\/12470#wpcf7-f12474-o1\" method=\"post\" class=\"wpcf7-form init\" aria-label=\"Formulaire de contact\" novalidate=\"novalidate\" data-status=\"init\">\n<div style=\"display: none;\">\n<input type=\"hidden\" name=\"_wpcf7\" value=\"12474\" \/>\n<input type=\"hidden\" name=\"_wpcf7_version\" value=\"6.0.6\" \/>\n<input type=\"hidden\" name=\"_wpcf7_locale\" value=\"fr_FR\" \/>\n<input type=\"hidden\" name=\"_wpcf7_unit_tag\" value=\"wpcf7-f12474-o1\" \/>\n<input type=\"hidden\" name=\"_wpcf7_container_post\" value=\"0\" \/>\n<input type=\"hidden\" name=\"_wpcf7_posted_data_hash\" value=\"\" \/>\n<input type=\"hidden\" name=\"_wpcf7cf_hidden_group_fields\" value=\"[]\" \/>\n<input type=\"hidden\" name=\"_wpcf7cf_hidden_groups\" value=\"[]\" \/>\n<input type=\"hidden\" name=\"_wpcf7cf_visible_groups\" value=\"[]\" \/>\n<input type=\"hidden\" name=\"_wpcf7cf_repeaters\" value=\"[]\" \/>\n<input type=\"hidden\" name=\"_wpcf7cf_steps\" value=\"{}\" \/>\n<input type=\"hidden\" name=\"_wpcf7cf_options\" value=\"{&quot;form_id&quot;:12474,&quot;conditions&quot;:[{&quot;then_field&quot;:&quot;siyt&quot;,&quot;and_rules&quot;:[{&quot;if_field&quot;:&quot;canaux&quot;,&quot;operator&quot;:&quot;equals&quot;,&quot;if_value&quot;:&quot;Youtube&quot;}]},{&quot;then_field&quot;:&quot;siinsta&quot;,&quot;and_rules&quot;:[{&quot;if_field&quot;:&quot;canaux&quot;,&quot;operator&quot;:&quot;equals&quot;,&quot;if_value&quot;:&quot;Instagram&quot;}]},{&quot;then_field&quot;:&quot;sifb&quot;,&quot;and_rules&quot;:[{&quot;if_field&quot;:&quot;canaux&quot;,&quot;operator&quot;:&quot;equals&quot;,&quot;if_value&quot;:&quot;Facebook&quot;}]},{&quot;then_field&quot;:&quot;sisite&quot;,&quot;and_rules&quot;:[{&quot;if_field&quot;:&quot;canaux&quot;,&quot;operator&quot;:&quot;equals&quot;,&quot;if_value&quot;:&quot;Votre blog\\\/site web&quot;}]},{&quot;then_field&quot;:&quot;siforum&quot;,&quot;and_rules&quot;:[{&quot;if_field&quot;:&quot;canaux&quot;,&quot;operator&quot;:&quot;equals&quot;,&quot;if_value&quot;:&quot;Forum de discussion&quot;}]},{&quot;then_field&quot;:&quot;sicaunauxautre&quot;,&quot;and_rules&quot;:[{&quot;if_field&quot;:&quot;canaux&quot;,&quot;operator&quot;:&quot;equals&quot;,&quot;if_value&quot;:&quot;autres&quot;}]},{&quot;then_field&quot;:&quot;sitt&quot;,&quot;and_rules&quot;:[{&quot;if_field&quot;:&quot;canaux&quot;,&quot;operator&quot;:&quot;equals&quot;,&quot;if_value&quot;:&quot;Tiktok&quot;}]}],&quot;settings&quot;:{&quot;animation&quot;:&quot;yes&quot;,&quot;animation_intime&quot;:200,&quot;animation_outtime&quot;:200,&quot;conditions_ui&quot;:&quot;normal&quot;,&quot;notice_dismissed&quot;:false,&quot;notice_dismissed_update-cf7-5.7.4&quot;:true}}\" \/>\n<input type=\"hidden\" name=\"_wpcf7_recaptcha_response\" value=\"\" \/>\n<\/div>\n<style type=\"text\/css\">\n.wpcf7-form input[type=\"submit\"]: {\n background: #000;\n}\n.wpcf7-form input[type=\"submit\"]:hover {\n background: #81d742;\n}\n<\/style>\n<div class=\"cf7resp\">\n\t<table>\n\t\t<tbody>\n\t\t\t<tr>\n\t\t\t\t<td colspan=\"2\" style=\"padding-left: 10px;padding-right: 10px; text-align:center; background-color:#eee; color:#000;\">\n\t\t\t\t\t<p><strong>Votre profil<\/strong>\n\t\t\t\t\t<\/p>\n\t\t\t\t<\/td>\n\t\t\t<\/tr>\n\t\t\t<tr>\n\t\t\t\t<td width=\"50%\">\n\t\t\t\t\t<p><label style=\"padding-left: 10px;padding-right: 10px\">Votre nom<br \/>\n<span class=\"wpcf7-form-control-wrap\" data-name=\"your-name\"><input size=\"40\" maxlength=\"400\" class=\"wpcf7-form-control wpcf7-text wpcf7-validates-as-required\" aria-required=\"true\" aria-invalid=\"false\" value=\"\" type=\"text\" name=\"your-name\" \/><\/span><\/label>\n\t\t\t\t\t<\/p>\n\t\t\t\t<\/td>\n\t\t\t\t<td width=\"50%\">\n\t\t\t\t\t<p><label style=\"padding-left: 10px;padding-right: 10px\">Votre pr\u00e9nom<br \/>\n<span class=\"wpcf7-form-control-wrap\" data-name=\"your-firstname\"><input size=\"40\" maxlength=\"400\" class=\"wpcf7-form-control wpcf7-text wpcf7-validates-as-required\" aria-required=\"true\" aria-invalid=\"false\" value=\"\" type=\"text\" name=\"your-firstname\" \/><\/span> <\/label>\n\t\t\t\t\t<\/p>\n\t\t\t\t<\/td>\n\t\t\t<\/tr>\n\t\t\t<tr>\n\t\t\t\t<td>\n\t\t\t\t\t<p><label style=\"padding-left: 10px;padding-right: 10px\">Votre e-mail<br \/>\n<span class=\"wpcf7-form-control-wrap\" data-name=\"your-email\"><input size=\"40\" maxlength=\"400\" class=\"wpcf7-form-control wpcf7-email wpcf7-validates-as-required wpcf7-text wpcf7-validates-as-email\" aria-required=\"true\" aria-invalid=\"false\" value=\"\" type=\"email\" name=\"your-email\" \/><\/span> <\/label>\n\t\t\t\t\t<\/p>\n\t\t\t\t<\/td>\n\t\t\t\t<td>\n\t\t\t\t\t<p><label style=\"padding-left: 10px;padding-right: 10px\">T\u00e9l : <span class=\"wpcf7-form-control-wrap\" data-name=\"telephone\"><input size=\"40\" maxlength=\"400\" class=\"wpcf7-form-control wpcf7-tel wpcf7-text wpcf7-validates-as-tel\" aria-invalid=\"false\" value=\"+33\" type=\"tel\" name=\"telephone\" \/><\/span><\/label>\n\t\t\t\t\t<\/p>\n\t\t\t\t<\/td>\n\t\t\t<\/tr>\n\t\t\t<tr>\n\t\t\t\t<td colspan=\"2\" style=\"padding-left: 10px;padding-right: 10px\">\n\t\t\t\t\t<p><label> Quel est votre niveau pour le travail du bois ?<\/label><span class=\"wpcf7-form-control-wrap\" data-name=\"niveau\"><span class=\"wpcf7-form-control wpcf7-radio\"><span class=\"wpcf7-list-item first\"><input type=\"radio\" name=\"niveau\" value=\"Professionnel\" \/><span class=\"wpcf7-list-item-label\">Professionnel<\/span><\/span><span class=\"wpcf7-list-item last\"><input type=\"radio\" name=\"niveau\" value=\"Particulier exp\u00e9riment\u00e9\" \/><span class=\"wpcf7-list-item-label\">Particulier exp\u00e9riment\u00e9<\/span><\/span><\/span><\/span>\n\t\t\t\t\t<\/p>\n\t\t\t\t<\/td>\n\t\t\t<\/tr>\n\t\t\t<tr>\n\t\t\t\t<td colspan=\"2\" style=\"padding-left: 10px;padding-right: 10px\">\n\t\t\t\t\t<p><label> Pourriez-vous fournir des contenus photos\/vid\u00e9os, et si oui, dans quel(s) cadre(s) ?<\/label><span class=\"wpcf7-form-control-wrap\" data-name=\"niveau\"><span class=\"wpcf7-form-control wpcf7-checkbox\"><span class=\"wpcf7-list-item first\"><input type=\"checkbox\" name=\"niveau[]\" value=\"Activit\u00e9 professionnelle\" \/><span class=\"wpcf7-list-item-label\">Activit\u00e9 professionnelle<\/span><\/span><span class=\"wpcf7-list-item\"><input type=\"checkbox\" name=\"niveau[]\" value=\"Chantier\" \/><span class=\"wpcf7-list-item-label\">Chantier<\/span><\/span><span class=\"wpcf7-list-item\"><input type=\"checkbox\" name=\"niveau[]\" value=\"Atelier\" \/><span class=\"wpcf7-list-item-label\">Atelier<\/span><\/span><span class=\"wpcf7-list-item\"><input type=\"checkbox\" name=\"niveau[]\" value=\"R\u00e9alisation\" \/><span class=\"wpcf7-list-item-label\">R\u00e9alisation<\/span><\/span><span class=\"wpcf7-list-item last\"><input type=\"checkbox\" name=\"niveau[]\" value=\"Futur projet\" \/><span class=\"wpcf7-list-item-label\">Futur projet<\/span><\/span><\/span><\/span>\n\t\t\t\t\t<\/p>\n\t\t\t\t<\/td>\n\t\t\t<\/tr>\n\t\t\t<tr>\n\t\t\t\t<td colspan=\"2\" style=\"padding-left: 10px;padding-right: 10px\">\n\t\t\t\t\t<p><label > Etes-vous pr\u00e9sent sur un r\u00e9seau social?<\/label><span class=\"wpcf7-form-control-wrap\" data-name=\"canaux\"><span class=\"wpcf7-form-control wpcf7-checkbox\"><span class=\"wpcf7-list-item first\"><input type=\"checkbox\" name=\"canaux[]\" value=\"Youtube\" \/><span class=\"wpcf7-list-item-label\">Youtube<\/span><\/span><span class=\"wpcf7-list-item\"><input type=\"checkbox\" name=\"canaux[]\" value=\"Instagram\" \/><span class=\"wpcf7-list-item-label\">Instagram<\/span><\/span><span class=\"wpcf7-list-item\"><input type=\"checkbox\" name=\"canaux[]\" value=\"Facebook\" \/><span class=\"wpcf7-list-item-label\">Facebook<\/span><\/span><span class=\"wpcf7-list-item\"><input type=\"checkbox\" name=\"canaux[]\" value=\"Tiktok\" \/><span class=\"wpcf7-list-item-label\">Tiktok<\/span><\/span><span class=\"wpcf7-list-item\"><input type=\"checkbox\" name=\"canaux[]\" value=\"Site web\" \/><span class=\"wpcf7-list-item-label\">Site web<\/span><\/span><span class=\"wpcf7-list-item\"><input type=\"checkbox\" name=\"canaux[]\" value=\"Forum\" \/><span class=\"wpcf7-list-item-label\">Forum<\/span><\/span><span class=\"wpcf7-list-item\"><input type=\"checkbox\" name=\"canaux[]\" value=\"autres\" \/><span class=\"wpcf7-list-item-label\">autres<\/span><\/span><span class=\"wpcf7-list-item last\"><input type=\"checkbox\" name=\"canaux[]\" value=\"aucun\" \/><span class=\"wpcf7-list-item-label\">aucun<\/span><\/span><\/span><\/span>\n\t\t\t\t\t<\/p>\n\t\t\t\t<\/td>\n\t\t\t<\/tr>\n\t\t\t<tr>\n\t\t\t\t<td style=\"padding-left: 10px;padding-right: 10px\">\n\t\t\t\t\t<div data-id=\"siyt\" data-orig_data_id=\"siyt\"  data-class=\"wpcf7cf_group\">\n\t\t\t\t\t\t<p><label>Quel est le nom de votre chaine Youtube ? <\/label><span class=\"wpcf7-form-control-wrap\" data-name=\"nomyt\"><input size=\"40\" maxlength=\"400\" class=\"wpcf7-form-control wpcf7-text\" aria-invalid=\"false\" value=\"\" type=\"text\" name=\"nomyt\" \/><\/span>\n\t\t\t\t\t\t<\/p>\n\t\t\t\t\t<\/div>\n\t\t\t\t\t<div data-id=\"siinsta\" data-orig_data_id=\"siinsta\"  data-class=\"wpcf7cf_group\">\n\t\t\t\t\t\t<p><label>Quel est le nom de votre profil Instagram ? <\/label><span class=\"wpcf7-form-control-wrap\" data-name=\"insta\"><input size=\"40\" maxlength=\"400\" class=\"wpcf7-form-control wpcf7-text\" aria-invalid=\"false\" value=\"\" type=\"text\" name=\"insta\" \/><\/span>\n\t\t\t\t\t\t<\/p>\n\t\t\t\t\t<\/div>\n\t\t\t\t\t<div data-id=\"sifb\" data-orig_data_id=\"sifb\"  data-class=\"wpcf7cf_group\">\n\t\t\t\t\t\t<p><label>Quel est le nom du profil Facebook ? <\/label><span class=\"wpcf7-form-control-wrap\" data-name=\"fb\"><input size=\"40\" maxlength=\"400\" class=\"wpcf7-form-control wpcf7-text\" aria-invalid=\"false\" value=\"\" type=\"text\" name=\"fb\" \/><\/span>\n\t\t\t\t\t\t<\/p>\n\t\t\t\t\t<\/div>\n\t\t\t\t\t<div data-id=\"sitt\" data-orig_data_id=\"sitt\"  data-class=\"wpcf7cf_group\">\n\t\t\t\t\t\t<p><label>Quel est le nom du profil Tiktok ? <\/label><span class=\"wpcf7-form-control-wrap\" data-name=\"tt\"><input size=\"40\" maxlength=\"400\" class=\"wpcf7-form-control wpcf7-text\" aria-invalid=\"false\" value=\"\" type=\"text\" name=\"tt\" \/><\/span>\n\t\t\t\t\t\t<\/p>\n\t\t\t\t\t<\/div>\n\t\t\t\t\t<div data-id=\"sisite\" data-orig_data_id=\"sisite\"  data-class=\"wpcf7cf_group\">\n\t\t\t\t\t\t<p><label>Quel est l'url de votre site\/blog ? <\/label><span class=\"wpcf7-form-control-wrap\" data-name=\"site\"><input size=\"40\" maxlength=\"400\" class=\"wpcf7-form-control wpcf7-url wpcf7-text wpcf7-validates-as-url\" aria-invalid=\"false\" value=\"\" type=\"url\" name=\"site\" \/><\/span>\n\t\t\t\t\t\t<\/p>\n\t\t\t\t\t<\/div>\n\t\t\t\t\t<div data-id=\"siforum\" data-orig_data_id=\"siforum\"  data-class=\"wpcf7cf_group\">\n\t\t\t\t\t\t<p><label>Quel est l'url du forum ? <\/label><span class=\"wpcf7-form-control-wrap\" data-name=\"forum\"><input size=\"40\" maxlength=\"400\" class=\"wpcf7-form-control wpcf7-url wpcf7-text wpcf7-validates-as-url\" aria-invalid=\"false\" value=\"\" type=\"url\" name=\"forum\" \/><\/span>\n\t\t\t\t\t\t<\/p>\n\t\t\t\t\t<\/div>\n\t\t\t\t\t<div data-id=\"sicaunauxautre\" data-orig_data_id=\"sicaunauxautre\"  data-class=\"wpcf7cf_group\">\n\t\t\t\t\t\t<p><label>si autre, indiquez lequel ? <\/label><span class=\"wpcf7-form-control-wrap\" data-name=\"canalautre\"><input size=\"40\" maxlength=\"400\" class=\"wpcf7-form-control wpcf7-text\" aria-invalid=\"false\" value=\"\" type=\"text\" name=\"canalautre\" \/><\/span>\n\t\t\t\t\t\t<\/p>\n\t\t\t\t\t<\/div>\n\t\t\t\t<\/td>\n\t\t\t<\/tr>\n\t\t\t<tr>\n\t\t\t\t<td colspan=\"2\" style=\"padding-left: 10px;padding-right: 10px\">\n\t\t\t\t\t<p><label style=\"padding-left: 10px;padding-right: 10px\">Je souhaite que le responsable RALI me contacte pour participer au programme RALI & CO (15 minutes maximum)<\/label>\n\t\t\t\t\t<\/p>\n\t\t\t\t\t<p>Me contacter de pr\u00e9f\u00e9rence (indiquez jusqu'\u00e0 3 cr\u00e9neaux horaires selon vos disponibilit\u00e9s) :\n\t\t\t\t\t<\/p>\n\t\t\t\t\t<p><span class=\"wpcf7-form-control-wrap\" data-name=\"echangerali\"><textarea cols=\"40\" rows=\"10\" maxlength=\"2000\" class=\"wpcf7-form-control wpcf7-textarea\" aria-invalid=\"false\" name=\"echangerali\"><\/textarea><\/span>\n\t\t\t\t\t<\/p>\n\t\t\t\t<\/td>\n\t\t\t<\/tr>\n\t\t<\/tbody>\n\t<\/table>\n<input class=\"wpcf7-form-control wpcf7-hidden\" value=\"\" type=\"hidden\" name=\"orig\" \/>\n<input class=\"wpcf7-form-control wpcf7-hidden\" value=\"\" type=\"hidden\" name=\"orgvst\" \/>\n<input class=\"wpcf7-form-control wpcf7-hidden\" value=\"\" type=\"hidden\" name=\"orgsite\" \/>\n\t<p><input class=\"wpcf7-form-control wpcf7-submit has-spinner button\" type=\"submit\" value=\"Envoyer\" \/>\n\t<\/p>\n<\/div><div class=\"wpcf7-response-output\" aria-hidden=\"true\"><\/div>\n<\/form>\n<\/div>\n\n\n\n\t\t<\/div>\n\t\t\t\t\t<\/div>\n\n\t\n\n<\/div>\n<div class=\"row align-equal align-center\"  id=\"row-2034767858\">\n\n\n\t<div id=\"col-491588158\" class=\"col medium-9 small-12 large-9\"  >\n\t\t\t\t<div class=\"col-inner text-center box-shadow-3 box-shadow-1-hover dark\" style=\"background-color:rgb(0,0,0);\" >\n\t\t\t\n\t\t\t\n\n\t<div id=\"text-249520856\" class=\"text\">\n\t\t\n\n<p><span style=\"font-size: 200%;\"><span style=\"font-size: 160%;\"><span style=\"color: #ffffff;\">Aujourd'hui<br \/><\/span><\/span><\/span><\/p>\n<p><span style=\"font-size: 200%;\"><span style=\"color: #ed1c24; font-size: 150%;\">-15\u20ac\/chf <\/span>offerts<br \/>tous les 100\u20ac\/chf d'achat*<br \/>\n<\/span><\/p>\n\t\t\n<style>\n#text-249520856 {\n  line-height: 1.2;\n}\n<\/style>\n\t<\/div>\n\t\n<a href=\"\/rabots.html\" class=\"button success\"  >\n\t\t<span>Voir les outils<\/span>\n\t<\/a>\n\n\n\t<div id=\"text-581577325\" class=\"text\">\n\t\t\n\n<p>*hors promotions<\/p>\n\t\t\n<style>\n#text-581577325 {\n  font-size: 0.75rem;\n  text-align: right;\n}\n<\/style>\n\t<\/div>\n\t\n\n\t\t<\/div>\n\t\t\t\t\n<style>\n#col-491588158 > .col-inner {\n  padding: 20px 20px 0px 20px;\n  border-radius: 30px;\n}\n<\/style>\n\t<\/div>\n\n\t\n\n\t<div id=\"col-2030403971\" class=\"col medium-9 small-12 large-9\"  >\n\t\t\t\t<div class=\"col-inner text-center box-shadow-3 box-shadow-1-hover dark\" style=\"background-color:rgb(0,0,0);\" >\n\t\t\t\n\t\t\t\n\n\t<div id=\"text-3302163390\" class=\"text\">\n\t\t\n\n<p><span style=\"font-size: 200%;\"><span style=\"font-size: 160%;\"><span style=\"color: #ffffff;\">OFFRE PACKS<br \/><\/span><\/span><\/span><\/p>\n<p><span style=\"font-size: 200%;\">Jusqu'\u00e0 <span style=\"color: #ed1c24; font-size: 150%;\">-50% <\/span>sur le 2\u00e8me outil<br \/>dans nos packs d'\u00e9quipement<br \/><\/span><\/p>\n\t\t\n<style>\n#text-3302163390 {\n  line-height: 1.2;\n}\n<\/style>\n\t<\/div>\n\t\n<a href=\"\/promo.html\" class=\"button success\"  >\n\t\t<span>Voir les packs<\/span>\n\t<\/a>\n\n\n\t<div id=\"text-4111450054\" class=\"text hidden\">\n\t\t\n\n<p>*hors promotions<\/p>\n\t\t\n<style>\n#text-4111450054 {\n  font-size: 0.75rem;\n  text-align: right;\n}\n<\/style>\n\t<\/div>\n\t\n\n\t\t<\/div>\n\t\t\t\t\n<style>\n#col-2030403971 > .col-inner {\n  padding: 20px 20px 0px 20px;\n  border-radius: 30px;\n}\n<\/style>\n\t<\/div>\n\n\t\n\n\n<style>\n#row-2034767858 > .col > .col-inner {\n  background-color: rgb(0,0,0);\n}\n<\/style>\n<\/div>\n\n\n\n","protected":false},"excerpt":{"rendered":"","protected":false},"author":1,"featured_media":0,"parent":0,"menu_order":0,"comment_status":"closed","ping_status":"closed","template":"page-blank.php","meta":{"_yoast_wpseo_focuskw":"partenaire","_yoast_wpseo_title":"Le programme partenaire RALI & Co","_yoast_wpseo_metadesc":"Vous aimez le travail du bois, la qualit\u00e9 et la simplicit\u00e9 d'utilisation des outils RALI, devenez partenaire RALI et profitez d'avantages exclusifs","rank_math_description":"","rank_math_focus_keyword":"","rank_math_title":"","footnotes":""},"class_list":["post-12470","page","type-page","status-publish","hentry"],"yoast_head":"<!-- This site is optimized with the Yoast SEO plugin v25.3 - https:\/\/yoast.com\/wordpress\/plugins\/seo\/ -->\n<title>Le programme partenaire RALI &amp; Co<\/title>\n<meta name=\"description\" content=\"Vous aimez le travail du bois, la qualit\u00e9 et la simplicit\u00e9 d&#039;utilisation des outils RALI, devenez partenaire RALI et profitez d&#039;avantages exclusifs\" \/>\n<meta name=\"robots\" content=\"noindex, follow\" \/>\n<meta property=\"og:locale\" content=\"fr_FR\" \/>\n<meta property=\"og:type\" content=\"article\" \/>\n<meta property=\"og:title\" content=\"Le programme partenaire RALI &amp; Co\" \/>\n<meta property=\"og:description\" content=\"Vous aimez le travail du bois, la qualit\u00e9 et la simplicit\u00e9 d&#039;utilisation des outils RALI, devenez partenaire RALI et profitez d&#039;avantages exclusifs\" \/>\n<meta property=\"og:url\" content=\"https:\/\/rali.fr\/blog-fr\/programme-rali-and-co\/\" \/>\n<meta property=\"og:site_name\" content=\"RALI outils bois pour les pros\" \/>\n<meta property=\"article:publisher\" content=\"https:\/\/www.facebook.com\/raliswiss\" \/>\n<meta property=\"article:modified_time\" content=\"2024-07-25T17:03:57+00:00\" \/>\n<meta name=\"twitter:card\" content=\"summary_large_image\" \/>\n<meta name=\"twitter:label1\" content=\"Dur\u00e9e de lecture estim\u00e9e\" \/>\n\t<meta name=\"twitter:data1\" content=\"1 minute\" \/>\n<script type=\"application\/ld+json\" class=\"yoast-schema-graph\">{\"@context\":\"https:\/\/schema.org\",\"@graph\":[{\"@type\":\"WebPage\",\"@id\":\"https:\/\/rali.fr\/blog-fr\/programme-rali-and-co\/\",\"url\":\"https:\/\/rali.fr\/blog-fr\/programme-rali-and-co\/\",\"name\":\"Le programme partenaire RALI & Co\",\"isPartOf\":{\"@id\":\"https:\/\/rali.fr\/blog-fr\/#website\"},\"datePublished\":\"2024-05-07T15:29:17+00:00\",\"dateModified\":\"2024-07-25T17:03:57+00:00\",\"description\":\"Vous aimez le travail du bois, la qualit\u00e9 et la simplicit\u00e9 d'utilisation des outils RALI, devenez partenaire RALI et profitez d'avantages exclusifs\",\"inLanguage\":\"fr-FR\",\"potentialAction\":[{\"@type\":\"ReadAction\",\"target\":[\"https:\/\/rali.fr\/blog-fr\/programme-rali-and-co\/\"]}]},{\"@type\":\"WebSite\",\"@id\":\"https:\/\/rali.fr\/blog-fr\/#website\",\"url\":\"https:\/\/rali.fr\/blog-fr\/\",\"name\":\"RALI outils bois pour les pros\",\"description\":\"Les outils bois pour les passionn\u00e9s\",\"publisher\":{\"@id\":\"https:\/\/rali.fr\/blog-fr\/#organization\"},\"potentialAction\":[{\"@type\":\"SearchAction\",\"target\":{\"@type\":\"EntryPoint\",\"urlTemplate\":\"https:\/\/rali.fr\/blog-fr\/?s={search_term_string}\"},\"query-input\":{\"@type\":\"PropertyValueSpecification\",\"valueRequired\":true,\"valueName\":\"search_term_string\"}}],\"inLanguage\":\"fr-FR\"},{\"@type\":\"Organization\",\"@id\":\"https:\/\/rali.fr\/blog-fr\/#organization\",\"name\":\"RALI\",\"url\":\"https:\/\/rali.fr\/blog-fr\/\",\"logo\":{\"@type\":\"ImageObject\",\"inLanguage\":\"fr-FR\",\"@id\":\"https:\/\/rali.fr\/blog-fr\/#\/schema\/logo\/image\/\",\"url\":\"https:\/\/rali.fr\/blog-fr\/wp-content\/uploads\/2026\/04\/rali_logo_color_FR.gif\",\"contentUrl\":\"https:\/\/rali.fr\/blog-fr\/wp-content\/uploads\/2026\/04\/rali_logo_color_FR.gif\",\"width\":1000,\"height\":470,\"caption\":\"RALI\"},\"image\":{\"@id\":\"https:\/\/rali.fr\/blog-fr\/#\/schema\/logo\/image\/\"},\"sameAs\":[\"https:\/\/www.facebook.com\/raliswiss\"]}]}<\/script>\n<!-- \/ Yoast SEO plugin. -->","yoast_head_json":{"title":"Le programme partenaire RALI & Co","description":"Vous aimez le travail du bois, la qualit\u00e9 et la simplicit\u00e9 d'utilisation des outils RALI, devenez partenaire RALI et profitez d'avantages exclusifs","robots":{"index":"noindex","follow":"follow"},"og_locale":"fr_FR","og_type":"article","og_title":"Le programme partenaire RALI & Co","og_description":"Vous aimez le travail du bois, la qualit\u00e9 et la simplicit\u00e9 d'utilisation des outils RALI, devenez partenaire RALI et profitez d'avantages exclusifs","og_url":"https:\/\/rali.fr\/blog-fr\/programme-rali-and-co\/","og_site_name":"RALI outils bois pour les pros","article_publisher":"https:\/\/www.facebook.com\/raliswiss","article_modified_time":"2024-07-25T17:03:57+00:00","twitter_card":"summary_large_image","twitter_misc":{"Dur\u00e9e de lecture estim\u00e9e":"1 minute"},"schema":{"@context":"https:\/\/schema.org","@graph":[{"@type":"WebPage","@id":"https:\/\/rali.fr\/blog-fr\/programme-rali-and-co\/","url":"https:\/\/rali.fr\/blog-fr\/programme-rali-and-co\/","name":"Le programme partenaire RALI & Co","isPartOf":{"@id":"https:\/\/rali.fr\/blog-fr\/#website"},"datePublished":"2024-05-07T15:29:17+00:00","dateModified":"2024-07-25T17:03:57+00:00","description":"Vous aimez le travail du bois, la qualit\u00e9 et la simplicit\u00e9 d'utilisation des outils RALI, devenez partenaire RALI et profitez d'avantages exclusifs","inLanguage":"fr-FR","potentialAction":[{"@type":"ReadAction","target":["https:\/\/rali.fr\/blog-fr\/programme-rali-and-co\/"]}]},{"@type":"WebSite","@id":"https:\/\/rali.fr\/blog-fr\/#website","url":"https:\/\/rali.fr\/blog-fr\/","name":"RALI outils bois pour les pros","description":"Les outils bois pour les passionn\u00e9s","publisher":{"@id":"https:\/\/rali.fr\/blog-fr\/#organization"},"potentialAction":[{"@type":"SearchAction","target":{"@type":"EntryPoint","urlTemplate":"https:\/\/rali.fr\/blog-fr\/?s={search_term_string}"},"query-input":{"@type":"PropertyValueSpecification","valueRequired":true,"valueName":"search_term_string"}}],"inLanguage":"fr-FR"},{"@type":"Organization","@id":"https:\/\/rali.fr\/blog-fr\/#organization","name":"RALI","url":"https:\/\/rali.fr\/blog-fr\/","logo":{"@type":"ImageObject","inLanguage":"fr-FR","@id":"https:\/\/rali.fr\/blog-fr\/#\/schema\/logo\/image\/","url":"https:\/\/rali.fr\/blog-fr\/wp-content\/uploads\/2026\/04\/rali_logo_color_FR.gif","contentUrl":"https:\/\/rali.fr\/blog-fr\/wp-content\/uploads\/2026\/04\/rali_logo_color_FR.gif","width":1000,"height":470,"caption":"RALI"},"image":{"@id":"https:\/\/rali.fr\/blog-fr\/#\/schema\/logo\/image\/"},"sameAs":["https:\/\/www.facebook.com\/raliswiss"]}]}},"_links":{"self":[{"href":"https:\/\/rali.fr\/blog-fr\/wp-json\/wp\/v2\/pages\/12470","targetHints":{"allow":["GET"]}}],"collection":[{"href":"https:\/\/rali.fr\/blog-fr\/wp-json\/wp\/v2\/pages"}],"about":[{"href":"https:\/\/rali.fr\/blog-fr\/wp-json\/wp\/v2\/types\/page"}],"author":[{"embeddable":true,"href":"https:\/\/rali.fr\/blog-fr\/wp-json\/wp\/v2\/users\/1"}],"replies":[{"embeddable":true,"href":"https:\/\/rali.fr\/blog-fr\/wp-json\/wp\/v2\/comments?post=12470"}],"version-history":[{"count":14,"href":"https:\/\/rali.fr\/blog-fr\/wp-json\/wp\/v2\/pages\/12470\/revisions"}],"predecessor-version":[{"id":12846,"href":"https:\/\/rali.fr\/blog-fr\/wp-json\/wp\/v2\/pages\/12470\/revisions\/12846"}],"wp:attachment":[{"href":"https:\/\/rali.fr\/blog-fr\/wp-json\/wp\/v2\/media?parent=12470"}],"curies":[{"name":"wp","href":"https:\/\/api.w.org\/{rel}","templated":true}]}}